{"id":6330,"date":"2021-01-18T22:38:52","date_gmt":"2021-01-18T22:38:52","guid":{"rendered":"https:\/\/www.lithuaniancitizenship.com\/company-es\/"},"modified":"2025-09-15T09:20:08","modified_gmt":"2025-09-15T08:20:08","slug":"company-es","status":"publish","type":"page","link":"https:\/\/www.lithuaniancitizenship.com\/es\/company-es\/","title":{"rendered":"Company ES"},"content":{"rendered":"\n<div class=\"gb-element-a80cb9b3\" id=\"hero_section_blue_BG\">\n<div class=\"gb-element-38edd829\">\n<div class=\"gb-element-8093adf8\"><nav aria-label=\"breadcrumbs\" class=\"rank-math-breadcrumb\"><p><span class=\"last\">Home<\/span><\/p><\/nav>\n<\/div>\n\n\n\n<div class=\"gb-element-7b9f172b\">\n<h1 class=\"gb-text gb-text-a9fa4c6c\">Con\u00f3cenos<\/h1>\n\n\n\n<span class=\"gb-text gb-text-008d919d\"><\/span>\n<\/div>\n\n\n\n<p class=\"gb-text gb-text-4a9a6e83\">Sabemos la importancia de contar con alguien de confianza para guiarte en este viaje.<br>Cumplimos nuestras promesas y nuestro progreso habla por s\u00ed mismo<\/p>\n<\/div>\n<\/div>\n\n\n\n<div class=\"gb-element-37476add\">\n<div class=\"gb-element-fc80d114 section_company_page\">\n<div class=\"gb-element-01f51e2a section_company_page_img_col\">\n<img loading=\"lazy\" decoding=\"async\" width=\"500\" height=\"450\" class=\"gb-media-90b014cf company_page_img_angle\" alt=\"\" src=\"https:\/\/www.lithuaniancitizenship.com\/wp-content\/uploads\/2025\/08\/about-us.jpg.webp\" title=\"About-us.jpg\" srcset=\"https:\/\/www.lithuaniancitizenship.com\/wp-content\/uploads\/2025\/08\/about-us.jpg.webp 500w, https:\/\/www.lithuaniancitizenship.com\/wp-content\/uploads\/2025\/08\/about-us.jpg-300x270.webp 300w\" sizes=\"auto, (max-width: 500px) 100vw, 500px\">\n<\/div>\n\n\n\n<div class=\"gb-element-87d112f6 section_company_page_text_col\">\n<div class=\"gb-element-b260b0f3\">\n<h2 class=\"gb-text gb-text-02ee2cea\">Acerca de nosotros<\/h2>\n\n\n\n<p class=\"gb-text gb-text-02188116\">Hemos asistido a m\u00e1s de 1000 clientes de 30 pa\u00edses y 6 continentes. Desde 2013, hemos logrado mantener una tasa de \u00e9xito de m\u00e1s del 99% con respecto a la restauraci\u00f3n de Ciudadan\u00eda Lituana para nuestros clientes en todo el mundo.<br>Nos enorgullecemos de ser expertos en derecho de Ciudadan\u00eda y Migraci\u00f3n. Debido a nuestro amplio enfoque y conocimientos en el \u00e1rea somos capaces de asegurar m\u00e1xima probabilidad de \u00e9xito.<br>Gracias a los a\u00f1os de experiencia nuestros procesos se han optimizado y nos permiten ofrecer precios verdaderamente competitivos.<\/p>\n\n\n\n<div class=\"gb-element-177ceab6\">\n<a class=\"gb-text-583c57ed button_with_icon_hover\" href=\"\/es\/company-es\/about-us-es\/\"><span class=\"gb-text\">Descubre m\u00e1s aqu\u00ed<\/span><span class=\"gb-shape\"><svg aria-hidden=\"true\" role=\"img\" height=\"1em\" width=\"1em\" viewBox=\"0 0 256 512\" xmlns=\"http:\/\/www.w3.org\/2000\/svg\"><path fill=\"currentColor\" d=\"M224.3 273l-136 136c-9.4 9.4-24.6 9.4-33.9 0l-22.6-22.6c-9.4-9.4-9.4-24.6 0-33.9l96.4-96.4-96.4-96.4c-9.4-9.4-9.4-24.6 0-33.9L54.3 103c9.4-9.4 24.6-9.4 33.9 0l136 136c9.5 9.4 9.5 24.6.1 34z\"><\/path><\/svg><\/span><\/a>\n<\/div>\n<\/div>\n<\/div>\n<\/div>\n\n\n\n<div class=\"gb-element-54235f4d section_company_page\">\n<div class=\"gb-element-5aeb02ac section_company_page_img_col\">\n<img loading=\"lazy\" decoding=\"async\" width=\"500\" height=\"450\" class=\"gb-media-214b328c company_page_img_angle\" alt=\"\" src=\"https:\/\/www.lithuaniancitizenship.com\/wp-content\/uploads\/2025\/08\/services.jpg.webp\" title=\"Services.jpg\" srcset=\"https:\/\/www.lithuaniancitizenship.com\/wp-content\/uploads\/2025\/08\/services.jpg.webp 500w, https:\/\/www.lithuaniancitizenship.com\/wp-content\/uploads\/2025\/08\/services.jpg-300x270.webp 300w\" sizes=\"auto, (max-width: 500px) 100vw, 500px\">\n<\/div>\n\n\n\n<div class=\"gb-element-8284485b section_company_page_text_col\">\n<div class=\"gb-element-59d20a13\">\n<h2 class=\"gb-text gb-text-9bf94763\">Servicios<\/h2>\n\n\n\n<p class=\"gb-text gb-text-451ea236\">Nos especializamos en derecho de Ciudadan\u00eda y Migraci\u00f3n, con un enfoque prioritario en el cumplimiento exitoso de la restauraci\u00f3n de la nacionalidad lituana globalmente desde 2013. Tambi\u00e9n brindamos los siguientes servicios, los cuales est\u00e1n estrechamente relacionados con nuestra \u00e1rea de experiencia:<\/p>\n\n\n\n<ul style=\"font-size:18px;font-style:normal;font-weight:500\" class=\"wp-block-list ul_company_page\">\n<li>Registro de hijos nacidos como ciudadanos lituanos<\/li>\n\n\n\n<li>Permisos de residencia<\/li>\n\n\n\n<li>Residencia por inversi\u00f3n<\/li>\n<\/ul>\n\n\n\n<div class=\"gb-element-1b35e21d\">\n<a class=\"gb-text-544508b7 button_with_icon_hover\" href=\"\/es\/company-es\/services-es\/\"><span class=\"gb-text\">Descubre m\u00e1s aqu\u00ed<\/span><span class=\"gb-shape\"><svg aria-hidden=\"true\" role=\"img\" height=\"1em\" width=\"1em\" viewBox=\"0 0 256 512\" xmlns=\"http:\/\/www.w3.org\/2000\/svg\"><path fill=\"currentColor\" d=\"M224.3 273l-136 136c-9.4 9.4-24.6 9.4-33.9 0l-22.6-22.6c-9.4-9.4-9.4-24.6 0-33.9l96.4-96.4-96.4-96.4c-9.4-9.4-9.4-24.6 0-33.9L54.3 103c9.4-9.4 24.6-9.4 33.9 0l136 136c9.5 9.4 9.5 24.6.1 34z\"><\/path><\/svg><\/span><\/a>\n<\/div>\n<\/div>\n<\/div>\n<\/div>\n\n\n\n<div class=\"gb-element-fc4cf068 section_company_page\">\n<div class=\"gb-element-20cc5cd0 section_company_page_img_col\">\n<img loading=\"lazy\" decoding=\"async\" width=\"500\" height=\"450\" class=\"gb-media-bc995c92 company_page_img_angle\" alt=\"\" src=\"https:\/\/www.lithuaniancitizenship.com\/wp-content\/uploads\/2025\/08\/team.jpg.webp\" title=\"Team.jpg\" srcset=\"https:\/\/www.lithuaniancitizenship.com\/wp-content\/uploads\/2025\/08\/team.jpg.webp 500w, https:\/\/www.lithuaniancitizenship.com\/wp-content\/uploads\/2025\/08\/team.jpg-300x270.webp 300w\" sizes=\"auto, (max-width: 500px) 100vw, 500px\">\n<\/div>\n\n\n\n<div class=\"gb-element-590d03f1 section_company_page_text_col\">\n<div class=\"gb-element-e01c521e\">\n<h2 class=\"gb-text gb-text-b9a67d12\">Equipo<\/h2>\n\n\n\n<p class=\"gb-text gb-text-3fdac45c\">Estamos formados por expertos en derecho de Ciudadan\u00eda y Migraci\u00f3n, traductores y equipo de Soporte al Cliente, quienes trabajan en conjunto, para asegurarse de que entregamos el mejor servicio posible. Estamos a favor de la transparencia, la eficacia de la comunicaci\u00f3n y el esfuerzo extra. Ning\u00fan detalle es demasiado peque\u00f1o para nosotros y no existe situaci\u00f3n en la que no prestemos toda nuestra atenci\u00f3n y ayuda.<br>Nuestro equipo ofrece consultor\u00eda en ingl\u00e9s, espa\u00f1ol, portugu\u00e9s y ruso. Estamos ubicados en Vilnius, Lituania, y trabajamos conjuntamente con las autoridades lituanas.<\/p>\n\n\n\n<div class=\"gb-element-5f4b3135\">\n<a class=\"gb-text-806f9b80 button_with_icon_hover\" href=\"\/es\/company-es\/team-es\/\"><span class=\"gb-text\">Descubre m\u00e1s aqu\u00ed<\/span><span class=\"gb-shape\"><svg aria-hidden=\"true\" role=\"img\" height=\"1em\" width=\"1em\" viewBox=\"0 0 256 512\" xmlns=\"http:\/\/www.w3.org\/2000\/svg\"><path fill=\"currentColor\" d=\"M224.3 273l-136 136c-9.4 9.4-24.6 9.4-33.9 0l-22.6-22.6c-9.4-9.4-9.4-24.6 0-33.9l96.4-96.4-96.4-96.4c-9.4-9.4-9.4-24.6 0-33.9L54.3 103c9.4-9.4 24.6-9.4 33.9 0l136 136c9.5 9.4 9.5 24.6.1 34z\"><\/path><\/svg><\/span><\/a>\n<\/div>\n<\/div>\n<\/div>\n<\/div>\n\n\n\n<div class=\"gb-element-5e05ee71 section_company_page\">\n<div class=\"gb-element-adfca242 section_company_page_img_col\">\n<img loading=\"lazy\" decoding=\"async\" width=\"500\" height=\"450\" class=\"gb-media-58b7d8d0 company_page_img_angle\" alt=\"\" src=\"https:\/\/www.lithuaniancitizenship.com\/wp-content\/uploads\/2025\/08\/testimonials-new.jpg.webp\" title=\"Testimonials-New.jpg\" srcset=\"https:\/\/www.lithuaniancitizenship.com\/wp-content\/uploads\/2025\/08\/testimonials-new.jpg.webp 500w, https:\/\/www.lithuaniancitizenship.com\/wp-content\/uploads\/2025\/08\/testimonials-new.jpg-300x270.webp 300w\" sizes=\"auto, (max-width: 500px) 100vw, 500px\">\n<\/div>\n\n\n\n<div class=\"gb-element-dcc33694 section_company_page_text_col\">\n<div class=\"gb-element-87f1c9a5\">\n<h2 class=\"gb-text gb-text-8144ee01\">Testimonios<\/h2>\n\n\n\n<p class=\"gb-text gb-text-552c63ff\">Apreciamos con denuedo las amables palabras de nuestros clientes y valoramos mucho la confianza que han depositado en nosotros.<br>Lo invitamos a unirse a nuestra comunidad global, quienes ya restauraron su nacionalidad lituana, y reclame usted ahora su derecho a los incre\u00edbles beneficios como propietario del pasaporte de la UE.<br>Lea algunas de las historias de \u00e9xito. Nuestros felices clientes lo expresan mejor.<\/p>\n\n\n\n<div class=\"gb-element-7e830990\">\n<a class=\"gb-text-e638f21d button_with_icon_hover\" href=\"\/es\/company-es\/testimonias-es\/\"><span class=\"gb-text\">Descubre m\u00e1s aqu\u00ed<\/span><span class=\"gb-shape\"><svg aria-hidden=\"true\" role=\"img\" height=\"1em\" width=\"1em\" viewBox=\"0 0 256 512\" xmlns=\"http:\/\/www.w3.org\/2000\/svg\"><path fill=\"currentColor\" d=\"M224.3 273l-136 136c-9.4 9.4-24.6 9.4-33.9 0l-22.6-22.6c-9.4-9.4-9.4-24.6 0-33.9l96.4-96.4-96.4-96.4c-9.4-9.4-9.4-24.6 0-33.9L54.3 103c9.4-9.4 24.6-9.4 33.9 0l136 136c9.5 9.4 9.5 24.6.1 34z\"><\/path><\/svg><\/span><\/a>\n<\/div>\n<\/div>\n<\/div>\n<\/div>\n<\/div>\n","protected":false},"excerpt":{"rendered":"<p>Con\u00f3cenos Sabemos la importancia de contar con alguien de confianza para guiarte en este viaje.Cumplimos nuestras promesas y nuestro progreso habla por s\u00ed mismo Acerca de nosotros Hemos asistido a m\u00e1s de 1000 clientes de &#8230; <a title=\"Company ES\" class=\"read-more\" href=\"https:\/\/www.lithuaniancitizenship.com\/es\/company-es\/\" aria-label=\"Leer m\u00e1s sobre Company ES\">Read more<\/a><\/p>\n","protected":false},"author":12,"featured_media":0,"parent":0,"menu_order":0,"comment_status":"closed","ping_status":"closed","template":"","meta":{"footnotes":""},"class_list":{"0":"post-6330","1":"page","2":"type-page","3":"status-publish","5":"no-featured-image-padding"},"_links":{"self":[{"href":"https:\/\/www.lithuaniancitizenship.com\/es\/wp-json\/wp\/v2\/pages\/6330","targetHints":{"allow":["GET"]}}],"collection":[{"href":"https:\/\/www.lithuaniancitizenship.com\/es\/wp-json\/wp\/v2\/pages"}],"about":[{"href":"https:\/\/www.lithuaniancitizenship.com\/es\/wp-json\/wp\/v2\/types\/page"}],"author":[{"embeddable":true,"href":"https:\/\/www.lithuaniancitizenship.com\/es\/wp-json\/wp\/v2\/users\/12"}],"replies":[{"embeddable":true,"href":"https:\/\/www.lithuaniancitizenship.com\/es\/wp-json\/wp\/v2\/comments?post=6330"}],"version-history":[{"count":6,"href":"https:\/\/www.lithuaniancitizenship.com\/es\/wp-json\/wp\/v2\/pages\/6330\/revisions"}],"predecessor-version":[{"id":66964,"href":"https:\/\/www.lithuaniancitizenship.com\/es\/wp-json\/wp\/v2\/pages\/6330\/revisions\/66964"}],"wp:attachment":[{"href":"https:\/\/www.lithuaniancitizenship.com\/es\/wp-json\/wp\/v2\/media?parent=6330"}],"curies":[{"name":"wp","href":"https:\/\/api.w.org\/{rel}","templated":true}]}}