{"id":6348,"date":"2021-01-18T22:45:39","date_gmt":"2021-01-18T22:45:39","guid":{"rendered":"https:\/\/www.lithuaniancitizenship.com\/company-es\/team-es\/"},"modified":"2025-09-15T18:18:07","modified_gmt":"2025-09-15T17:18:07","slug":"team-es","status":"publish","type":"page","link":"https:\/\/www.lithuaniancitizenship.com\/es\/company-es\/team-es\/","title":{"rendered":"Equipo"},"content":{"rendered":"\n<div class=\"gb-element-a80cb9b3\" id=\"hero_section_blue_BG\">\n<div class=\"gb-element-38edd829\">\n<div class=\"gb-element-8093adf8\"><nav aria-label=\"breadcrumbs\" class=\"rank-math-breadcrumb\"><p><span class=\"last\">Home<\/span><\/p><\/nav>\n<\/div>\n\n\n\n<div class=\"gb-element-7b9f172b\">\n<h1 class=\"gb-text gb-text-a9fa4c6c\">Conoce a nuestro equipo<\/h1>\n\n\n\n<span class=\"gb-text gb-text-008d919d\"><\/span>\n<\/div>\n\n\n\n<p class=\"gb-text gb-text-4a9a6e83\">Nuestro equipo est\u00e1 conformado por expertos en derecho de Ciudadan\u00eda y<br>Migraci\u00f3n, traductores y el equipo de Soporte al Cliente, el cual est\u00e1 altamente comprometido con el \u00e9xito de nuestros clientes.<br>\u00a1Conozcan al equipo de la primera l\u00ednea!<\/p>\n<\/div>\n<\/div>\n\n\n\n<div id=\"our_team_section\">\n<div class=\"gb-element-5dbc41e5\">\n<div class=\"gb-element-4abc44d6 our_team_wrap\">\n<div class=\"gb-element-0b8a46a9 our_team_Item\">\n<img loading=\"lazy\" decoding=\"async\" width=\"400\" height=\"400\" class=\"gb-media-71c42825\" alt=\"\" src=\"https:\/\/www.lithuaniancitizenship.com\/wp-content\/uploads\/2025\/09\/jonas.jpg.webp\" title=\"Jonas.jpg\" srcset=\"https:\/\/www.lithuaniancitizenship.com\/wp-content\/uploads\/2025\/09\/jonas.jpg.webp 400w, https:\/\/www.lithuaniancitizenship.com\/wp-content\/uploads\/2025\/09\/jonas.jpg-300x300.webp 300w, https:\/\/www.lithuaniancitizenship.com\/wp-content\/uploads\/2025\/09\/jonas.jpg-150x150.webp 150w, https:\/\/www.lithuaniancitizenship.com\/wp-content\/uploads\/2025\/09\/jonas.jpg-120x120.webp 120w\" sizes=\"auto, (max-width: 400px) 100vw, 400px\">\n\n\n\n<h2 class=\"gb-text gb-text-a2c8ab77\">Jonas Damulis<\/h2>\n\n\n\n<p class=\"gb-text gb-text-cd7de624\">Director General<\/p>\n\n\n\n<div class=\"gb-element-0e6c74d2\">\n<p class=\"gb-text gb-text-e7b0b3b4\">M\u00e1s de 14 a\u00f1os de experiencia<\/p>\n\n\n\n<p class=\"gb-text gb-text-69a0f12d\">como Asesor de Gesti\u00f3n, Empresario,<\/p>\n\n\n\n<p class=\"gb-text gb-text-3eb16af2\">Maestr\u00eda en Administraci\u00f3n de Empresas<\/p>\n\n\n\n<p class=\"gb-text gb-text-5130c1a5\">(London Business School)<\/p>\n<\/div>\n<\/div>\n\n\n\n<div class=\"gb-element-0cd706d2 our_team_Item\">\n<img loading=\"lazy\" decoding=\"async\" width=\"400\" height=\"400\" class=\"gb-media-55f8c78f\" alt=\"\" src=\"https:\/\/www.lithuaniancitizenship.com\/wp-content\/uploads\/2025\/09\/gintare.jpg.webp\" title=\"Gintare.jpg\" srcset=\"https:\/\/www.lithuaniancitizenship.com\/wp-content\/uploads\/2025\/09\/gintare.jpg.webp 400w, https:\/\/www.lithuaniancitizenship.com\/wp-content\/uploads\/2025\/09\/gintare.jpg-300x300.webp 300w, https:\/\/www.lithuaniancitizenship.com\/wp-content\/uploads\/2025\/09\/gintare.jpg-150x150.webp 150w, https:\/\/www.lithuaniancitizenship.com\/wp-content\/uploads\/2025\/09\/gintare.jpg-120x120.webp 120w\" sizes=\"auto, (max-width: 400px) 100vw, 400px\">\n\n\n\n<h2 class=\"gb-text gb-text-eb27c8ca\">Gintare Izokaityte<\/h2>\n\n\n\n<p class=\"gb-text gb-text-24a8e6a5\">Abogada<\/p>\n\n\n\n<div class=\"gb-element-206afb1d\">\n<p class=\"gb-text gb-text-ad36d6db\">M\u00e1s de 13 a\u00f1os de experiencia<\/p>\n\n\n\n<p class=\"gb-text gb-text-e8fc8c4c\">Abogada<\/p>\n\n\n\n<p class=\"gb-text gb-text-57f9d9b5\">Maestr\u00eda en Derecho<\/p>\n\n\n\n<p class=\"gb-text gb-text-1853fa2d\">(Vilnius University)<\/p>\n<\/div>\n<\/div>\n\n\n\n<div class=\"gb-element-40f16890 our_team_Item\">\n<img loading=\"lazy\" decoding=\"async\" width=\"400\" height=\"400\" class=\"gb-media-b878144e\" alt=\"\" src=\"https:\/\/www.lithuaniancitizenship.com\/wp-content\/uploads\/2025\/09\/viktor-new.jpg.webp\" title=\"Viktor-NEW.jpg\" srcset=\"https:\/\/www.lithuaniancitizenship.com\/wp-content\/uploads\/2025\/09\/viktor-new.jpg.webp 400w, https:\/\/www.lithuaniancitizenship.com\/wp-content\/uploads\/2025\/09\/viktor-new.jpg-300x300.webp 300w, https:\/\/www.lithuaniancitizenship.com\/wp-content\/uploads\/2025\/09\/viktor-new.jpg-150x150.webp 150w, https:\/\/www.lithuaniancitizenship.com\/wp-content\/uploads\/2025\/09\/viktor-new.jpg-120x120.webp 120w\" sizes=\"auto, (max-width: 400px) 100vw, 400px\">\n\n\n\n<h2 class=\"gb-text gb-text-cbfa2380\">Victor Terekhov<\/h2>\n\n\n\n<p class=\"gb-text gb-text-8c81dfc0\">Abogada<\/p>\n\n\n\n<div class=\"gb-element-8fb20513\">\n<p class=\"gb-text gb-text-f7d69443\">M\u00e1s de 5 a\u00f1os de experiencia<\/p>\n\n\n\n<p class=\"gb-text gb-text-9b493016\">Abogada, Docente<\/p>\n\n\n\n<p class=\"gb-text gb-text-c4262322\">Doctor en Derecho (Doctorado)<\/p>\n\n\n\n<p class=\"gb-text gb-text-60424e99\">(Vilnius University)<\/p>\n<\/div>\n<\/div>\n<\/div>\n\n\n\n<div class=\"gb-element-a3b60028 our_team_wrap\">\n<div class=\"gb-element-a2716c7d our_team_Item\">\n<img loading=\"lazy\" decoding=\"async\" width=\"400\" height=\"400\" class=\"gb-media-f514180b\" alt=\"\" src=\"https:\/\/www.lithuaniancitizenship.com\/wp-content\/uploads\/2025\/09\/rokas.jpg.webp\" title=\"Rokas.jpg\" srcset=\"https:\/\/www.lithuaniancitizenship.com\/wp-content\/uploads\/2025\/09\/rokas.jpg.webp 400w, https:\/\/www.lithuaniancitizenship.com\/wp-content\/uploads\/2025\/09\/rokas.jpg-300x300.webp 300w, https:\/\/www.lithuaniancitizenship.com\/wp-content\/uploads\/2025\/09\/rokas.jpg-150x150.webp 150w, https:\/\/www.lithuaniancitizenship.com\/wp-content\/uploads\/2025\/09\/rokas.jpg-120x120.webp 120w\" sizes=\"auto, (max-width: 400px) 100vw, 400px\">\n\n\n\n<h2 class=\"gb-text gb-text-c7eda342\">Rokas Leonavicius<\/h2>\n\n\n\n<p class=\"gb-text gb-text-15bf4c3e\">Abogad<\/p>\n\n\n\n<div class=\"gb-element-c574734d\">\n<p class=\"gb-text gb-text-d1b9029f\">3 a\u00f1os de experiencia<\/p>\n\n\n\n<p class=\"gb-text gb-text-6c5bd2fd\">Abogad<\/p>\n\n\n\n<p class=\"gb-text gb-text-6ead6f35\">Maestr\u00eda en Derecho<\/p>\n\n\n\n<p class=\"gb-text gb-text-992cc20a\">(Vilnius University)<\/p>\n<\/div>\n<\/div>\n\n\n\n<div class=\"gb-element-32d7f75a our_team_Item\">\n<img loading=\"lazy\" decoding=\"async\" width=\"400\" height=\"400\" class=\"gb-media-c98fda22\" alt=\"\" src=\"https:\/\/www.lithuaniancitizenship.com\/wp-content\/uploads\/2025\/09\/sheila-new.jpg.webp\" title=\"Sheila-new.jpg\" srcset=\"https:\/\/www.lithuaniancitizenship.com\/wp-content\/uploads\/2025\/09\/sheila-new.jpg.webp 400w, https:\/\/www.lithuaniancitizenship.com\/wp-content\/uploads\/2025\/09\/sheila-new.jpg-300x300.webp 300w, https:\/\/www.lithuaniancitizenship.com\/wp-content\/uploads\/2025\/09\/sheila-new.jpg-150x150.webp 150w, https:\/\/www.lithuaniancitizenship.com\/wp-content\/uploads\/2025\/09\/sheila-new.jpg-120x120.webp 120w\" sizes=\"auto, (max-width: 400px) 100vw, 400px\">\n\n\n\n<h2 class=\"gb-text gb-text-db20e7ac\">Sheila Bartin<\/h2>\n\n\n\n<p class=\"gb-text gb-text-05c16e7c\">Especialista en Atenci\u00f3n al Cliente<\/p>\n\n\n\n<div class=\"gb-element-ec949bf7\">\n<p class=\"gb-text gb-text-f039ba6a\">15 a\u00f1os de experiencia<\/p>\n\n\n\n<p class=\"gb-text gb-text-48e52c31\">Soporte al Cliente, Control de Calidad<\/p>\n\n\n\n<p class=\"gb-text gb-text-0afdd755\">Licenciatura de Artes en Psicolog\u00eda<\/p>\n<\/div>\n<\/div>\n\n\n\n<div class=\"gb-element-8a400562 our_team_Item\">\n<img loading=\"lazy\" decoding=\"async\" width=\"1080\" height=\"1080\" class=\"gb-media-e43840e8\" alt=\"\" src=\"https:\/\/www.lithuaniancitizenship.com\/wp-content\/uploads\/2025\/09\/photo_2_3.jpg.webp\" title=\"photo_2_3.jpg\" srcset=\"https:\/\/www.lithuaniancitizenship.com\/wp-content\/uploads\/2025\/09\/photo_2_3.jpg.webp 1080w, https:\/\/www.lithuaniancitizenship.com\/wp-content\/uploads\/2025\/09\/photo_2_3.jpg-300x300.webp 300w, https:\/\/www.lithuaniancitizenship.com\/wp-content\/uploads\/2025\/09\/photo_2_3.jpg-1024x1024.webp 1024w, https:\/\/www.lithuaniancitizenship.com\/wp-content\/uploads\/2025\/09\/photo_2_3.jpg-150x150.webp 150w, https:\/\/www.lithuaniancitizenship.com\/wp-content\/uploads\/2025\/09\/photo_2_3.jpg-768x768.webp 768w, https:\/\/www.lithuaniancitizenship.com\/wp-content\/uploads\/2025\/09\/photo_2_3.jpg-120x120.webp 120w\" sizes=\"auto, (max-width: 1080px) 100vw, 1080px\">\n\n\n\n<h2 class=\"gb-text gb-text-bdf689b7\">Oleksandr Mostovyi<\/h2>\n\n\n\n<p class=\"gb-text gb-text-44d92a05\">Especialista en Atenci\u00f3n al Cliente<\/p>\n\n\n\n<div class=\"gb-element-d5a2f7c0\">\n<p class=\"gb-text gb-text-cd526695\">15+ a\u00f1os de experiencia<\/p>\n\n\n\n<p class=\"gb-text gb-text-5f2f4839\">Administraci\u00f3n de Cuentas, Soluci\u00f3n al Cliente<\/p>\n\n\n\n<p class=\"gb-text gb-text-b78d87ee\">Licenciatura de Marketing<\/p>\n<\/div>\n<\/div>\n<\/div>\n\n\n\n<div class=\"gb-element-d2e2f28b our_team_wrap\">\n<div class=\"gb-element-1f76e734 our_team_Item\">\n<img loading=\"lazy\" decoding=\"async\" width=\"2560\" height=\"2560\" class=\"gb-media-8c56845b\" alt=\"\" src=\"https:\/\/www.lithuaniancitizenship.com\/wp-content\/uploads\/2025\/09\/egle-zavadskaite-2-scaled.jpg.webp\" title=\"egle-zavadskaite-2-scaled.jpg\" srcset=\"https:\/\/www.lithuaniancitizenship.com\/wp-content\/uploads\/2025\/09\/egle-zavadskaite-2-scaled.jpg.webp 2560w, https:\/\/www.lithuaniancitizenship.com\/wp-content\/uploads\/2025\/09\/egle-zavadskaite-2-scaled.jpg-300x300.webp 300w, https:\/\/www.lithuaniancitizenship.com\/wp-content\/uploads\/2025\/09\/egle-zavadskaite-2-scaled.jpg-1024x1024.webp 1024w, https:\/\/www.lithuaniancitizenship.com\/wp-content\/uploads\/2025\/09\/egle-zavadskaite-2-scaled.jpg-150x150.webp 150w, https:\/\/www.lithuaniancitizenship.com\/wp-content\/uploads\/2025\/09\/egle-zavadskaite-2-scaled.jpg-768x768.webp 768w, https:\/\/www.lithuaniancitizenship.com\/wp-content\/uploads\/2025\/09\/egle-zavadskaite-2-scaled.jpg-120x120.webp 120w, https:\/\/www.lithuaniancitizenship.com\/wp-content\/uploads\/2025\/09\/egle-zavadskaite-2-scaled.jpg-1536x1536.webp 1536w, https:\/\/www.lithuaniancitizenship.com\/wp-content\/uploads\/2025\/09\/egle-zavadskaite-2-scaled.jpg-2048x2048.webp 2048w\" sizes=\"auto, (max-width: 2560px) 100vw, 2560px\">\n\n\n\n<h2 class=\"gb-text gb-text-ce076fed\">Egle Zavadskaite<\/h2>\n\n\n\n<p class=\"gb-text gb-text-d1db09a6\">Especialista en Atenci\u00f3n al Cliente<\/p>\n\n\n\n<div class=\"gb-element-92b9c365\">\n<p class=\"gb-text gb-text-32d6dd85\">4+ a\u00f1os de experiencia<\/p>\n\n\n\n<p class=\"gb-text gb-text-bad08476\">Soporte al Cliente, Traducciones<\/p>\n\n\n\n<p class=\"gb-text gb-text-80e95349\">Licenciatura en Historia, Minor en Derecho<\/p>\n<\/div>\n<\/div>\n\n\n\n<div class=\"gb-element-a1ec84ed our_team_Item\">\n<img loading=\"lazy\" decoding=\"async\" width=\"768\" height=\"768\" class=\"gb-media-b033c6bf\" alt=\"\" src=\"https:\/\/www.lithuaniancitizenship.com\/wp-content\/uploads\/2025\/09\/olehdymovski_6_1.webp\" title=\"olehdymovski_6_1\" srcset=\"https:\/\/www.lithuaniancitizenship.com\/wp-content\/uploads\/2025\/09\/olehdymovski_6_1.webp 768w, https:\/\/www.lithuaniancitizenship.com\/wp-content\/uploads\/2025\/09\/olehdymovski_6_1-300x300.webp 300w, https:\/\/www.lithuaniancitizenship.com\/wp-content\/uploads\/2025\/09\/olehdymovski_6_1-150x150.webp 150w, https:\/\/www.lithuaniancitizenship.com\/wp-content\/uploads\/2025\/09\/olehdymovski_6_1-120x120.webp 120w\" sizes=\"auto, (max-width: 768px) 100vw, 768px\">\n\n\n\n<h2 class=\"gb-text gb-text-64ae2588\">Oleh Dymovski<\/h2>\n\n\n\n<p class=\"gb-text gb-text-6ee61383\">Especialista en Atenci\u00f3n al Cliente<\/p>\n\n\n\n<div class=\"gb-element-017884e2\">\n<p class=\"gb-text gb-text-83ed4876\">M\u00e1s de 10 a\u00f1os de experiencia<\/p>\n\n\n\n<p class=\"gb-text gb-text-a6143b80\">Gesti\u00f3n de clientes y desarrollo empresarial<\/p>\n\n\n\n<p class=\"gb-text gb-text-165749fe\">M\u00e1ster en Derecho, M\u00e1ster en Pol\u00edtica Exterior y Relaciones Internacionales<\/p>\n<\/div>\n<\/div>\n\n\n\n<div class=\"gb-element-89a8393b our_team_Item\"><\/div>\n<\/div>\n<\/div>\n<\/div>\n\n\n\n<div class=\"gb-element-366131c1 cta_section\">\n<div class=\"gb-element-35dc2db9\">\n<p class=\"gb-text gb-text-e4540d9a cta_section_Text\">Cumplimos nuestras promesas y nuestro progreso habla por s\u00ed mismo.<br>Estamos muy agradecidos por la confianza que nuestros clientes han depositado en nosotros<\/p>\n\n\n\n<div class=\"gb-element-8ce49e2e\">\n<a class=\"gb-text-6441c124 button_with_icon_hover contact_us_today\" href=\"\/es\/company-es\/testimonias-es\/\"><span class=\"gb-text\">Qu\u00e9 dice el cliente<\/span><span class=\"gb-shape\"><svg aria-hidden=\"true\" role=\"img\" height=\"1em\" width=\"1em\" viewBox=\"0 0 256 512\" xmlns=\"http:\/\/www.w3.org\/2000\/svg\"><path fill=\"currentColor\" d=\"M224.3 273l-136 136c-9.4 9.4-24.6 9.4-33.9 0l-22.6-22.6c-9.4-9.4-9.4-24.6 0-33.9l96.4-96.4-96.4-96.4c-9.4-9.4-9.4-24.6 0-33.9L54.3 103c9.4-9.4 24.6-9.4 33.9 0l136 136c9.5 9.4 9.5 24.6.1 34z\"><\/path><\/svg><\/span><\/a>\n<\/div>\n<\/div>\n<\/div>\n","protected":false},"excerpt":{"rendered":"<p>Conoce a nuestro equipo Nuestro equipo est\u00e1 conformado por expertos en derecho de Ciudadan\u00eda yMigraci\u00f3n, traductores y el equipo de Soporte al Cliente, el cual est\u00e1 altamente comprometido con el \u00e9xito de nuestros clientes.\u00a1Conozcan al &#8230; <a title=\"Equipo\" class=\"read-more\" href=\"https:\/\/www.lithuaniancitizenship.com\/es\/company-es\/team-es\/\" aria-label=\"Leer m\u00e1s sobre Equipo\">Read more<\/a><\/p>\n","protected":false},"author":12,"featured_media":0,"parent":6330,"menu_order":0,"comment_status":"closed","ping_status":"closed","template":"","meta":{"footnotes":""},"class_list":{"0":"post-6348","1":"page","2":"type-page","3":"status-publish","5":"no-featured-image-padding"},"_links":{"self":[{"href":"https:\/\/www.lithuaniancitizenship.com\/es\/wp-json\/wp\/v2\/pages\/6348","targetHints":{"allow":["GET"]}}],"collection":[{"href":"https:\/\/www.lithuaniancitizenship.com\/es\/wp-json\/wp\/v2\/pages"}],"about":[{"href":"https:\/\/www.lithuaniancitizenship.com\/es\/wp-json\/wp\/v2\/types\/page"}],"author":[{"embeddable":true,"href":"https:\/\/www.lithuaniancitizenship.com\/es\/wp-json\/wp\/v2\/users\/12"}],"replies":[{"embeddable":true,"href":"https:\/\/www.lithuaniancitizenship.com\/es\/wp-json\/wp\/v2\/comments?post=6348"}],"version-history":[{"count":9,"href":"https:\/\/www.lithuaniancitizenship.com\/es\/wp-json\/wp\/v2\/pages\/6348\/revisions"}],"predecessor-version":[{"id":67054,"href":"https:\/\/www.lithuaniancitizenship.com\/es\/wp-json\/wp\/v2\/pages\/6348\/revisions\/67054"}],"up":[{"embeddable":true,"href":"https:\/\/www.lithuaniancitizenship.com\/es\/wp-json\/wp\/v2\/pages\/6330"}],"wp:attachment":[{"href":"https:\/\/www.lithuaniancitizenship.com\/es\/wp-json\/wp\/v2\/media?parent=6348"}],"curies":[{"name":"wp","href":"https:\/\/api.w.org\/{rel}","templated":true}]}}