{"id":6392,"date":"2021-01-19T10:46:11","date_gmt":"2021-01-19T10:46:11","guid":{"rendered":"https:\/\/www.lithuaniancitizenship.com\/company-es\/services-es\/"},"modified":"2025-09-15T11:40:12","modified_gmt":"2025-09-15T10:40:12","slug":"services-es","status":"publish","type":"page","link":"https:\/\/www.lithuaniancitizenship.com\/es\/company-es\/services-es\/","title":{"rendered":"Servicios"},"content":{"rendered":"\n<div class=\"gb-element-a80cb9b3\" id=\"hero_section_blue_BG\">\n<div class=\"gb-element-38edd829\">\n<div class=\"gb-element-8093adf8\"><nav aria-label=\"breadcrumbs\" class=\"rank-math-breadcrumb\"><p><span class=\"last\">Home<\/span><\/p><\/nav>\n<\/div>\n\n\n\n<div class=\"gb-element-7b9f172b\">\n<h1 class=\"gb-text gb-text-a9fa4c6c\">Nuestros servicios<\/h1>\n\n\n\n<span class=\"gb-text gb-text-008d919d\"><\/span>\n<\/div>\n\n\n\n<p class=\"gb-text gb-text-4a9a6e83\">Nos especializamos en derecho de Ciudadan\u00eda y Migraci\u00f3n, manteniendo un enfoque<br>permanente sobre el \u00e9xito de la restauraci\u00f3n de la nacionalidad lituana a lo largo del mundo desde 2013<\/p>\n<\/div>\n<\/div>\n\n\n\n<div>\n<div class=\"gb-element-3923139e\">\n<div class=\"gb-element-371ce998\">\n<div class=\"gb-element-35dc2db9 services_page_Item\">\n<img loading=\"lazy\" decoding=\"async\" width=\"108\" height=\"108\" class=\"gb-media-7a3540c7\" alt=\"\" src=\"https:\/\/www.lithuaniancitizenship.com\/wp-content\/uploads\/2025\/07\/icon_passport.png.webp\" title=\"icon_passport.png\">\n\n\n\n<h2 class=\"gb-text gb-text-e7dd79ba\">Restablecimiento de la nacionalidad lituana<\/h2>\n\n\n\n<p class=\"gb-text gb-text-e4540d9a\">Desde el a\u00f1o 2013, hemos asistido a m\u00e1s de 400 clientes de 25 pa\u00edses y 6 continentes con una tasa de \u00e9xito de m\u00e1s del 99%. Estamos orgullosos de atender a clientes de todo el mundo, incluyendo nuestros mayores mercados: EE.UU., Canad\u00e1, Australia, Brasil, Israel y Sud\u00e1frica.<\/p>\n\n\n\n<p class=\"gb-text gb-text-364f1866\">Nuestro equipo est\u00e1 conformado por expertos en leyes de Ciudadan\u00eda y Migraci\u00f3n, traductores y equipo de Soporte al Cliente, quienes estar\u00e1n all\u00ed para guiarle y apoyarle en cada paso del recorrido.<\/p>\n\n\n\n<p class=\"gb-text gb-text-0d56dd0c\">Realizamos consultas en ingl\u00e9s, espa\u00f1ol, portugu\u00e9s y ruso. La oficina principal de nuestro equipo se encuentra en Vilnius, Lituania.<\/p>\n\n\n\n<div class=\"gb-element-8ce49e2e\">\n<a class=\"gb-text-6441c124 button_with_icon_hover\" href=\"\/es\/eligibility-es\/\"><span class=\"gb-text\">Lee m\u00e1s<\/span><span class=\"gb-shape\"><svg aria-hidden=\"true\" role=\"img\" height=\"1em\" width=\"1em\" viewBox=\"0 0 256 512\" xmlns=\"http:\/\/www.w3.org\/2000\/svg\"><path fill=\"currentColor\" d=\"M224.3 273l-136 136c-9.4 9.4-24.6 9.4-33.9 0l-22.6-22.6c-9.4-9.4-9.4-24.6 0-33.9l96.4-96.4-96.4-96.4c-9.4-9.4-9.4-24.6 0-33.9L54.3 103c9.4-9.4 24.6-9.4 33.9 0l136 136c9.5 9.4 9.5 24.6.1 34z\"><\/path><\/svg><\/span><\/a>\n<\/div>\n<\/div>\n\n\n\n<div class=\"gb-element-30dd7159 services_page_Item\">\n<img loading=\"lazy\" decoding=\"async\" width=\"96\" height=\"96\" class=\"gb-media-9cbfdd4a\" alt=\"granted\" src=\"https:\/\/www.lithuaniancitizenship.com\/wp-content\/uploads\/2020\/12\/granted.png\" title=\"granted\"\/>\n\n\n\n<h2 class=\"gb-text gb-text-b1ef3b19\">Registro de ni\u00f1os nacidos como ciudadanos de LT<\/h2>\n\n\n\n<p class=\"gb-text gb-text-de6bb51e\">Los ni\u00f1os nacidos de ciudadanos lituanos adquieren autom\u00e1ticamente la ciudadan\u00eda lituana. Sin embargo, tienen que ser registrados en Lituania para poder obtener un pasaporte lituano.<\/p>\n\n\n\n<p class=\"gb-text gb-text-7ae4fdcc\">Le instruiremos en las formalidades legales pertinentes y nos encargaremos del proceso de registro por usted.<\/p>\n<\/div>\n<\/div>\n\n\n\n<div class=\"gb-element-1b6a9892\">\n<div class=\"gb-element-279b23c3 services_page_Item\">\n<img loading=\"lazy\" decoding=\"async\" width=\"108\" height=\"108\" class=\"gb-media-94f6f534\" alt=\"\" src=\"https:\/\/www.lithuaniancitizenship.com\/wp-content\/uploads\/2025\/07\/icon_document.png.webp\" title=\"icon_document.png\">\n\n\n\n<h2 class=\"gb-text gb-text-b3cb48fd\">Permisos de residencia<\/h2>\n\n\n\n<p class=\"gb-text gb-text-fcbc639a\">Los permisos de residencia en Lituania pueden concederse sobre la base de estudios, trabajo y negocios. O tambi\u00e9n para los miembros de la familia de un ciudadano lituano.<\/p>\n\n\n\n<p class=\"gb-text gb-text-94b97690\">En caso de que usted y su familia decidan trasladarse a Lituania, le ayudaremos a obtener los permisos de residencia.<\/p>\n<\/div>\n\n\n\n<div class=\"gb-element-be00a5f0 services_page_Item\">\n<img loading=\"lazy\" decoding=\"async\" width=\"96\" height=\"96\" class=\"gb-media-ed8f70b5\" alt=\"Why restore\" src=\"https:\/\/www.lithuaniancitizenship.com\/wp-content\/uploads\/2020\/12\/Why-restore.png\" title=\"Why restore\"\/>\n\n\n\n<h2 class=\"gb-text gb-text-e3ecade2\">Residencia por inversi\u00f3n<\/h2>\n\n\n\n<p class=\"gb-text gb-text-f6b3327a\">Invertir es una de las formas m\u00e1s f\u00e1ciles de obtener un visado Schengen o la residencia en Lituania.<\/p>\n\n\n\n<p class=\"gb-text gb-text-7309bcd6\">\u00a1Lituania se encuentra en el 11\u00ba lugar entre las 190 econom\u00edas mundiales con mayores facilidades para hacer negocios, seg\u00fan las \u00faltimas clasificaciones anuales del Banco Mundial!<\/p>\n\n\n\n<p class=\"gb-text gb-text-cae69e79\">Lituania s\u00f3lo exige un impuesto del 5-15% sobre los beneficios y se ofrece como una puerta de entrada al mercado de la Uni\u00f3n Europea.<\/p>\n\n\n\n<p class=\"gb-text gb-text-7d48cddd\">Se puede obtener un permiso de residencia por medio de inversiones a partir de s\u00f3lo 14.000 euros.<\/p>\n\n\n\n<p class=\"gb-text gb-text-536612ef\">Proporcionamos soluciones \u201cllave en mano\u201d en la asistencia tanto \u2013 a individuos que buscan permisos de residencia \u2013 como a las empresas que planean establecer su sucursal en Lituania.<\/p>\n<\/div>\n<\/div>\n<\/div>\n<\/div>\n\n\n\n<div class=\"gb-element-188281f7 cta_section\">\n<div class=\"gb-element-3050db38\">\n<p class=\"gb-text gb-text-ca84314f cta_section_Text\">Recuerde, toda pregunta o duda es importante \u2013 \u00a1pregunte!<br>Nuestro equipo aguarda por usted para asistirle. Env\u00edenos un mensaje<\/p>\n\n\n\n<div class=\"gb-element-0764c709\">\n<a class=\"gb-text-56473744 button_with_icon_hover contact_us_today\" href=\"\/es\/contact-es\/\"><span class=\"gb-text\">Cont\u00e1ctenos hoy<\/span><span class=\"gb-shape\"><svg aria-hidden=\"true\" role=\"img\" height=\"1em\" width=\"1em\" viewBox=\"0 0 256 512\" xmlns=\"http:\/\/www.w3.org\/2000\/svg\"><path fill=\"currentColor\" d=\"M224.3 273l-136 136c-9.4 9.4-24.6 9.4-33.9 0l-22.6-22.6c-9.4-9.4-9.4-24.6 0-33.9l96.4-96.4-96.4-96.4c-9.4-9.4-9.4-24.6 0-33.9L54.3 103c9.4-9.4 24.6-9.4 33.9 0l136 136c9.5 9.4 9.5 24.6.1 34z\"><\/path><\/svg><\/span><\/a>\n<\/div>\n<\/div>\n<\/div>\n","protected":false},"excerpt":{"rendered":"<p>Nuestros servicios Nos especializamos en derecho de Ciudadan\u00eda y Migraci\u00f3n, manteniendo un enfoquepermanente sobre el \u00e9xito de la restauraci\u00f3n de la nacionalidad lituana a lo largo del mundo desde 2013 Restablecimiento de la nacionalidad lituana &#8230; <a title=\"Servicios\" class=\"read-more\" href=\"https:\/\/www.lithuaniancitizenship.com\/es\/company-es\/services-es\/\" aria-label=\"Leer m\u00e1s sobre Servicios\">Read more<\/a><\/p>\n","protected":false},"author":12,"featured_media":0,"parent":6330,"menu_order":0,"comment_status":"closed","ping_status":"closed","template":"","meta":{"footnotes":""},"class_list":{"0":"post-6392","1":"page","2":"type-page","3":"status-publish","5":"no-featured-image-padding"},"_links":{"self":[{"href":"https:\/\/www.lithuaniancitizenship.com\/es\/wp-json\/wp\/v2\/pages\/6392","targetHints":{"allow":["GET"]}}],"collection":[{"href":"https:\/\/www.lithuaniancitizenship.com\/es\/wp-json\/wp\/v2\/pages"}],"about":[{"href":"https:\/\/www.lithuaniancitizenship.com\/es\/wp-json\/wp\/v2\/types\/page"}],"author":[{"embeddable":true,"href":"https:\/\/www.lithuaniancitizenship.com\/es\/wp-json\/wp\/v2\/users\/12"}],"replies":[{"embeddable":true,"href":"https:\/\/www.lithuaniancitizenship.com\/es\/wp-json\/wp\/v2\/comments?post=6392"}],"version-history":[{"count":6,"href":"https:\/\/www.lithuaniancitizenship.com\/es\/wp-json\/wp\/v2\/pages\/6392\/revisions"}],"predecessor-version":[{"id":66986,"href":"https:\/\/www.lithuaniancitizenship.com\/es\/wp-json\/wp\/v2\/pages\/6392\/revisions\/66986"}],"up":[{"embeddable":true,"href":"https:\/\/www.lithuaniancitizenship.com\/es\/wp-json\/wp\/v2\/pages\/6330"}],"wp:attachment":[{"href":"https:\/\/www.lithuaniancitizenship.com\/es\/wp-json\/wp\/v2\/media?parent=6392"}],"curies":[{"name":"wp","href":"https:\/\/api.w.org\/{rel}","templated":true}]}}