{"id":6404,"date":"2021-01-19T11:05:50","date_gmt":"2021-01-19T11:05:50","guid":{"rendered":"https:\/\/www.lithuaniancitizenship.com\/company-es\/about-us-es\/"},"modified":"2025-09-15T13:08:33","modified_gmt":"2025-09-15T12:08:33","slug":"about-us-es","status":"publish","type":"page","link":"https:\/\/www.lithuaniancitizenship.com\/es\/company-es\/about-us-es\/","title":{"rendered":"Acerca de nosotros"},"content":{"rendered":"\n<div class=\"gb-element-a80cb9b3\" id=\"hero_section_blue_BG\">\n<div class=\"gb-element-38edd829\">\n<div class=\"gb-element-8093adf8\"><nav aria-label=\"breadcrumbs\" class=\"rank-math-breadcrumb\"><p><span class=\"last\">Home<\/span><\/p><\/nav>\n<\/div>\n\n\n\n<div class=\"gb-element-7b9f172b\">\n<h1 class=\"gb-text gb-text-a9fa4c6c\">Acerca de nosotros<\/h1>\n\n\n\n<span class=\"gb-text gb-text-008d919d\"><\/span>\n<\/div>\n\n\n\n<p class=\"gb-text gb-text-4a9a6e83\">10 a\u00f1os de experiencia. 99% de \u00e9xito en cada servicio.<br>Expertos en Ley de Ciudadan\u00eda. M\u00e1s de 1000 clientes de 30 pa\u00edses<\/p>\n<\/div>\n<\/div>\n\n\n\n<div class=\"gb-element-293b9562 section_About_us_page\">\n<div class=\"gb-element-6c65d89e\">\n<div class=\"gb-element-06ecdcde\">\n<img loading=\"lazy\" decoding=\"async\" width=\"296\" height=\"251\" class=\"gb-media-d18925b2\" alt=\"\" src=\"https:\/\/www.lithuaniancitizenship.com\/wp-content\/uploads\/2025\/07\/icon_1_es.png\" title=\"icon_1_ES\">\n<\/div>\n\n\n\n<div>\n<h2 class=\"gb-text gb-text-5ca0ffe6\">Prestamos servicios a escala mundial<\/h2>\n\n\n\n<p class=\"gb-text gb-text-c43636aa\">Iniciamos con un peque\u00f1o equipo a partir del a\u00f1o 2013, ahora asistimos a clientes de todo el mundo, incluyendo nuestros mayores mercados: EE.UU., Canad\u00e1, Australia, Brasil, Israel y Sud\u00e1frica. Estamos orgullosos de haber asistido a m\u00e1s de 1000 clientes de 30 pa\u00edses y 6 continentes diferentes a restaurar su nacionalidad lituana por descendencia.<\/p>\n\n\n\n<p class=\"gb-text gb-text-93214ddc\">Nuestra empresa est\u00e1 formada por expertos en derecho de Ciudadan\u00eda y Migraci\u00f3n, traductores y un equipo de Soporte al Cliente, quienes est\u00e1n comprometidos enteramente con el \u00e9xito de los clientes. Nuestro equipo realiza consultas en ingl\u00e9s, espa\u00f1ol, portugu\u00e9s y ruso.<\/p>\n\n\n\n<p class=\"gb-text gb-text-0791000b\">Esta experiencia multilateral nos ayud\u00f3 a dinamizar nuestros procesos para lograr la m\u00e1xima eficacia, lo que ahora nos permite ofrecer precios verdaderamente competitivos y tiempos de entrega a mayor velocidad.<\/p>\n<\/div>\n<\/div>\n<\/div>\n\n\n\n<div class=\"gb-element-69df12f2 section_About_us_page\">\n<div class=\"gb-element-e8b52df4\">\n<div class=\"gb-element-0411246b\">\n<img loading=\"lazy\" decoding=\"async\" width=\"296\" height=\"251\" class=\"gb-media-5ec47be0\" alt=\"\" src=\"https:\/\/www.lithuaniancitizenship.com\/wp-content\/uploads\/2025\/07\/icon_2_es.png\" title=\"icon_2_ES\">\n<\/div>\n\n\n\n<div>\n<h2 class=\"gb-text gb-text-2c9fdccd\">Maximizamos tus probabilidades de \u00e9xito<\/h2>\n\n\n\n<p class=\"gb-text gb-text-245f46dd\">Desde el a\u00f1o 2013 hemos logrado mantener una tasa de \u00e9xito constante de m\u00e1s del 99% en la recuperaci\u00f3n y restauraci\u00f3n de la ciudadan\u00eda lituana para nuestros clientes en todo el mundo.<\/p>\n\n\n\n<p class=\"gb-text gb-text-1a9f2aa4\">Hemos aprendido de nuestra propia experiencia \u2013 que la diferencia entre el \u00e9xito y el fracaso est\u00e1 en los detalles. Nos especializamos en derecho de Ciudadan\u00eda y Migraci\u00f3n y, gracias a nuestra dedicaci\u00f3n y conocimientos t\u00e9cnicos en el \u00e1rea, podemos garantizar la m\u00e1xima probabilidad de \u00e9xito.<\/p>\n\n\n\n<p class=\"gb-text gb-text-d0c0e238\">Ning\u00fan detalle es demasiado peque\u00f1o para nosotros y no hay caso en el que no prestemos toda nuestra atenci\u00f3n y apoyo. Nos encargamos de resolver los casos m\u00e1s complejos, as\u00ed como de los procesos judiciales pertinentes si la solicitud es rechazada.<\/p>\n<\/div>\n<\/div>\n<\/div>\n\n\n\n<div class=\"gb-element-e5903a2b section_About_us_page\">\n<div class=\"gb-element-e5a2a9b8\">\n<div class=\"gb-element-e2a50b77\">\n<img loading=\"lazy\" decoding=\"async\" width=\"296\" height=\"251\" class=\"gb-media-8e33e021\" alt=\"\" src=\"https:\/\/www.lithuaniancitizenship.com\/wp-content\/uploads\/2025\/07\/icon_3_es.png\" title=\"icon_3_ES\">\n<\/div>\n\n\n\n<div>\n<h2 class=\"gb-text gb-text-a0772735\">Proporcionamos una amplia gama de servicios<\/h2>\n\n\n\n<p class=\"gb-text gb-text-b78bf8be\">En este complejo proceso, en el que desenterrar pruebas verdaderas y contundentes a veces se compara como regresar a m\u00e1s de 100 a\u00f1os en el pasado, y las leyes que cambian constantemente, cada detalle importa. Por esta raz\u00f3n es tan fundamental tener experiencia en cada paso del proceso, para as\u00ed conocer todas las posibles soluciones a los problemas potenciales. Esta destreza en el cumplimiento de nuestro trabajo proviene s\u00f3lo de la experiencia en la pr\u00e1ctica, la cual requiere de a\u00f1os.<\/p>\n\n\n\n<p class=\"gb-text gb-text-97889333\">Ofrecemos una amplia gama de servicios y contamos con los mejores expertos en cada fase del proceso.<\/p>\n\n\n\n<p class=\"gb-text gb-text-3a348d56\">A lo largo de los a\u00f1os de trabajo honesto y dedicaci\u00f3n, hemos construido una s\u00f3lida relaci\u00f3n bilateral y de confianza con las autoridades lituanas. Para mantener el ritmo de los asuntos, el n\u00facleo principal de nuestro equipo est\u00e1 ubicado en Vilnius, Lituania.<\/p>\n<\/div>\n<\/div>\n<\/div>\n\n\n\n<div class=\"gb-element-366131c1 cta_section\">\n<div class=\"gb-element-35dc2db9\">\n<p class=\"gb-text gb-text-e4540d9a cta_section_Text\">No es un servicio f\u00e1cil de cumplir \u2013 requiere de tiempo, paciencia,<br>comunicaci\u00f3n concisa y constante y esfuerzo extra.<br>Pero nuestros clientes lo valen. Cada d\u00eda<\/p>\n\n\n\n<div class=\"gb-element-8ce49e2e\">\n<a class=\"gb-text-6441c124 button_with_icon_hover contact_us_today\" href=\"\/es\/company-es\/testimonias-es\/\"><span class=\"gb-text\">Qu\u00e9 dice el cliente<\/span><span class=\"gb-shape\"><svg aria-hidden=\"true\" role=\"img\" height=\"1em\" width=\"1em\" viewBox=\"0 0 256 512\" xmlns=\"http:\/\/www.w3.org\/2000\/svg\"><path fill=\"currentColor\" d=\"M224.3 273l-136 136c-9.4 9.4-24.6 9.4-33.9 0l-22.6-22.6c-9.4-9.4-9.4-24.6 0-33.9l96.4-96.4-96.4-96.4c-9.4-9.4-9.4-24.6 0-33.9L54.3 103c9.4-9.4 24.6-9.4 33.9 0l136 136c9.5 9.4 9.5 24.6.1 34z\"><\/path><\/svg><\/span><\/a>\n<\/div>\n<\/div>\n<\/div>\n","protected":false},"excerpt":{"rendered":"<p>Acerca de nosotros 10 a\u00f1os de experiencia. 99% de \u00e9xito en cada servicio.Expertos en Ley de Ciudadan\u00eda. M\u00e1s de 1000 clientes de 30 pa\u00edses Prestamos servicios a escala mundial Iniciamos con un peque\u00f1o equipo a &#8230; <a title=\"Acerca de nosotros\" class=\"read-more\" href=\"https:\/\/www.lithuaniancitizenship.com\/es\/company-es\/about-us-es\/\" aria-label=\"Leer m\u00e1s sobre Acerca de nosotros\">Read more<\/a><\/p>\n","protected":false},"author":12,"featured_media":0,"parent":6330,"menu_order":0,"comment_status":"closed","ping_status":"closed","template":"","meta":{"footnotes":""},"class_list":{"0":"post-6404","1":"page","2":"type-page","3":"status-publish","5":"no-featured-image-padding"},"_links":{"self":[{"href":"https:\/\/www.lithuaniancitizenship.com\/es\/wp-json\/wp\/v2\/pages\/6404","targetHints":{"allow":["GET"]}}],"collection":[{"href":"https:\/\/www.lithuaniancitizenship.com\/es\/wp-json\/wp\/v2\/pages"}],"about":[{"href":"https:\/\/www.lithuaniancitizenship.com\/es\/wp-json\/wp\/v2\/types\/page"}],"author":[{"embeddable":true,"href":"https:\/\/www.lithuaniancitizenship.com\/es\/wp-json\/wp\/v2\/users\/12"}],"replies":[{"embeddable":true,"href":"https:\/\/www.lithuaniancitizenship.com\/es\/wp-json\/wp\/v2\/comments?post=6404"}],"version-history":[{"count":7,"href":"https:\/\/www.lithuaniancitizenship.com\/es\/wp-json\/wp\/v2\/pages\/6404\/revisions"}],"predecessor-version":[{"id":67004,"href":"https:\/\/www.lithuaniancitizenship.com\/es\/wp-json\/wp\/v2\/pages\/6404\/revisions\/67004"}],"up":[{"embeddable":true,"href":"https:\/\/www.lithuaniancitizenship.com\/es\/wp-json\/wp\/v2\/pages\/6330"}],"wp:attachment":[{"href":"https:\/\/www.lithuaniancitizenship.com\/es\/wp-json\/wp\/v2\/media?parent=6404"}],"curies":[{"name":"wp","href":"https:\/\/api.w.org\/{rel}","templated":true}]}}