{"id":6769,"date":"2021-01-26T22:01:15","date_gmt":"2021-01-26T22:01:15","guid":{"rendered":"https:\/\/www.lithuaniancitizenship.com\/benefits-es\/"},"modified":"2025-09-24T17:21:27","modified_gmt":"2025-09-24T16:21:27","slug":"benefits-es","status":"publish","type":"page","link":"https:\/\/www.lithuaniancitizenship.com\/es\/benefits-es\/","title":{"rendered":"Beneficios"},"content":{"rendered":"\n<div id=\"hero_section_whiteBG\">\n<div class=\"gb-element-38edd829\">\n<div class=\"gb-element-8093adf8\"><nav aria-label=\"breadcrumbs\" class=\"rank-math-breadcrumb\"><p><span class=\"last\">Home<\/span><\/p><\/nav>\n<\/div>\n\n\n\n<div class=\"gb-element-7b9f172b\">\n<h1 class=\"gb-text gb-text-a9fa4c6c\">Beneficios de la nacionalidad lituana<\/h1>\n\n\n\n<span class=\"gb-text gb-text-008d919d\"><\/span>\n<\/div>\n\n\n\n<p class=\"gb-text gb-text-4a9a6e83\">Restaurar su nacionalidad lituana, le permitir\u00e1 a usted acceder a las<br>enormes ventajas y beneficios de ser titular de un pasaporte de la UE.<br>Vivir, trabajar, estudiar y formalizar un negocio en cualquier pa\u00eds de la UE que usted elija<\/p>\n<\/div>\n<\/div>\n\n\n\n<div id=\"benefits_page_content_wrap\">\n<div class=\"gb-element-784cecbe\">\n<div class=\"gb-element-10b58293\">\n<button class=\"hamburger\" id=\"hamburger\" aria-label=\"\u041c\u0435\u043d\u044e\">\r\n    <span><\/span>\r\n    <span><\/span>\r\n    <span><\/span>\r\n  <\/button>\n<\/div>\n\n\n\n<div class=\"gb-element-1e7b130e\">\n<div class=\"gb-element-e860184d\" id=\"benefits_left_col_nav\">\n<a class=\"gb-text gb-text-c03e0b7f benefits_button_scroll\" href=\"#benefits_Item_1\">Libertad para vivir en m\u00e1s de 30 pa\u00edses<\/a>\n\n\n\n<a class=\"gb-text gb-text-bd216ab4 benefits_button_scroll\" href=\"#benefits_Item_2\">Derecho a trabajar en pa\u00edses de la UE y la AELC<\/a>\n\n\n\n<a class=\"gb-text gb-text-282cf4e3 benefits_button_scroll\" href=\"#benefits_Item_3\">Acceso a una educaci\u00f3n universitaria m\u00e1s barata en Europa<\/a>\n\n\n\n<a class=\"gb-text gb-text-89d3dbfc benefits_button_scroll\" href=\"#benefits_Item_4\">Viajar a 182 pa\u00edses sin visado previo<\/a>\n\n\n\n<a class=\"gb-text gb-text-4ac50499 benefits_button_scroll\" href=\"#benefits_Item_5\">Crear una empresa en cualquier pa\u00eds de la UE<\/a>\n\n\n\n<a class=\"gb-text gb-text-1b94dc57 benefits_button_scroll\" href=\"#benefits_Item_6\">Acceso a una asistencia sanitaria de primera clase en la UE<\/a>\n\n\n\n<a class=\"gb-text gb-text-3ba198e4 benefits_button_scroll\" href=\"#benefits_Item_7\">Ciudadan\u00eda de la UE para sus hijos<\/a>\n\n\n\n<a class=\"gb-text gb-text-7cca672e benefits_button_scroll\" href=\"#benefits_Item_8\">Acceso total a todos los beneficios del Seguro Social<\/a>\n<\/div>\n\n\n\n<div class=\"gb-element-1e72fade\" id=\"benefits_right_col_content\">\n<div class=\"gb-element-0928da10 benefits_Item\" id=\"benefits_Item_1\">\n<h2 class=\"gb-text gb-text-01999c17\">Libertad para vivir en m\u00e1s de 30 pa\u00edses<\/h2>\n\n\n\n<img loading=\"lazy\" decoding=\"async\" width=\"1170\" height=\"658\" class=\"gb-media-ec775f73\" alt=\"Lithuania 02\" src=\"https:\/\/www.lithuaniancitizenship.com\/wp-content\/uploads\/2020\/10\/Lithuania-02.jpg\" title=\"Lithuania 02\" srcset=\"https:\/\/www.lithuaniancitizenship.com\/wp-content\/uploads\/2020\/10\/Lithuania-02.jpg 1170w, https:\/\/www.lithuaniancitizenship.com\/wp-content\/uploads\/2020\/10\/Lithuania-02-300x169.jpg 300w, https:\/\/www.lithuaniancitizenship.com\/wp-content\/uploads\/2020\/10\/Lithuania-02-1024x576.jpg 1024w, https:\/\/www.lithuaniancitizenship.com\/wp-content\/uploads\/2020\/10\/Lithuania-02-768x432.jpg 768w, https:\/\/www.lithuaniancitizenship.com\/wp-content\/uploads\/2020\/10\/Lithuania-02-1080x607.jpg 1080w, https:\/\/www.lithuaniancitizenship.com\/wp-content\/uploads\/2020\/10\/Lithuania-02-980x551.jpg 980w, https:\/\/www.lithuaniancitizenship.com\/wp-content\/uploads\/2020\/10\/Lithuania-02-480x270.jpg 480w\" sizes=\"auto, (max-width: 1170px) 100vw, 1170px\" \/>\n\n\n\n<h3 class=\"gb-text gb-text-9731b4f7\">Usted podr\u00e1 vivir en m\u00e1s de 30 pa\u00edses europeos sin necesidad de permisos adicionales<\/h3>\n\n\n\n<p class=\"gb-text gb-text-65a4cc46\">Lituania es parte de la UE desde hace 10 a\u00f1os. La doble ciudadan\u00eda Lituana te permite vivir en 32 pa\u00edses de la UE y de la AELC (Asociaci\u00f3n Europea de Libre Comercio):<\/p>\n\n\n\n<div class=\"gb-element-4f9597a9\">\n<div class=\"gb-element-01e2a6c4\">\n<ul class=\"wp-block-list\">\n<li>Austria<\/li>\n\n\n\n<li>B\u00e9lgica<\/li>\n\n\n\n<li>Bulgaria<\/li>\n\n\n\n<li>Croatia<\/li>\n\n\n\n<li>Chipre<\/li>\n\n\n\n<li>Republica checa<\/li>\n\n\n\n<li>Dinamarca<\/li>\n\n\n\n<li>Estonia<\/li>\n\n\n\n<li>Finlandia<\/li>\n\n\n\n<li>Francia<\/li>\n\n\n\n<li>Alemania<\/li>\n<\/ul>\n<\/div>\n\n\n\n<div class=\"gb-element-220245ee\">\n<ul class=\"wp-block-list\">\n<li>Grecia<\/li>\n\n\n\n<li>Hungr\u00eda<\/li>\n\n\n\n<li>Irlanda<\/li>\n\n\n\n<li>Italia<\/li>\n\n\n\n<li>Letonia<\/li>\n\n\n\n<li>Lituania<\/li>\n\n\n\n<li>Luxemburgo<\/li>\n\n\n\n<li>Malta<\/li>\n\n\n\n<li>Pa\u00edses Bajos<\/li>\n\n\n\n<li>Polonia<\/li>\n\n\n\n<li>Portugal<\/li>\n<\/ul>\n<\/div>\n\n\n\n<div class=\"gb-element-30f23dfc\">\n<ul class=\"wp-block-list\">\n<li class=\"list_no_marker\">Rumania<\/li>\n\n\n\n<li>Eslovaquia<\/li>\n\n\n\n<li>Eslovenia<\/li>\n\n\n\n<li>Espa\u00f1a<\/li>\n\n\n\n<li>Suecia<\/li>\n\n\n\n<li>Noruega<\/li>\n\n\n\n<li>Suiza<\/li>\n\n\n\n<li>Islandia<\/li>\n\n\n\n<li class=\"list_no_marker\">Liechtenstein<\/li>\n<\/ul>\n<\/div>\n<\/div>\n\n\n\n<div class=\"gb-element-8ce49e2e\">\n<a class=\"gb-text-6441c124 button_with_icon_hover contact_us_today\" href=\"\/es\/benefits-es\/libertad-para-vivir-en-mas-de-30-paises\/\"><span class=\"gb-text\">Descubre m\u00e1s aqu\u00ed<\/span><span class=\"gb-shape\"><svg aria-hidden=\"true\" role=\"img\" height=\"1em\" width=\"1em\" viewBox=\"0 0 256 512\" xmlns=\"http:\/\/www.w3.org\/2000\/svg\"><path fill=\"currentColor\" d=\"M224.3 273l-136 136c-9.4 9.4-24.6 9.4-33.9 0l-22.6-22.6c-9.4-9.4-9.4-24.6 0-33.9l96.4-96.4-96.4-96.4c-9.4-9.4-9.4-24.6 0-33.9L54.3 103c9.4-9.4 24.6-9.4 33.9 0l136 136c9.5 9.4 9.5 24.6.1 34z\"><\/path><\/svg><\/span><\/a>\n<\/div>\n\n\n\n<span class=\"gb-text gb-text-d53ac69f\"><\/span>\n<\/div>\n\n\n\n<div class=\"gb-element-7f85ce4a benefits_Item\" id=\"benefits_Item_2\">\n<h2 class=\"gb-text gb-text-dd55ca06\">Derecho a trabajar en pa\u00edses de la UE y la AELC<\/h2>\n\n\n\n<img loading=\"lazy\" decoding=\"async\" width=\"2000\" height=\"1334\" class=\"gb-media-55219f54\" alt=\"Right to work in the EU and EFTA countries\" src=\"https:\/\/www.lithuaniancitizenship.com\/wp-content\/uploads\/2021\/02\/Right-to-work-in-the-EU-and-EFTA-countries.jpg\" title=\"Right to work in the EU and EFTA countries\" srcset=\"https:\/\/www.lithuaniancitizenship.com\/wp-content\/uploads\/2021\/02\/Right-to-work-in-the-EU-and-EFTA-countries.jpg 2000w, https:\/\/www.lithuaniancitizenship.com\/wp-content\/uploads\/2021\/02\/Right-to-work-in-the-EU-and-EFTA-countries-300x200.jpg 300w, https:\/\/www.lithuaniancitizenship.com\/wp-content\/uploads\/2021\/02\/Right-to-work-in-the-EU-and-EFTA-countries-1024x683.jpg 1024w, https:\/\/www.lithuaniancitizenship.com\/wp-content\/uploads\/2021\/02\/Right-to-work-in-the-EU-and-EFTA-countries-768x512.jpg 768w, https:\/\/www.lithuaniancitizenship.com\/wp-content\/uploads\/2021\/02\/Right-to-work-in-the-EU-and-EFTA-countries-1536x1025.jpg 1536w, https:\/\/www.lithuaniancitizenship.com\/wp-content\/uploads\/2021\/02\/Right-to-work-in-the-EU-and-EFTA-countries-1080x720.jpg 1080w, https:\/\/www.lithuaniancitizenship.com\/wp-content\/uploads\/2021\/02\/Right-to-work-in-the-EU-and-EFTA-countries-1280x854.jpg 1280w, https:\/\/www.lithuaniancitizenship.com\/wp-content\/uploads\/2021\/02\/Right-to-work-in-the-EU-and-EFTA-countries-980x654.jpg 980w, https:\/\/www.lithuaniancitizenship.com\/wp-content\/uploads\/2021\/02\/Right-to-work-in-the-EU-and-EFTA-countries-480x320.jpg 480w\" sizes=\"auto, (max-width: 2000px) 100vw, 2000px\" \/>\n\n\n\n<h3 class=\"gb-text gb-text-9dfaec99\">Usted podr\u00e1 trabajar libremente en cualquier pa\u00eds de la UE o de la AELC que sea de su preferencia<\/h3>\n\n\n\n<p class=\"gb-text gb-text-208a5634\">Tendr\u00e1s el derecho de trabajar con libertad no solamente en Lituania, tambi\u00e9n podr\u00e1s hacerlo en los pa\u00edses de la UE y la AELC mencionados arriba.<\/p>\n\n\n\n<div class=\"gb-element-0ace1347\">\n<a class=\"gb-text-c4e61392 button_with_icon_hover contact_us_today\" href=\"\/es\/benefits-es\/derecho-a-trabajar-en-paises-de-la-ue-y-la-aelc\/\"><span class=\"gb-text\">Descubre m\u00e1s aqu\u00ed<\/span><span class=\"gb-shape\"><svg aria-hidden=\"true\" role=\"img\" height=\"1em\" width=\"1em\" viewBox=\"0 0 256 512\" xmlns=\"http:\/\/www.w3.org\/2000\/svg\"><path fill=\"currentColor\" d=\"M224.3 273l-136 136c-9.4 9.4-24.6 9.4-33.9 0l-22.6-22.6c-9.4-9.4-9.4-24.6 0-33.9l96.4-96.4-96.4-96.4c-9.4-9.4-9.4-24.6 0-33.9L54.3 103c9.4-9.4 24.6-9.4 33.9 0l136 136c9.5 9.4 9.5 24.6.1 34z\"><\/path><\/svg><\/span><\/a>\n<\/div>\n\n\n\n<span class=\"gb-text gb-text-392750e0\"><\/span>\n<\/div>\n\n\n\n<div class=\"gb-element-861827dc benefits_Item\" id=\"benefits_Item_3\">\n<h2 class=\"gb-text gb-text-5b454ef0\">Acceso a una educaci\u00f3n universitaria m\u00e1s barata en Europa<\/h2>\n\n\n\n<img loading=\"lazy\" decoding=\"async\" width=\"1200\" height=\"800\" class=\"gb-media-a507c6ed\" alt=\"Access to cheaper university education in Europe\" src=\"https:\/\/www.lithuaniancitizenship.com\/wp-content\/uploads\/2021\/02\/Access-to-cheaper-university-education-in-Europe.jpg\" title=\"Access to cheaper university education in Europe\" srcset=\"https:\/\/www.lithuaniancitizenship.com\/wp-content\/uploads\/2021\/02\/Access-to-cheaper-university-education-in-Europe.jpg 1200w, https:\/\/www.lithuaniancitizenship.com\/wp-content\/uploads\/2021\/02\/Access-to-cheaper-university-education-in-Europe-300x200.jpg 300w, https:\/\/www.lithuaniancitizenship.com\/wp-content\/uploads\/2021\/02\/Access-to-cheaper-university-education-in-Europe-1024x683.jpg 1024w, https:\/\/www.lithuaniancitizenship.com\/wp-content\/uploads\/2021\/02\/Access-to-cheaper-university-education-in-Europe-768x512.jpg 768w, https:\/\/www.lithuaniancitizenship.com\/wp-content\/uploads\/2021\/02\/Access-to-cheaper-university-education-in-Europe-1080x720.jpg 1080w, https:\/\/www.lithuaniancitizenship.com\/wp-content\/uploads\/2021\/02\/Access-to-cheaper-university-education-in-Europe-980x653.jpg 980w, https:\/\/www.lithuaniancitizenship.com\/wp-content\/uploads\/2021\/02\/Access-to-cheaper-university-education-in-Europe-480x320.jpg 480w\" sizes=\"auto, (max-width: 1200px) 100vw, 1200px\" \/>\n\n\n\n<h3 class=\"gb-text gb-text-d79ea871\">La educaci\u00f3n universitaria es gratuita o un 50% m\u00e1s barata para los ciudadanos de la UE<\/h3>\n\n\n\n<p class=\"gb-text gb-text-1155b2dd\">La ciudadan\u00eda Lituana te permite beneficiarte del sistema educativo de clase mundial de los pa\u00edses de la UE y la AELC<\/p>\n\n\n\n<div class=\"gb-element-a1627f73\">\n<ul class=\"wp-block-list\">\n<li>Europa tiene algunas de las mejores universidades del mundo<\/li>\n\n\n\n<li>La educaci\u00f3n universitaria en muchos de los pa\u00edses del oeste de Europa es gratuita o subsidiada<\/li>\n\n\n\n<li>Los pr\u00e9stamos estudiantiles para estudiantes de la UE est\u00e1n disponibles en Escandinavia, el Reino Unido y otros pa\u00edses de la UE<\/li>\n\n\n\n<li>Gran n\u00famero de subsidios y becas son accesibles solo para ciudadanos de la UE<\/li>\n<\/ul>\n<\/div>\n\n\n\n<div class=\"gb-element-fab73099\">\n<a class=\"gb-text-d1d6fc5a button_with_icon_hover contact_us_today\" href=\"\/es\/benefits-es\/acceso-a-una-educacion-universitaria-mas-barata-en-europa\/\"><span class=\"gb-text\">Descubre m\u00e1s aqu\u00ed<\/span><span class=\"gb-shape\"><svg aria-hidden=\"true\" role=\"img\" height=\"1em\" width=\"1em\" viewBox=\"0 0 256 512\" xmlns=\"http:\/\/www.w3.org\/2000\/svg\"><path fill=\"currentColor\" d=\"M224.3 273l-136 136c-9.4 9.4-24.6 9.4-33.9 0l-22.6-22.6c-9.4-9.4-9.4-24.6 0-33.9l96.4-96.4-96.4-96.4c-9.4-9.4-9.4-24.6 0-33.9L54.3 103c9.4-9.4 24.6-9.4 33.9 0l136 136c9.5 9.4 9.5 24.6.1 34z\"><\/path><\/svg><\/span><\/a>\n<\/div>\n\n\n\n<span class=\"gb-text gb-text-de38f766\"><\/span>\n<\/div>\n\n\n\n<div class=\"gb-element-92c66258 benefits_Item\" id=\"benefits_Item_4\">\n<h2 class=\"gb-text gb-text-846ea2cf\">Viajar a 182 pa\u00edses sin visado previo<\/h2>\n\n\n\n<img loading=\"lazy\" decoding=\"async\" width=\"900\" height=\"572\" class=\"gb-media-6352a8af\" alt=\"Travel to 181 countries without a prior visa\" src=\"https:\/\/www.lithuaniancitizenship.com\/wp-content\/uploads\/2021\/02\/Travel-to-181-countries-without-a-prior-visa.jpg\" title=\"Travel to 181 countries without a prior visa\" srcset=\"https:\/\/www.lithuaniancitizenship.com\/wp-content\/uploads\/2021\/02\/Travel-to-181-countries-without-a-prior-visa.jpg 900w, https:\/\/www.lithuaniancitizenship.com\/wp-content\/uploads\/2021\/02\/Travel-to-181-countries-without-a-prior-visa-300x191.jpg 300w, https:\/\/www.lithuaniancitizenship.com\/wp-content\/uploads\/2021\/02\/Travel-to-181-countries-without-a-prior-visa-768x488.jpg 768w, https:\/\/www.lithuaniancitizenship.com\/wp-content\/uploads\/2021\/02\/Travel-to-181-countries-without-a-prior-visa-480x305.jpg 480w\" sizes=\"auto, (max-width: 900px) 100vw, 900px\" \/>\n\n\n\n<h3 class=\"gb-text gb-text-2905d820\">Menos estr\u00e9s y m\u00e1s libertad: viaje a 182 pa\u00edses sin visado previo<\/h3>\n\n\n\n<p class=\"gb-text gb-text-6a0bae55\">Con el pasaporte Lituano, ser\u00e1s capaz de viajar sin visa a casi cualquier pa\u00eds europeo, norte y sur de am\u00e9rica al igual que Jap\u00f3n, Corea, Australia, Nueva Zelanda y un gran n\u00famero de pa\u00edses asi\u00e1ticos y africanos.<\/p>\n\n\n\n<div class=\"gb-element-686a6bf5\">\n<a class=\"gb-text-2ba645e6 button_with_icon_hover contact_us_today\" href=\"\/es\/benefits-es\/viajar-a-182-paises-sin-visado-previo\/\"><span class=\"gb-text\">Descubre m\u00e1s aqu\u00ed<\/span><span class=\"gb-shape\"><svg aria-hidden=\"true\" role=\"img\" height=\"1em\" width=\"1em\" viewBox=\"0 0 256 512\" xmlns=\"http:\/\/www.w3.org\/2000\/svg\"><path fill=\"currentColor\" d=\"M224.3 273l-136 136c-9.4 9.4-24.6 9.4-33.9 0l-22.6-22.6c-9.4-9.4-9.4-24.6 0-33.9l96.4-96.4-96.4-96.4c-9.4-9.4-9.4-24.6 0-33.9L54.3 103c9.4-9.4 24.6-9.4 33.9 0l136 136c9.5 9.4 9.5 24.6.1 34z\"><\/path><\/svg><\/span><\/a>\n<\/div>\n\n\n\n<span class=\"gb-text gb-text-a98477eb\"><\/span>\n<\/div>\n\n\n\n<div class=\"gb-element-4e9ed760 benefits_Item\" id=\"benefits_Item_5\">\n<h2 class=\"gb-text gb-text-adb87afd\">Crear una empresa en cualquier pa\u00eds de la UE<\/h2>\n\n\n\n<img loading=\"lazy\" decoding=\"async\" width=\"1024\" height=\"683\" class=\"gb-media-a29a99a8\" alt=\"Set up a business in any EU country\" src=\"https:\/\/www.lithuaniancitizenship.com\/wp-content\/uploads\/2021\/02\/Set-up-a-business-in-any-EU-country.jpg\" title=\"Set up a business in any EU country\" srcset=\"https:\/\/www.lithuaniancitizenship.com\/wp-content\/uploads\/2021\/02\/Set-up-a-business-in-any-EU-country.jpg 1024w, https:\/\/www.lithuaniancitizenship.com\/wp-content\/uploads\/2021\/02\/Set-up-a-business-in-any-EU-country-300x200.jpg 300w, https:\/\/www.lithuaniancitizenship.com\/wp-content\/uploads\/2021\/02\/Set-up-a-business-in-any-EU-country-768x512.jpg 768w, https:\/\/www.lithuaniancitizenship.com\/wp-content\/uploads\/2021\/02\/Set-up-a-business-in-any-EU-country-980x654.jpg 980w, https:\/\/www.lithuaniancitizenship.com\/wp-content\/uploads\/2021\/02\/Set-up-a-business-in-any-EU-country-480x320.jpg 480w\" sizes=\"auto, (max-width: 1024px) 100vw, 1024px\" \/>\n\n\n\n<h3 class=\"gb-text gb-text-613d2e82\">Proceso simplificado para crear o formalizar una empresa y abrir una cuenta bancaria en toda la UE<\/h3>\n\n\n\n<p class=\"gb-text gb-text-79a193db\">Le gustar\u00e1 saber que el proceso de registro de empresas es muy similar y bastante sencillo en toda Europa. En la mayor\u00eda de los pa\u00edses de la UE, usted cuenta con la libertad para registrar una empresa en tan s\u00f3lo un par de d\u00edas, completando todos los tr\u00e1mites de forma online desde la comodidad de su casa; en otros, puede tardar hasta un par de semanas nada m\u00e1s.<\/p>\n\n\n\n<div class=\"gb-element-9c97ed7c\">\n<a class=\"gb-text-14286770 button_with_icon_hover contact_us_today\" href=\"\/es\/benefits-es\/setup-business-in-any-country-es\/\"><span class=\"gb-text\">Descubre m\u00e1s aqu\u00ed<\/span><span class=\"gb-shape\"><svg aria-hidden=\"true\" role=\"img\" height=\"1em\" width=\"1em\" viewBox=\"0 0 256 512\" xmlns=\"http:\/\/www.w3.org\/2000\/svg\"><path fill=\"currentColor\" d=\"M224.3 273l-136 136c-9.4 9.4-24.6 9.4-33.9 0l-22.6-22.6c-9.4-9.4-9.4-24.6 0-33.9l96.4-96.4-96.4-96.4c-9.4-9.4-9.4-24.6 0-33.9L54.3 103c9.4-9.4 24.6-9.4 33.9 0l136 136c9.5 9.4 9.5 24.6.1 34z\"><\/path><\/svg><\/span><\/a>\n<\/div>\n\n\n\n<span class=\"gb-text gb-text-81f5dae7\"><\/span>\n<\/div>\n\n\n\n<div class=\"gb-element-22c4a3c3 benefits_Item\" id=\"benefits_Item_6\">\n<h2 class=\"gb-text gb-text-b42e9076\">Acceso a una asistencia sanitaria de primera clase en la UE<\/h2>\n\n\n\n<img loading=\"lazy\" decoding=\"async\" width=\"2000\" height=\"1333\" class=\"gb-media-5fca478f\" alt=\"Access to a world class EU healthcare\" src=\"https:\/\/www.lithuaniancitizenship.com\/wp-content\/uploads\/2021\/02\/Access-to-a-world-class-EU-healthcare.png\" title=\"Access to a world class EU healthcare\" srcset=\"https:\/\/www.lithuaniancitizenship.com\/wp-content\/uploads\/2021\/02\/Access-to-a-world-class-EU-healthcare.png 2000w, https:\/\/www.lithuaniancitizenship.com\/wp-content\/uploads\/2021\/02\/Access-to-a-world-class-EU-healthcare-300x200.png 300w, https:\/\/www.lithuaniancitizenship.com\/wp-content\/uploads\/2021\/02\/Access-to-a-world-class-EU-healthcare-1024x682.png 1024w, https:\/\/www.lithuaniancitizenship.com\/wp-content\/uploads\/2021\/02\/Access-to-a-world-class-EU-healthcare-768x512.png 768w, https:\/\/www.lithuaniancitizenship.com\/wp-content\/uploads\/2021\/02\/Access-to-a-world-class-EU-healthcare-1536x1024.png 1536w, https:\/\/www.lithuaniancitizenship.com\/wp-content\/uploads\/2021\/02\/Access-to-a-world-class-EU-healthcare-1080x720.png 1080w, https:\/\/www.lithuaniancitizenship.com\/wp-content\/uploads\/2021\/02\/Access-to-a-world-class-EU-healthcare-1280x853.png 1280w, https:\/\/www.lithuaniancitizenship.com\/wp-content\/uploads\/2021\/02\/Access-to-a-world-class-EU-healthcare-980x653.png 980w, https:\/\/www.lithuaniancitizenship.com\/wp-content\/uploads\/2021\/02\/Access-to-a-world-class-EU-healthcare-480x320.png 480w\" sizes=\"auto, (max-width: 2000px) 100vw, 2000px\" \/>\n\n\n\n<h3 class=\"gb-text gb-text-d3deb98e\">La asistencia sanitaria es gratuita o est\u00e1 muy subvencionada en la mayor\u00eda de los pa\u00edses de la UE<\/h3>\n\n\n\n<p class=\"gb-text gb-text-471b6222\">Al ser un ciudadano de la UE, tienes acceso a un sistema de salud de clase mundial en un gran n\u00famero de pa\u00edses de la Uni\u00f3n Europea, libre de cargos o con tazas de pago subsidiadas.<\/p>\n\n\n\n<div class=\"gb-element-84b9cd3b\">\n<a class=\"gb-text-c9bd8faa button_with_icon_hover contact_us_today\" href=\"\/es\/benefits-es\/acceso-a-una-asistencia-sanitaria-de-primera-clase-en-la-ue\/\"><span class=\"gb-text\">Descubre m\u00e1s aqu\u00ed<\/span><span class=\"gb-shape\"><svg aria-hidden=\"true\" role=\"img\" height=\"1em\" width=\"1em\" viewBox=\"0 0 256 512\" xmlns=\"http:\/\/www.w3.org\/2000\/svg\"><path fill=\"currentColor\" d=\"M224.3 273l-136 136c-9.4 9.4-24.6 9.4-33.9 0l-22.6-22.6c-9.4-9.4-9.4-24.6 0-33.9l96.4-96.4-96.4-96.4c-9.4-9.4-9.4-24.6 0-33.9L54.3 103c9.4-9.4 24.6-9.4 33.9 0l136 136c9.5 9.4 9.5 24.6.1 34z\"><\/path><\/svg><\/span><\/a>\n<\/div>\n\n\n\n<span class=\"gb-text gb-text-6efa8437\"><\/span>\n<\/div>\n\n\n\n<div class=\"gb-element-5308f83d benefits_Item\" id=\"benefits_Item_7\">\n<h2 class=\"gb-text gb-text-eac6726a\">Ciudadan\u00eda de la UE para sus hijos<\/h2>\n\n\n\n<img loading=\"lazy\" decoding=\"async\" width=\"1500\" height=\"1000\" class=\"gb-media-2f009a81\" alt=\"EU Citizenship for your children\" src=\"https:\/\/www.lithuaniancitizenship.com\/wp-content\/uploads\/2021\/02\/EU-Citizenship-for-your-children.jpeg\" title=\"EU Citizenship for your children\" srcset=\"https:\/\/www.lithuaniancitizenship.com\/wp-content\/uploads\/2021\/02\/EU-Citizenship-for-your-children.jpeg 1500w, https:\/\/www.lithuaniancitizenship.com\/wp-content\/uploads\/2021\/02\/EU-Citizenship-for-your-children-300x200.jpeg 300w, https:\/\/www.lithuaniancitizenship.com\/wp-content\/uploads\/2021\/02\/EU-Citizenship-for-your-children-1024x683.jpeg 1024w, https:\/\/www.lithuaniancitizenship.com\/wp-content\/uploads\/2021\/02\/EU-Citizenship-for-your-children-768x512.jpeg 768w, https:\/\/www.lithuaniancitizenship.com\/wp-content\/uploads\/2021\/02\/EU-Citizenship-for-your-children-1080x720.jpeg 1080w, https:\/\/www.lithuaniancitizenship.com\/wp-content\/uploads\/2021\/02\/EU-Citizenship-for-your-children-1280x853.jpeg 1280w, https:\/\/www.lithuaniancitizenship.com\/wp-content\/uploads\/2021\/02\/EU-Citizenship-for-your-children-980x653.jpeg 980w, https:\/\/www.lithuaniancitizenship.com\/wp-content\/uploads\/2021\/02\/EU-Citizenship-for-your-children-480x320.jpeg 480w\" sizes=\"auto, (max-width: 1500px) 100vw, 1500px\" \/>\n\n\n\n<h3 class=\"gb-text gb-text-90822aa6\">Transfiera la ciudadan\u00eda de la UE a sus futuros hijos<\/h3>\n\n\n\n<p class=\"gb-text gb-text-80301756\">Si tienes hijos despu\u00e9s de haber obtenido la ciudadan\u00eda lituana, tus hijos obtienen la ciudadan\u00eda lituana por nacimiento y podr\u00e1n pas\u00e1rsela a sus hijos y nietos. Al obtener la ciudadan\u00eda lituana ahora, obtendr\u00edas ciudadan\u00eda europea no solo para ti, sino tambi\u00e9n para tus futuros hijos y nietos.<\/p>\n\n\n\n<div class=\"gb-element-7818ad26\">\n<a class=\"gb-text-d8485a33 button_with_icon_hover contact_us_today\" href=\"\/es\/benefits-es\/ciudadania-de-la-ue-para-sus-hijos\/\"><span class=\"gb-text\">Descubre m\u00e1s aqu\u00ed<\/span><span class=\"gb-shape\"><svg aria-hidden=\"true\" role=\"img\" height=\"1em\" width=\"1em\" viewBox=\"0 0 256 512\" xmlns=\"http:\/\/www.w3.org\/2000\/svg\"><path fill=\"currentColor\" d=\"M224.3 273l-136 136c-9.4 9.4-24.6 9.4-33.9 0l-22.6-22.6c-9.4-9.4-9.4-24.6 0-33.9l96.4-96.4-96.4-96.4c-9.4-9.4-9.4-24.6 0-33.9L54.3 103c9.4-9.4 24.6-9.4 33.9 0l136 136c9.5 9.4 9.5 24.6.1 34z\"><\/path><\/svg><\/span><\/a>\n<\/div>\n\n\n\n<span class=\"gb-text gb-text-709d8f48\"><\/span>\n<\/div>\n\n\n\n<div class=\"gb-element-5c29a94c benefits_Item\" id=\"benefits_Item_8\">\n<h2 class=\"gb-text gb-text-a5112a38\">Acceso total a todos los beneficios del Seguro Social<\/h2>\n\n\n\n<img loading=\"lazy\" decoding=\"async\" width=\"1500\" height=\"1000\" class=\"gb-media-b789c37c\" alt=\"Access to all Social Security benefits\" src=\"https:\/\/www.lithuaniancitizenship.com\/wp-content\/uploads\/2021\/02\/Access-to-all-Social-Security-benefits.jpeg\" title=\"Access to all Social Security benefits\" srcset=\"https:\/\/www.lithuaniancitizenship.com\/wp-content\/uploads\/2021\/02\/Access-to-all-Social-Security-benefits.jpeg 1500w, https:\/\/www.lithuaniancitizenship.com\/wp-content\/uploads\/2021\/02\/Access-to-all-Social-Security-benefits-300x200.jpeg 300w, https:\/\/www.lithuaniancitizenship.com\/wp-content\/uploads\/2021\/02\/Access-to-all-Social-Security-benefits-1024x683.jpeg 1024w, https:\/\/www.lithuaniancitizenship.com\/wp-content\/uploads\/2021\/02\/Access-to-all-Social-Security-benefits-768x512.jpeg 768w, https:\/\/www.lithuaniancitizenship.com\/wp-content\/uploads\/2021\/02\/Access-to-all-Social-Security-benefits-1080x720.jpeg 1080w, https:\/\/www.lithuaniancitizenship.com\/wp-content\/uploads\/2021\/02\/Access-to-all-Social-Security-benefits-1280x853.jpeg 1280w, https:\/\/www.lithuaniancitizenship.com\/wp-content\/uploads\/2021\/02\/Access-to-all-Social-Security-benefits-980x653.jpeg 980w, https:\/\/www.lithuaniancitizenship.com\/wp-content\/uploads\/2021\/02\/Access-to-all-Social-Security-benefits-480x320.jpeg 480w\" sizes=\"auto, (max-width: 1500px) 100vw, 1500px\" \/>\n\n\n\n<h3 class=\"gb-text gb-text-9af34eb2\">Los ciudadanos de la UE tienen derecho a los beneficios del Seguro Social en todos los pa\u00edses de la UE<\/h3>\n\n\n\n<p class=\"gb-text gb-text-7945aa57\">Cada pa\u00eds de la UE tiene su propia legislaci\u00f3n en materia de seguridad social, pero la UE ha adoptado normas para coordinar bilateralmente los distintos sistemas nacionales de seguridad social. Las normas de coordinaci\u00f3n se aplican en el \u00c1rea Econ\u00f3mica Europea (EEA): todos los Estados miembros de la UE, Noruega, Liechtenstein, Islandia y Suiza.<\/p>\n\n\n\n<div class=\"gb-element-0eaedfb5\">\n<a class=\"gb-text-f9deecbe button_with_icon_hover contact_us_today\" href=\"\/es\/benefits-es\/access-to-all-social-security-benefits\/\"><span class=\"gb-text\">Descubre m\u00e1s aqu\u00ed<\/span><span class=\"gb-shape\"><svg aria-hidden=\"true\" role=\"img\" height=\"1em\" width=\"1em\" viewBox=\"0 0 256 512\" xmlns=\"http:\/\/www.w3.org\/2000\/svg\"><path fill=\"currentColor\" d=\"M224.3 273l-136 136c-9.4 9.4-24.6 9.4-33.9 0l-22.6-22.6c-9.4-9.4-9.4-24.6 0-33.9l96.4-96.4-96.4-96.4c-9.4-9.4-9.4-24.6 0-33.9L54.3 103c9.4-9.4 24.6-9.4 33.9 0l136 136c9.5 9.4 9.5 24.6.1 34z\"><\/path><\/svg><\/span><\/a>\n<\/div>\n\n\n\n<span class=\"gb-text gb-text-a31b048c\"><\/span>\n<\/div>\n<\/div>\n<\/div>\n<\/div>\n<\/div>\n","protected":false},"excerpt":{"rendered":"<p>Beneficios de la nacionalidad lituana Restaurar su nacionalidad lituana, le permitir\u00e1 a usted acceder a lasenormes ventajas y beneficios de ser titular de un pasaporte de la UE.Vivir, trabajar, estudiar y formalizar un negocio en &#8230; <a title=\"Beneficios\" class=\"read-more\" href=\"https:\/\/www.lithuaniancitizenship.com\/es\/benefits-es\/\" aria-label=\"Leer m\u00e1s sobre Beneficios\">Read more<\/a><\/p>\n","protected":false},"author":12,"featured_media":0,"parent":0,"menu_order":0,"comment_status":"closed","ping_status":"closed","template":"","meta":{"footnotes":""},"class_list":{"0":"post-6769","1":"page","2":"type-page","3":"status-publish","5":"no-featured-image-padding"},"_links":{"self":[{"href":"https:\/\/www.lithuaniancitizenship.com\/es\/wp-json\/wp\/v2\/pages\/6769","targetHints":{"allow":["GET"]}}],"collection":[{"href":"https:\/\/www.lithuaniancitizenship.com\/es\/wp-json\/wp\/v2\/pages"}],"about":[{"href":"https:\/\/www.lithuaniancitizenship.com\/es\/wp-json\/wp\/v2\/types\/page"}],"author":[{"embeddable":true,"href":"https:\/\/www.lithuaniancitizenship.com\/es\/wp-json\/wp\/v2\/users\/12"}],"replies":[{"embeddable":true,"href":"https:\/\/www.lithuaniancitizenship.com\/es\/wp-json\/wp\/v2\/comments?post=6769"}],"version-history":[{"count":10,"href":"https:\/\/www.lithuaniancitizenship.com\/es\/wp-json\/wp\/v2\/pages\/6769\/revisions"}],"predecessor-version":[{"id":67714,"href":"https:\/\/www.lithuaniancitizenship.com\/es\/wp-json\/wp\/v2\/pages\/6769\/revisions\/67714"}],"wp:attachment":[{"href":"https:\/\/www.lithuaniancitizenship.com\/es\/wp-json\/wp\/v2\/media?parent=6769"}],"curies":[{"name":"wp","href":"https:\/\/api.w.org\/{rel}","templated":true}]}}