{"id":7118,"date":"2021-01-28T22:58:06","date_gmt":"2021-01-28T22:58:06","guid":{"rendered":"https:\/\/www.lithuaniancitizenship.com\/about-us-pt-2\/"},"modified":"2025-09-15T14:01:48","modified_gmt":"2025-09-15T13:01:48","slug":"about-us-pt-2","status":"publish","type":"page","link":"https:\/\/www.lithuaniancitizenship.com\/pt-pt\/company-pt\/about-us-pt-2\/","title":{"rendered":"Sobre n\u00f3s"},"content":{"rendered":"\n<div class=\"gb-element-a80cb9b3\" id=\"hero_section_blue_BG\">\n<div class=\"gb-element-38edd829\">\n<div class=\"gb-element-8093adf8\"><nav aria-label=\"breadcrumbs\" class=\"rank-math-breadcrumb\"><p><span class=\"last\">Home<\/span><\/p><\/nav>\n<\/div>\n\n\n\n<div class=\"gb-element-7b9f172b\">\n<h1 class=\"gb-text gb-text-a9fa4c6c\">Sobre n\u00f3s<\/h1>\n\n\n\n<span class=\"gb-text gb-text-008d919d\"><\/span>\n<\/div>\n\n\n\n<p class=\"gb-text gb-text-4a9a6e83\">10 anos de experi\u00eancia. \u00cdndice de sucesso superior a 99%.<br>Especialistas em direito de Cidadania. Mais de 1000 clientes de 30 pa\u00edses<\/p>\n<\/div>\n<\/div>\n\n\n\n<div class=\"gb-element-293b9562 section_About_us_page\">\n<div class=\"gb-element-6c65d89e\">\n<div class=\"gb-element-06ecdcde\">\n<img loading=\"lazy\" decoding=\"async\" width=\"296\" height=\"251\" class=\"gb-media-d18925b2\" alt=\"\" src=\"https:\/\/www.lithuaniancitizenship.com\/wp-content\/uploads\/2025\/07\/icon_1_pt.png\" title=\"icon_1_PT\">\n<\/div>\n\n\n\n<div>\n<h2 class=\"gb-text gb-text-5ca0ffe6\">N\u00f3s trabalhamos globalmente<\/h2>\n\n\n\n<p class=\"gb-text gb-text-c43636aa\">De uma pequena equipe em 2013, agora atendemos clientes de todo o mundo, incluindo nossos maiores mercados, EUA, Canad\u00e1, Austr\u00e1lia, Brasil, Israel e \u00c1frica do Sul. Temos orgulho de ter ajudado mais de 1000 clientes de 30 pa\u00edses e 6 continentes a recuperar a cidadania lituana por descend\u00eancia.<\/p>\n\n\n\n<p class=\"gb-text gb-text-93214ddc\">Nossa empresa \u00e9 composta por especialistas em leis de cidadania e migra\u00e7\u00e3o, tradutores e uma equipe de suporte ao cliente, comprometidos com o sucesso dos clientes. Nossa equipe presta consultoria em ingl\u00eas, espanhol, portugu\u00eas e russo.<\/p>\n\n\n\n<p class=\"gb-text gb-text-0791000b\">Essa experi\u00eancia vers\u00e1til nos ajudou a otimizar nossos processos para obter o m\u00e1ximo de efici\u00eancia, o que possibilita oferecer pre\u00e7os realmente competitivos e prazos de entrega mais r\u00e1pidos.<\/p>\n<\/div>\n<\/div>\n<\/div>\n\n\n\n<div class=\"gb-element-69df12f2 section_About_us_page\">\n<div class=\"gb-element-e8b52df4\">\n<div class=\"gb-element-0411246b\">\n<img loading=\"lazy\" decoding=\"async\" width=\"296\" height=\"251\" class=\"gb-media-5ec47be0\" alt=\"\" src=\"https:\/\/www.lithuaniancitizenship.com\/wp-content\/uploads\/2025\/07\/icon_2_pt.png\" title=\"icon_2_PT\">\n<\/div>\n\n\n\n<div>\n<h2 class=\"gb-text gb-text-2c9fdccd\">N\u00f3s maximizamos suas chances de sucesso<\/h2>\n\n\n\n<p class=\"gb-text gb-text-245f46dd\">Desde 2013 conseguimos manter o consistente \u00edndice de sucesso em mais de 99% na restitui\u00e7\u00e3o da Cidadania Lituana para os nossos clientes ao redor de mundo.<\/p>\n\n\n\n<p class=\"gb-text gb-text-1a9f2aa4\">Aprendemos com a nossa pr\u00f3pria experi\u00eancia, que a diferen\u00e7a entre o sucesso e o fracasso de fato est\u00e1 nos detalhes. Somos especializados em legisla\u00e7\u00e3o de Cidadania e Migra\u00e7\u00e3o e, devido ao nosso foco e experi\u00eancia na \u00e1rea, podemos garantir a probabilidade m\u00e1xima de um resultado bem sucedido.<\/p>\n\n\n\n<p class=\"gb-text gb-text-d0c0e238\">Nenhum detalhe \u00e9 pequeno demais para n\u00f3s e n\u00e3o h\u00e1 caso em que n\u00e3o oferecemos toda a nossa aten\u00e7\u00e3o e apoio. Assumimos os casos mais complexos e passamos pelo processo Judicial se a solicita\u00e7\u00e3o for rejeitada.<\/p>\n<\/div>\n<\/div>\n<\/div>\n\n\n\n<div class=\"gb-element-e5903a2b section_About_us_page\">\n<div class=\"gb-element-e5a2a9b8\">\n<div class=\"gb-element-e2a50b77\">\n<img loading=\"lazy\" decoding=\"async\" width=\"296\" height=\"251\" class=\"gb-media-8e33e021\" alt=\"\" src=\"https:\/\/www.lithuaniancitizenship.com\/wp-content\/uploads\/2025\/07\/icon_3_pt.png\" title=\"icon_3_PT\">\n<\/div>\n\n\n\n<div>\n<h2 class=\"gb-text gb-text-a0772735\">N\u00f3s oferecemos um escopo completo de servi\u00e7os<\/h2>\n\n\n\n<p class=\"gb-text gb-text-b78bf8be\">Nesse processo complexo, em que as buscas minuciosas levam a evid\u00eancias datadas a mais de 100 anos, e as leis est\u00e3o mudando ao longo do tempo, todo detalhe importa. Por isso \u00e9 t\u00e3o fundamental ter expertise em todas as etapas do processo para estar bem informado sobre todas as solu\u00e7\u00f5es poss\u00edveis para potenciais problemas. Essa expertise vem unicamente da experi\u00eancia pr\u00e1tica e leva anos para ser adquirida.<\/p>\n\n\n\n<p class=\"gb-text gb-text-97889333\">Oferecemos um escopo completo de servi\u00e7os e contamos com os melhores especialistas em cada fase do processo.<\/p>\n\n\n\n<p class=\"gb-text gb-text-3a348d56\">Ao longo dos anos de trabalho honesto e dedica\u00e7\u00e3o, constru\u00edmos um excelente relacionamento e confian\u00e7a com as autoridades lituanas. Para manter-se sempre informada, nossa equipe principal \u00e9 sediada em Vilnius, Litu\u00e2nia.<\/p>\n<\/div>\n<\/div>\n<\/div>\n\n\n\n<div class=\"gb-element-366131c1 cta_section\">\n<div class=\"gb-element-35dc2db9\">\n<p class=\"gb-text gb-text-e4540d9a cta_section_Text\">N\u00e3o \u00e9 o servi\u00e7o mais f\u00e1cil de fornecer \u2013 requer tempo, paci\u00eancia,<br>comunica\u00e7\u00e3o clara e aquele esfor\u00e7o extra.<br>Mas n\u00f3s escolhemos representar os nossos clientes. Todo dia<\/p>\n\n\n\n<div class=\"gb-element-8ce49e2e\">\n<a class=\"gb-text-6441c124 button_with_icon_hover contact_us_today\" href=\"\/pt-pt\/company-pt\/testimonials-pt\/\"><span class=\"gb-text\">O que os clientes dizem<\/span><span class=\"gb-shape\"><svg aria-hidden=\"true\" role=\"img\" height=\"1em\" width=\"1em\" viewBox=\"0 0 256 512\" xmlns=\"http:\/\/www.w3.org\/2000\/svg\"><path fill=\"currentColor\" d=\"M224.3 273l-136 136c-9.4 9.4-24.6 9.4-33.9 0l-22.6-22.6c-9.4-9.4-9.4-24.6 0-33.9l96.4-96.4-96.4-96.4c-9.4-9.4-9.4-24.6 0-33.9L54.3 103c9.4-9.4 24.6-9.4 33.9 0l136 136c9.5 9.4 9.5 24.6.1 34z\"><\/path><\/svg><\/span><\/a>\n<\/div>\n<\/div>\n<\/div>\n","protected":false},"excerpt":{"rendered":"<p>Sobre n\u00f3s 10 anos de experi\u00eancia. \u00cdndice de sucesso superior a 99%.Especialistas em direito de Cidadania. Mais de 1000 clientes de 30 pa\u00edses N\u00f3s trabalhamos globalmente De uma pequena equipe em 2013, agora atendemos clientes &#8230; <a title=\"Sobre n\u00f3s\" class=\"read-more\" href=\"https:\/\/www.lithuaniancitizenship.com\/pt-pt\/company-pt\/about-us-pt-2\/\" aria-label=\"Leia mais sobre Sobre n\u00f3s\">Read more<\/a><\/p>\n","protected":false},"author":12,"featured_media":0,"parent":7134,"menu_order":0,"comment_status":"closed","ping_status":"closed","template":"","meta":{"footnotes":""},"class_list":{"0":"post-7118","1":"page","2":"type-page","3":"status-publish","5":"no-featured-image-padding"},"_links":{"self":[{"href":"https:\/\/www.lithuaniancitizenship.com\/pt-pt\/wp-json\/wp\/v2\/pages\/7118","targetHints":{"allow":["GET"]}}],"collection":[{"href":"https:\/\/www.lithuaniancitizenship.com\/pt-pt\/wp-json\/wp\/v2\/pages"}],"about":[{"href":"https:\/\/www.lithuaniancitizenship.com\/pt-pt\/wp-json\/wp\/v2\/types\/page"}],"author":[{"embeddable":true,"href":"https:\/\/www.lithuaniancitizenship.com\/pt-pt\/wp-json\/wp\/v2\/users\/12"}],"replies":[{"embeddable":true,"href":"https:\/\/www.lithuaniancitizenship.com\/pt-pt\/wp-json\/wp\/v2\/comments?post=7118"}],"version-history":[{"count":6,"href":"https:\/\/www.lithuaniancitizenship.com\/pt-pt\/wp-json\/wp\/v2\/pages\/7118\/revisions"}],"predecessor-version":[{"id":67007,"href":"https:\/\/www.lithuaniancitizenship.com\/pt-pt\/wp-json\/wp\/v2\/pages\/7118\/revisions\/67007"}],"up":[{"embeddable":true,"href":"https:\/\/www.lithuaniancitizenship.com\/pt-pt\/wp-json\/wp\/v2\/pages\/7134"}],"wp:attachment":[{"href":"https:\/\/www.lithuaniancitizenship.com\/pt-pt\/wp-json\/wp\/v2\/media?parent=7118"}],"curies":[{"name":"wp","href":"https:\/\/api.w.org\/{rel}","templated":true}]}}