{"id":7134,"date":"2021-01-28T23:13:23","date_gmt":"2021-01-28T23:13:23","guid":{"rendered":"https:\/\/www.lithuaniancitizenship.com\/company-pt\/"},"modified":"2025-09-15T10:33:05","modified_gmt":"2025-09-15T09:33:05","slug":"company-pt","status":"publish","type":"page","link":"https:\/\/www.lithuaniancitizenship.com\/pt-pt\/company-pt\/","title":{"rendered":"Company PT"},"content":{"rendered":"\n<div class=\"gb-element-a80cb9b3\" id=\"hero_section_blue_BG\">\n<div class=\"gb-element-38edd829\">\n<div class=\"gb-element-8093adf8\"><nav aria-label=\"breadcrumbs\" class=\"rank-math-breadcrumb\"><p><span class=\"last\">Home<\/span><\/p><\/nav>\n<\/div>\n\n\n\n<div class=\"gb-element-7b9f172b\">\n<h1 class=\"gb-text gb-text-a9fa4c6c\">Conhe\u00e7a-nos<\/h1>\n\n\n\n<span class=\"gb-text gb-text-008d919d\"><\/span>\n<\/div>\n\n\n\n<p class=\"gb-text gb-text-4a9a6e83\">Sabemos a import\u00e2ncia de ter algu\u00e9m de confian\u00e7a para orient\u00e1-lo nessa jornada.<br>N\u00f3s viemos para nossos compromissos e o nosso \u00edndice de sucesso fala por si<\/p>\n<\/div>\n<\/div>\n\n\n\n<div class=\"gb-element-37476add\">\n<div class=\"gb-element-fc80d114 section_company_page\">\n<div class=\"gb-element-01f51e2a section_company_page_img_col\">\n<img loading=\"lazy\" decoding=\"async\" width=\"500\" height=\"450\" class=\"gb-media-90b014cf company_page_img_angle\" alt=\"\" src=\"https:\/\/www.lithuaniancitizenship.com\/wp-content\/uploads\/2025\/08\/about-us.jpg.webp\" title=\"About-us.jpg\" srcset=\"https:\/\/www.lithuaniancitizenship.com\/wp-content\/uploads\/2025\/08\/about-us.jpg.webp 500w, https:\/\/www.lithuaniancitizenship.com\/wp-content\/uploads\/2025\/08\/about-us.jpg-300x270.webp 300w\" sizes=\"auto, (max-width: 500px) 100vw, 500px\">\n<\/div>\n\n\n\n<div class=\"gb-element-87d112f6 section_company_page_text_col\">\n<div class=\"gb-element-b260b0f3\">\n<h2 class=\"gb-text gb-text-02ee2cea\">Sobre n\u00f3s<\/h2>\n\n\n\n<p class=\"gb-text gb-text-02188116\">N\u00f3s auxiliamos mais de 1000 clientes de 30 pa\u00edses e 6 continentes. Desde 2013 conseguimos manter o \u00edndice de sucesso em mais de 99% na restitui\u00e7\u00e3o da Cidadania Lituana para os nossos clientes ao redor de mundo.<br>Temos orgulho de sermos especialistas em legisla\u00e7\u00e3o de Cidadania e Migra\u00e7\u00e3o. Devido ao nosso foco e experi\u00eancia na \u00e1rea, podemos garantir a probabilidade m\u00e1xima de um resultado bem sucedido.<br>Por meio de anos da pr\u00e1tica, nossos aperfei\u00e7oados processos permitem-nos oferecer pre\u00e7os verdadeiramente competitivos.<\/p>\n\n\n\n<div class=\"gb-element-177ceab6\">\n<a class=\"gb-text-583c57ed button_with_icon_hover\" href=\"\/pt-pt\/company-pt\/about-us-pt-2\/\"><span class=\"gb-text\">Descubra mais<\/span><span class=\"gb-shape\"><svg aria-hidden=\"true\" role=\"img\" height=\"1em\" width=\"1em\" viewBox=\"0 0 256 512\" xmlns=\"http:\/\/www.w3.org\/2000\/svg\"><path fill=\"currentColor\" d=\"M224.3 273l-136 136c-9.4 9.4-24.6 9.4-33.9 0l-22.6-22.6c-9.4-9.4-9.4-24.6 0-33.9l96.4-96.4-96.4-96.4c-9.4-9.4-9.4-24.6 0-33.9L54.3 103c9.4-9.4 24.6-9.4 33.9 0l136 136c9.5 9.4 9.5 24.6.1 34z\"><\/path><\/svg><\/span><\/a>\n<\/div>\n<\/div>\n<\/div>\n<\/div>\n\n\n\n<div class=\"gb-element-54235f4d section_company_page\">\n<div class=\"gb-element-5aeb02ac section_company_page_img_col\">\n<img loading=\"lazy\" decoding=\"async\" width=\"500\" height=\"450\" class=\"gb-media-214b328c company_page_img_angle\" alt=\"\" src=\"https:\/\/www.lithuaniancitizenship.com\/wp-content\/uploads\/2025\/08\/services.jpg.webp\" title=\"Services.jpg\" srcset=\"https:\/\/www.lithuaniancitizenship.com\/wp-content\/uploads\/2025\/08\/services.jpg.webp 500w, https:\/\/www.lithuaniancitizenship.com\/wp-content\/uploads\/2025\/08\/services.jpg-300x270.webp 300w\" sizes=\"auto, (max-width: 500px) 100vw, 500px\">\n<\/div>\n\n\n\n<div class=\"gb-element-8284485b section_company_page_text_col\">\n<div class=\"gb-element-59d20a13\">\n<h2 class=\"gb-text gb-text-9bf94763\">Servi\u00e7os<\/h2>\n\n\n\n<p class=\"gb-text gb-text-451ea236\">Somos especializados em legisla\u00e7\u00e3o de Cidadania e Migra\u00e7\u00e3o com foco principal em restitui\u00e7\u00e3o bem-sucedida da cidadania lituana globalmente desde 2013. Tamb\u00e9m fornecemos os seguintes servi\u00e7os, que est\u00e3o estreitamente ligados \u00e0 nossa \u00e1rea de atua\u00e7\u00e3o:<\/p>\n\n\n\n<ul style=\"font-size:18px;font-style:normal;font-weight:500\" class=\"wp-block-list ul_company_page\">\n<li>Registro civil de nascimento da crian\u00e7a como cidad\u00e3o lituano<\/li>\n\n\n\n<li>Autoriza\u00e7\u00e3o de resid\u00eancia<\/li>\n\n\n\n<li>Resid\u00eancia para Investidores<\/li>\n<\/ul>\n\n\n\n<div class=\"gb-element-1b35e21d\">\n<a class=\"gb-text-544508b7 button_with_icon_hover\" href=\"\/pt-pt\/company-pt\/services-pt\/\"><span class=\"gb-text\">Descubra mais<\/span><span class=\"gb-shape\"><svg aria-hidden=\"true\" role=\"img\" height=\"1em\" width=\"1em\" viewBox=\"0 0 256 512\" xmlns=\"http:\/\/www.w3.org\/2000\/svg\"><path fill=\"currentColor\" d=\"M224.3 273l-136 136c-9.4 9.4-24.6 9.4-33.9 0l-22.6-22.6c-9.4-9.4-9.4-24.6 0-33.9l96.4-96.4-96.4-96.4c-9.4-9.4-9.4-24.6 0-33.9L54.3 103c9.4-9.4 24.6-9.4 33.9 0l136 136c9.5 9.4 9.5 24.6.1 34z\"><\/path><\/svg><\/span><\/a>\n<\/div>\n<\/div>\n<\/div>\n<\/div>\n\n\n\n<div class=\"gb-element-fc4cf068 section_company_page\">\n<div class=\"gb-element-20cc5cd0 section_company_page_img_col\">\n<img loading=\"lazy\" decoding=\"async\" width=\"500\" height=\"450\" class=\"gb-media-bc995c92 company_page_img_angle\" alt=\"\" src=\"https:\/\/www.lithuaniancitizenship.com\/wp-content\/uploads\/2025\/08\/team.jpg.webp\" title=\"Team.jpg\" srcset=\"https:\/\/www.lithuaniancitizenship.com\/wp-content\/uploads\/2025\/08\/team.jpg.webp 500w, https:\/\/www.lithuaniancitizenship.com\/wp-content\/uploads\/2025\/08\/team.jpg-300x270.webp 300w\" sizes=\"auto, (max-width: 500px) 100vw, 500px\">\n<\/div>\n\n\n\n<div class=\"gb-element-590d03f1 section_company_page_text_col\">\n<div class=\"gb-element-e01c521e\">\n<h2 class=\"gb-text gb-text-b9a67d12\">Equipe<\/h2>\n\n\n\n<p class=\"gb-text gb-text-3fdac45c\">Somos equipe de especialistas em direito de Cidadania e Migra\u00e7\u00e3o, tradutores, e Time de suporte ao Cliente, que trabalham conjuntamente para garantir que entregamos o melhor servi\u00e7o poss\u00edvel. N\u00f3s praticamos transpar\u00eancia, comunica\u00e7\u00e3o eficaz e fazemos esfor\u00e7o extra. Nenhum detalhe \u00e9 pequeno demais para n\u00f3s e n\u00e3o h\u00e1 caso em que n\u00e3o oferecemos toda a nossa aten\u00e7\u00e3o e apoio.<br>Nossa equipe fornece consultorias em ingl\u00eas, espanhol, portugu\u00eas e russo. Localizados em Vilnius, Litu\u00e2nia, trabalhamos diretamente com as autoridades lituanas.<\/p>\n\n\n\n<div class=\"gb-element-5f4b3135\">\n<a class=\"gb-text-806f9b80 button_with_icon_hover\" href=\"\/pt-pt\/company-pt\/team-pt\/\"><span class=\"gb-text\">Descubra mais<\/span><span class=\"gb-shape\"><svg aria-hidden=\"true\" role=\"img\" height=\"1em\" width=\"1em\" viewBox=\"0 0 256 512\" xmlns=\"http:\/\/www.w3.org\/2000\/svg\"><path fill=\"currentColor\" d=\"M224.3 273l-136 136c-9.4 9.4-24.6 9.4-33.9 0l-22.6-22.6c-9.4-9.4-9.4-24.6 0-33.9l96.4-96.4-96.4-96.4c-9.4-9.4-9.4-24.6 0-33.9L54.3 103c9.4-9.4 24.6-9.4 33.9 0l136 136c9.5 9.4 9.5 24.6.1 34z\"><\/path><\/svg><\/span><\/a>\n<\/div>\n<\/div>\n<\/div>\n<\/div>\n\n\n\n<div class=\"gb-element-5e05ee71 section_company_page\">\n<div class=\"gb-element-adfca242 section_company_page_img_col\">\n<img loading=\"lazy\" decoding=\"async\" width=\"500\" height=\"450\" class=\"gb-media-58b7d8d0 company_page_img_angle\" alt=\"\" src=\"https:\/\/www.lithuaniancitizenship.com\/wp-content\/uploads\/2025\/08\/testimonials-new.jpg.webp\" title=\"Testimonials-New.jpg\" srcset=\"https:\/\/www.lithuaniancitizenship.com\/wp-content\/uploads\/2025\/08\/testimonials-new.jpg.webp 500w, https:\/\/www.lithuaniancitizenship.com\/wp-content\/uploads\/2025\/08\/testimonials-new.jpg-300x270.webp 300w\" sizes=\"auto, (max-width: 500px) 100vw, 500px\">\n<\/div>\n\n\n\n<div class=\"gb-element-dcc33694 section_company_page_text_col\">\n<div class=\"gb-element-87f1c9a5\">\n<h2 class=\"gb-text gb-text-8144ee01\">Depoimentos<\/h2>\n\n\n\n<p class=\"gb-text gb-text-552c63ff\">Agradecemos as palavras generosas dos nossos clientes e valorizamos muito a confian\u00e7a e a responsabilidade que eles depositaram em nossa empresa.<br>N\u00f3s convidamos voc\u00ea a se juntar \u00e0 nossa comunidade Global, que restituiu a cidadania lituana, e reivindicar o seu direito a benef\u00edcios incr\u00edveis da titularidade de passaporte da Uni\u00e3o Europeia.<br>Leia algumas hist\u00f3rias de sucesso \u2013 nossos clientes satisfeitos dizem isso melhor.<\/p>\n\n\n\n<div class=\"gb-element-7e830990\">\n<a class=\"gb-text-e638f21d button_with_icon_hover\" href=\"\/pt-pt\/company-pt\/testimonials-pt\/\"><span class=\"gb-text\">Descubra mais<\/span><span class=\"gb-shape\"><svg aria-hidden=\"true\" role=\"img\" height=\"1em\" width=\"1em\" viewBox=\"0 0 256 512\" xmlns=\"http:\/\/www.w3.org\/2000\/svg\"><path fill=\"currentColor\" d=\"M224.3 273l-136 136c-9.4 9.4-24.6 9.4-33.9 0l-22.6-22.6c-9.4-9.4-9.4-24.6 0-33.9l96.4-96.4-96.4-96.4c-9.4-9.4-9.4-24.6 0-33.9L54.3 103c9.4-9.4 24.6-9.4 33.9 0l136 136c9.5 9.4 9.5 24.6.1 34z\"><\/path><\/svg><\/span><\/a>\n<\/div>\n<\/div>\n<\/div>\n<\/div>\n<\/div>\n","protected":false},"excerpt":{"rendered":"<p>Conhe\u00e7a-nos Sabemos a import\u00e2ncia de ter algu\u00e9m de confian\u00e7a para orient\u00e1-lo nessa jornada.N\u00f3s viemos para nossos compromissos e o nosso \u00edndice de sucesso fala por si Sobre n\u00f3s N\u00f3s auxiliamos mais de 1000 clientes de &#8230; <a title=\"Company PT\" class=\"read-more\" href=\"https:\/\/www.lithuaniancitizenship.com\/pt-pt\/company-pt\/\" aria-label=\"Leia mais sobre Company PT\">Read more<\/a><\/p>\n","protected":false},"author":12,"featured_media":0,"parent":0,"menu_order":0,"comment_status":"closed","ping_status":"closed","template":"","meta":{"footnotes":""},"class_list":{"0":"post-7134","1":"page","2":"type-page","3":"status-publish","5":"no-featured-image-padding"},"_links":{"self":[{"href":"https:\/\/www.lithuaniancitizenship.com\/pt-pt\/wp-json\/wp\/v2\/pages\/7134","targetHints":{"allow":["GET"]}}],"collection":[{"href":"https:\/\/www.lithuaniancitizenship.com\/pt-pt\/wp-json\/wp\/v2\/pages"}],"about":[{"href":"https:\/\/www.lithuaniancitizenship.com\/pt-pt\/wp-json\/wp\/v2\/types\/page"}],"author":[{"embeddable":true,"href":"https:\/\/www.lithuaniancitizenship.com\/pt-pt\/wp-json\/wp\/v2\/users\/12"}],"replies":[{"embeddable":true,"href":"https:\/\/www.lithuaniancitizenship.com\/pt-pt\/wp-json\/wp\/v2\/comments?post=7134"}],"version-history":[{"count":9,"href":"https:\/\/www.lithuaniancitizenship.com\/pt-pt\/wp-json\/wp\/v2\/pages\/7134\/revisions"}],"predecessor-version":[{"id":66976,"href":"https:\/\/www.lithuaniancitizenship.com\/pt-pt\/wp-json\/wp\/v2\/pages\/7134\/revisions\/66976"}],"wp:attachment":[{"href":"https:\/\/www.lithuaniancitizenship.com\/pt-pt\/wp-json\/wp\/v2\/media?parent=7134"}],"curies":[{"name":"wp","href":"https:\/\/api.w.org\/{rel}","templated":true}]}}