{"id":7143,"date":"2021-01-28T23:22:31","date_gmt":"2021-01-28T23:22:31","guid":{"rendered":"https:\/\/www.lithuaniancitizenship.com\/company-pt\/services-pt\/"},"modified":"2025-09-15T12:42:27","modified_gmt":"2025-09-15T11:42:27","slug":"services-pt","status":"publish","type":"page","link":"https:\/\/www.lithuaniancitizenship.com\/pt-pt\/company-pt\/services-pt\/","title":{"rendered":"Servi\u00e7os"},"content":{"rendered":"\n<div class=\"gb-element-a80cb9b3\" id=\"hero_section_blue_BG\">\n<div class=\"gb-element-38edd829\">\n<div class=\"gb-element-8093adf8\"><nav aria-label=\"breadcrumbs\" class=\"rank-math-breadcrumb\"><p><span class=\"last\">Home<\/span><\/p><\/nav>\n<\/div>\n\n\n\n<div class=\"gb-element-7b9f172b\">\n<h1 class=\"gb-text gb-text-a9fa4c6c\">Nossos servi\u00e7os<\/h1>\n\n\n\n<span class=\"gb-text gb-text-008d919d\"><\/span>\n<\/div>\n\n\n\n<p class=\"gb-text gb-text-4a9a6e83\">Somos especializados em direito de Cidadania e Migra\u00e7\u00e3o com foco principal<br>em restitui\u00e7\u00e3o bem-sucedida da cidadania Lituana globalmente desde 2013<\/p>\n<\/div>\n<\/div>\n\n\n\n<div>\n<div class=\"gb-element-3923139e\">\n<div class=\"gb-element-371ce998\">\n<div class=\"gb-element-35dc2db9 services_page_Item\">\n<img loading=\"lazy\" decoding=\"async\" width=\"108\" height=\"108\" class=\"gb-media-7a3540c7\" alt=\"\" src=\"https:\/\/www.lithuaniancitizenship.com\/wp-content\/uploads\/2025\/07\/icon_passport.png.webp\" title=\"icon_passport.png\">\n\n\n\n<h2 class=\"gb-text gb-text-e7dd79ba\">Restitui\u00e7\u00e3o da Cidadania Lituana<\/h2>\n\n\n\n<p class=\"gb-text gb-text-e4540d9a\">Desde 2013 n\u00f3s auxiliamos mais de 400 clientes de 25 pa\u00edses e em 6 continentes com o \u00edndice de sucesso superior a 99%. N\u00f3s estamos orgulhosamente servindo clientes de todo o mundo, incluindo nossos maiores mercados: EUA, Canad\u00e1, Austr\u00e1lia, Brasil, Israel e \u00c1frica do Sul.<\/p>\n\n\n\n<p class=\"gb-text gb-text-364f1866\">Somos formados por especialistas em legisla\u00e7\u00e3o de Cidadania e Migra\u00e7\u00e3o, tradutores e Time de suporte ao Cliente, que estar\u00e3o l\u00e1 para orient\u00e1-lo e apoi\u00e1-lo em cada etapa do caminho.<\/p>\n\n\n\n<p class=\"gb-text gb-text-0d56dd0c\">Fornecemos consultorias em ingl\u00eas, espanhol, portugu\u00eas e russo, e a nossa equipe principal \u00e9 sediada em Vilnius, Litu\u00e2nia.<\/p>\n\n\n\n<div class=\"gb-element-8ce49e2e\">\n<a class=\"gb-text-6441c124 button_with_icon_hover\" href=\"\/pt-pt\/eligibility-pt\/\"><span class=\"gb-text\">Leia mais<\/span><span class=\"gb-shape\"><svg aria-hidden=\"true\" role=\"img\" height=\"1em\" width=\"1em\" viewBox=\"0 0 256 512\" xmlns=\"http:\/\/www.w3.org\/2000\/svg\"><path fill=\"currentColor\" d=\"M224.3 273l-136 136c-9.4 9.4-24.6 9.4-33.9 0l-22.6-22.6c-9.4-9.4-9.4-24.6 0-33.9l96.4-96.4-96.4-96.4c-9.4-9.4-9.4-24.6 0-33.9L54.3 103c9.4-9.4 24.6-9.4 33.9 0l136 136c9.5 9.4 9.5 24.6.1 34z\"><\/path><\/svg><\/span><\/a>\n<\/div>\n<\/div>\n\n\n\n<div class=\"gb-element-30dd7159 services_page_Item\">\n<img loading=\"lazy\" decoding=\"async\" width=\"96\" height=\"96\" class=\"gb-media-9cbfdd4a\" alt=\"granted\" src=\"https:\/\/www.lithuaniancitizenship.com\/wp-content\/uploads\/2020\/12\/granted.png\" title=\"granted\"\/>\n\n\n\n<h2 class=\"gb-text gb-text-b1ef3b19\">Registro das crian\u00e7as, nascidas como cidad\u00e3s lituanas<\/h2>\n\n\n\n<p class=\"gb-text gb-text-de6bb51e\">As crian\u00e7as nascidas de cidad\u00e3os lituanos adquirem a cidadania lituana automaticamente. Entretanto, elas devem estar cadastradas na Litu\u00e2nia para obter um passaporte lituano.<\/p>\n\n\n\n<p class=\"gb-text gb-text-7ae4fdcc\">Instruiremos sobre as formalidades legais e cuidaremos do processo do cadastro para voc\u00ea.<\/p>\n<\/div>\n<\/div>\n\n\n\n<div class=\"gb-element-1b6a9892\">\n<div class=\"gb-element-279b23c3 services_page_Item\">\n<img loading=\"lazy\" decoding=\"async\" width=\"108\" height=\"108\" class=\"gb-media-94f6f534\" alt=\"\" src=\"https:\/\/www.lithuaniancitizenship.com\/wp-content\/uploads\/2025\/07\/icon_document.png.webp\" title=\"icon_document.png\">\n\n\n\n<h2 class=\"gb-text gb-text-b3cb48fd\">Autoriza\u00e7\u00e3o de resid\u00eancia<\/h2>\n\n\n\n<p class=\"gb-text gb-text-fcbc639a\">As autoriza\u00e7\u00f5es de resid\u00eancia na Litu\u00e2nia podem ser concedidas para fins de estudos, trabalho e neg\u00f3cios ou para os membros da fam\u00edlia de um cidad\u00e3o lituano.<\/p>\n\n\n\n<p class=\"gb-text gb-text-94b97690\">Caso voc\u00ea e a sua fam\u00edlia decidirem mudar-se para a Litu\u00e2nia, ajudaremos a obter as autoriza\u00e7\u00f5es de resid\u00eancia.<\/p>\n<\/div>\n\n\n\n<div class=\"gb-element-be00a5f0 services_page_Item\">\n<img loading=\"lazy\" decoding=\"async\" width=\"96\" height=\"96\" class=\"gb-media-ed8f70b5\" alt=\"Why restore\" src=\"https:\/\/www.lithuaniancitizenship.com\/wp-content\/uploads\/2020\/12\/Why-restore.png\" title=\"Why restore\"\/>\n\n\n\n<h2 class=\"gb-text gb-text-e3ecade2\">Resid\u00eancia para Investidores<\/h2>\n\n\n\n<p class=\"gb-text gb-text-f6b3327a\">Investir \u00e9 uma maneira mais f\u00e1cil de obter um visto Schengen ou de Resid\u00eancia na Litu\u00e2nia.<\/p>\n\n\n\n<p class=\"gb-text gb-text-21d6885f\">A Litu\u00e2nia est\u00e1 classificada em 11o lugar entre 190 economias mundiais em facilidade de fazer neg\u00f3cios, conforme as \u00faltimas classifica\u00e7\u00f5es anuais do Banco Mundial!<\/p>\n\n\n\n<p class=\"gb-text gb-text-fc423a62\">A Litu\u00e2nia tem imposto sobre os lucros de apenas 5 a 15% e poderia ser sua porta da entrada para o mercado da Uni\u00e3o Europeia.<\/p>\n\n\n\n<p class=\"gb-text gb-text-1065c668\">Autoriza\u00e7\u00e3o de resid\u00eancia pode ser obtida com investimentos a partir de apenas 14.000 euros.<\/p>\n\n\n\n<p class=\"gb-text gb-text-ef5d378f\">Oferecemos solu\u00e7\u00f5es completas, assistindo tanto \u2013 indiv\u00edduos que buscam autoriza\u00e7\u00f5es de Resid\u00eancia \u2013 quanto as empresas que planejam estabelecer suas filiais na Litu\u00e2nia.<\/p>\n<\/div>\n<\/div>\n<\/div>\n<\/div>\n\n\n\n<div class=\"gb-element-188281f7 cta_section\">\n<div class=\"gb-element-3050db38\">\n<p class=\"gb-text gb-text-ca84314f cta_section_Text\">Lembre-se, nenhuma d\u00favida \u00e9 demasiadamente pequena \u2013 pergunte j\u00e1!<br>Nossa equipe est\u00e1 esperando para te ouvir. Deixe uma mensagem<\/p>\n\n\n\n<div class=\"gb-element-0764c709\">\n<a class=\"gb-text-56473744 button_with_icon_hover contact_us_today\" href=\"\/pt-pt\/contact-pt\/\"><span class=\"gb-text\">Contate-nos hoje<\/span><span class=\"gb-shape\"><svg aria-hidden=\"true\" role=\"img\" height=\"1em\" width=\"1em\" viewBox=\"0 0 256 512\" xmlns=\"http:\/\/www.w3.org\/2000\/svg\"><path fill=\"currentColor\" d=\"M224.3 273l-136 136c-9.4 9.4-24.6 9.4-33.9 0l-22.6-22.6c-9.4-9.4-9.4-24.6 0-33.9l96.4-96.4-96.4-96.4c-9.4-9.4-9.4-24.6 0-33.9L54.3 103c9.4-9.4 24.6-9.4 33.9 0l136 136c9.5 9.4 9.5 24.6.1 34z\"><\/path><\/svg><\/span><\/a>\n<\/div>\n<\/div>\n<\/div>\n","protected":false},"excerpt":{"rendered":"<p>Nossos servi\u00e7os Somos especializados em direito de Cidadania e Migra\u00e7\u00e3o com foco principalem restitui\u00e7\u00e3o bem-sucedida da cidadania Lituana globalmente desde 2013 Restitui\u00e7\u00e3o da Cidadania Lituana Desde 2013 n\u00f3s auxiliamos mais de 400 clientes de 25 &#8230; <a title=\"Servi\u00e7os\" class=\"read-more\" href=\"https:\/\/www.lithuaniancitizenship.com\/pt-pt\/company-pt\/services-pt\/\" aria-label=\"Leia mais sobre Servi\u00e7os\">Read more<\/a><\/p>\n","protected":false},"author":12,"featured_media":0,"parent":7134,"menu_order":0,"comment_status":"closed","ping_status":"closed","template":"","meta":{"footnotes":""},"class_list":{"0":"post-7143","1":"page","2":"type-page","3":"status-publish","5":"no-featured-image-padding"},"_links":{"self":[{"href":"https:\/\/www.lithuaniancitizenship.com\/pt-pt\/wp-json\/wp\/v2\/pages\/7143","targetHints":{"allow":["GET"]}}],"collection":[{"href":"https:\/\/www.lithuaniancitizenship.com\/pt-pt\/wp-json\/wp\/v2\/pages"}],"about":[{"href":"https:\/\/www.lithuaniancitizenship.com\/pt-pt\/wp-json\/wp\/v2\/types\/page"}],"author":[{"embeddable":true,"href":"https:\/\/www.lithuaniancitizenship.com\/pt-pt\/wp-json\/wp\/v2\/users\/12"}],"replies":[{"embeddable":true,"href":"https:\/\/www.lithuaniancitizenship.com\/pt-pt\/wp-json\/wp\/v2\/comments?post=7143"}],"version-history":[{"count":6,"href":"https:\/\/www.lithuaniancitizenship.com\/pt-pt\/wp-json\/wp\/v2\/pages\/7143\/revisions"}],"predecessor-version":[{"id":66994,"href":"https:\/\/www.lithuaniancitizenship.com\/pt-pt\/wp-json\/wp\/v2\/pages\/7143\/revisions\/66994"}],"up":[{"embeddable":true,"href":"https:\/\/www.lithuaniancitizenship.com\/pt-pt\/wp-json\/wp\/v2\/pages\/7134"}],"wp:attachment":[{"href":"https:\/\/www.lithuaniancitizenship.com\/pt-pt\/wp-json\/wp\/v2\/media?parent=7143"}],"curies":[{"name":"wp","href":"https:\/\/api.w.org\/{rel}","templated":true}]}}