{"id":7215,"date":"2021-01-29T00:14:25","date_gmt":"2021-01-29T00:14:25","guid":{"rendered":"https:\/\/www.lithuaniancitizenship.com\/benefits-pt\/"},"modified":"2025-09-24T13:50:02","modified_gmt":"2025-09-24T12:50:02","slug":"benefits-pt","status":"publish","type":"page","link":"https:\/\/www.lithuaniancitizenship.com\/pt-pt\/benefits-pt\/","title":{"rendered":"Benef\u00edcios"},"content":{"rendered":"\n<div id=\"hero_section_whiteBG\">\n<div class=\"gb-element-38edd829\">\n<div class=\"gb-element-8093adf8\"><nav aria-label=\"breadcrumbs\" class=\"rank-math-breadcrumb\"><p><span class=\"last\">Home<\/span><\/p><\/nav>\n<\/div>\n\n\n\n<div class=\"gb-element-7b9f172b\">\n<h1 class=\"gb-text gb-text-a9fa4c6c\">Benef\u00edcios da Cidadania Lituana<\/h1>\n\n\n\n<span class=\"gb-text gb-text-008d919d\"><\/span>\n<\/div>\n\n\n\n<p class=\"gb-text gb-text-4a9a6e83\">Restitui\u00e7\u00e3o da cidadania Lituana trar\u00e1 a voc\u00ea o acesso aos amplos benef\u00edcios de um titular de passaporte da UE. Viva, trabalhe, estude, abra neg\u00f3cio em um pa\u00eds da UE de escolha<\/p>\n<\/div>\n<\/div>\n\n\n\n<div id=\"benefits_page_content_wrap\">\n<div class=\"gb-element-784cecbe\">\n<div class=\"gb-element-10b58293\">\n<button class=\"hamburger\" id=\"hamburger\" aria-label=\"\u041c\u0435\u043d\u044e\">\r\n    <span><\/span>\r\n    <span><\/span>\r\n    <span><\/span>\r\n  <\/button>\n<\/div>\n\n\n\n<div class=\"gb-element-1e7b130e\">\n<div class=\"gb-element-e860184d\" id=\"benefits_left_col_nav\">\n<a class=\"gb-text gb-text-c03e0b7f benefits_button_scroll\" href=\"#benefits_Item_1\">Direito de viver em mais de 30 pa\u00edses<\/a>\n\n\n\n<a class=\"gb-text gb-text-bd216ab4 benefits_button_scroll\" href=\"#benefits_Item_2\">Direito a trabalhar nos pa\u00edses da UE e AECL<\/a>\n\n\n\n<a class=\"gb-text gb-text-282cf4e3 benefits_button_scroll\" href=\"#benefits_Item_3\">Acesso mais barato \u00e0 educa\u00e7\u00e3o universit\u00e1ria na Europa<\/a>\n\n\n\n<a class=\"gb-text gb-text-89d3dbfc benefits_button_scroll\" href=\"#benefits_Item_4\">Viaje para 182 pa\u00edses sem um visto pr\u00e9vio<\/a>\n\n\n\n<a class=\"gb-text gb-text-4ac50499 benefits_button_scroll\" href=\"#benefits_Item_5\">Crie um neg\u00f3cio em qualquer pa\u00eds da UE<\/a>\n\n\n\n<a class=\"gb-text gb-text-1b94dc57 benefits_button_scroll\" href=\"#benefits_Item_6\">Acesso a um sistema de sa\u00fade de classe mundial na UE<\/a>\n\n\n\n<a class=\"gb-text gb-text-3ba198e4 benefits_button_scroll\" href=\"#benefits_Item_7\">Cidadania da UE para seus filhos<\/a>\n\n\n\n<a class=\"gb-text gb-text-7cca672e benefits_button_scroll\" href=\"#benefits_Item_8\">Acesso a todos os benef\u00edcios da Seguridade Social<\/a>\n<\/div>\n\n\n\n<div class=\"gb-element-1e72fade\" id=\"benefits_right_col_content\">\n<div class=\"gb-element-0928da10 benefits_Item\" id=\"benefits_Item_1\">\n<h2 class=\"gb-text gb-text-01999c17\">Direito de viver em mais de 30 pa\u00edses<\/h2>\n\n\n\n<img loading=\"lazy\" decoding=\"async\" width=\"1170\" height=\"658\" class=\"gb-media-ec775f73\" alt=\"Lithuania 02\" src=\"https:\/\/www.lithuaniancitizenship.com\/wp-content\/uploads\/2020\/10\/Lithuania-02.jpg\" title=\"Lithuania 02\" srcset=\"https:\/\/www.lithuaniancitizenship.com\/wp-content\/uploads\/2020\/10\/Lithuania-02.jpg 1170w, https:\/\/www.lithuaniancitizenship.com\/wp-content\/uploads\/2020\/10\/Lithuania-02-300x169.jpg 300w, https:\/\/www.lithuaniancitizenship.com\/wp-content\/uploads\/2020\/10\/Lithuania-02-1024x576.jpg 1024w, https:\/\/www.lithuaniancitizenship.com\/wp-content\/uploads\/2020\/10\/Lithuania-02-768x432.jpg 768w, https:\/\/www.lithuaniancitizenship.com\/wp-content\/uploads\/2020\/10\/Lithuania-02-1080x607.jpg 1080w, https:\/\/www.lithuaniancitizenship.com\/wp-content\/uploads\/2020\/10\/Lithuania-02-980x551.jpg 980w, https:\/\/www.lithuaniancitizenship.com\/wp-content\/uploads\/2020\/10\/Lithuania-02-480x270.jpg 480w\" sizes=\"auto, (max-width: 1170px) 100vw, 1170px\" \/>\n\n\n\n<h3 class=\"gb-text gb-text-9731b4f7\">Voc\u00ea poder\u00e1 viver em mais de 30 pa\u00edses Europeus sem quaisquer autoriza\u00e7\u00f5es adicionais<\/h3>\n\n\n\n<p class=\"gb-text gb-text-65a4cc46\">A Litu\u00e2nia faz parte da UE h\u00e1 j\u00e1 10 anos. A dupla cidadania Lituana permite-lhe viver nos 32 pa\u00edses da UE e AELC:<\/p>\n\n\n\n<div class=\"gb-element-4f9597a9\">\n<div class=\"gb-element-01e2a6c4\">\n<ul class=\"wp-block-list\">\n<li>\u00c1ustria<\/li>\n\n\n\n<li>B\u00e9lgica<\/li>\n\n\n\n<li>Bulg\u00e1ria<\/li>\n\n\n\n<li>Cro\u00e1cia<\/li>\n\n\n\n<li>Chipre<\/li>\n\n\n\n<li>Rep\u00fablica Checa<\/li>\n\n\n\n<li>Dinamarca<\/li>\n\n\n\n<li>Est\u00f4nia<\/li>\n\n\n\n<li>Finl\u00e2ndia<\/li>\n\n\n\n<li>Fran\u00e7a<\/li>\n\n\n\n<li>Alemanha<\/li>\n<\/ul>\n<\/div>\n\n\n\n<div class=\"gb-element-220245ee\">\n<ul class=\"wp-block-list\">\n<li>Gr\u00e9cia<\/li>\n\n\n\n<li>Hungria<\/li>\n\n\n\n<li>Irlanda<\/li>\n\n\n\n<li>It\u00e1lia<\/li>\n\n\n\n<li>Let\u00f4nia<\/li>\n\n\n\n<li>Litu\u00e2nia<\/li>\n\n\n\n<li>Luxemburgo<\/li>\n\n\n\n<li>Malta<\/li>\n\n\n\n<li>Pa\u00edses Baixos<\/li>\n\n\n\n<li>Pol\u00f4nia<\/li>\n\n\n\n<li>Portugal<\/li>\n<\/ul>\n<\/div>\n\n\n\n<div class=\"gb-element-30f23dfc\">\n<ul class=\"wp-block-list\">\n<li class=\"list_no_marker\">Rom\u00eania<\/li>\n\n\n\n<li>Eslov\u00e1quia<\/li>\n\n\n\n<li>Eslov\u00eania<\/li>\n\n\n\n<li>Espanha<\/li>\n\n\n\n<li>Su\u00e9cia<\/li>\n\n\n\n<li>Noruega<\/li>\n\n\n\n<li>Su\u00ed\u00e7a<\/li>\n\n\n\n<li>Isl\u00e2ndia<\/li>\n\n\n\n<li class=\"list_no_marker\">Lichtenstein<\/li>\n<\/ul>\n<\/div>\n<\/div>\n\n\n\n<div class=\"gb-element-8ce49e2e\">\n<a class=\"gb-text-6441c124 button_with_icon_hover contact_us_today\" href=\"\/pt-pt\/benefits-pt\/direito-de-viver-em-mais-de-30-paises\/\"><span class=\"gb-text\">Descubra mais<\/span><span class=\"gb-shape\"><svg aria-hidden=\"true\" role=\"img\" height=\"1em\" width=\"1em\" viewBox=\"0 0 256 512\" xmlns=\"http:\/\/www.w3.org\/2000\/svg\"><path fill=\"currentColor\" d=\"M224.3 273l-136 136c-9.4 9.4-24.6 9.4-33.9 0l-22.6-22.6c-9.4-9.4-9.4-24.6 0-33.9l96.4-96.4-96.4-96.4c-9.4-9.4-9.4-24.6 0-33.9L54.3 103c9.4-9.4 24.6-9.4 33.9 0l136 136c9.5 9.4 9.5 24.6.1 34z\"><\/path><\/svg><\/span><\/a>\n<\/div>\n\n\n\n<span class=\"gb-text gb-text-d53ac69f\"><\/span>\n<\/div>\n\n\n\n<div class=\"gb-element-7f85ce4a benefits_Item\" id=\"benefits_Item_2\">\n<h2 class=\"gb-text gb-text-dd55ca06\">Direito a trabalhar nos pa\u00edses da UE e AECL<\/h2>\n\n\n\n<img loading=\"lazy\" decoding=\"async\" width=\"2000\" height=\"1334\" class=\"gb-media-55219f54\" alt=\"Right to work in the EU and EFTA countries\" src=\"https:\/\/www.lithuaniancitizenship.com\/wp-content\/uploads\/2021\/02\/Right-to-work-in-the-EU-and-EFTA-countries.jpg\" title=\"Right to work in the EU and EFTA countries\" srcset=\"https:\/\/www.lithuaniancitizenship.com\/wp-content\/uploads\/2021\/02\/Right-to-work-in-the-EU-and-EFTA-countries.jpg 2000w, https:\/\/www.lithuaniancitizenship.com\/wp-content\/uploads\/2021\/02\/Right-to-work-in-the-EU-and-EFTA-countries-300x200.jpg 300w, https:\/\/www.lithuaniancitizenship.com\/wp-content\/uploads\/2021\/02\/Right-to-work-in-the-EU-and-EFTA-countries-1024x683.jpg 1024w, https:\/\/www.lithuaniancitizenship.com\/wp-content\/uploads\/2021\/02\/Right-to-work-in-the-EU-and-EFTA-countries-768x512.jpg 768w, https:\/\/www.lithuaniancitizenship.com\/wp-content\/uploads\/2021\/02\/Right-to-work-in-the-EU-and-EFTA-countries-1536x1025.jpg 1536w, https:\/\/www.lithuaniancitizenship.com\/wp-content\/uploads\/2021\/02\/Right-to-work-in-the-EU-and-EFTA-countries-1080x720.jpg 1080w, https:\/\/www.lithuaniancitizenship.com\/wp-content\/uploads\/2021\/02\/Right-to-work-in-the-EU-and-EFTA-countries-1280x854.jpg 1280w, https:\/\/www.lithuaniancitizenship.com\/wp-content\/uploads\/2021\/02\/Right-to-work-in-the-EU-and-EFTA-countries-980x654.jpg 980w, https:\/\/www.lithuaniancitizenship.com\/wp-content\/uploads\/2021\/02\/Right-to-work-in-the-EU-and-EFTA-countries-480x320.jpg 480w\" sizes=\"auto, (max-width: 2000px) 100vw, 2000px\" \/>\n\n\n\n<h3 class=\"gb-text gb-text-9dfaec99\">Voc\u00ea poder\u00e1 trabalhar livremente em qualquer pa\u00eds da UE ou AECL de sua escolha<\/h3>\n\n\n\n<p class=\"gb-text gb-text-208a5634\">Ter\u00e1 a possibilidade de trabalhar livremente n\u00e3o apenas na Litu\u00e2nia mas nos pa\u00edses acima mencionados da UE e AELC.<\/p>\n\n\n\n<div class=\"gb-element-0ace1347\">\n<a class=\"gb-text-c4e61392 button_with_icon_hover contact_us_today\" href=\"\/pt-pt\/benefits-pt\/direito-a-trabalhar-nos-paises-da-ue-e-aecl\/\"><span class=\"gb-text\">Descubra mais<\/span><span class=\"gb-shape\"><svg aria-hidden=\"true\" role=\"img\" height=\"1em\" width=\"1em\" viewBox=\"0 0 256 512\" xmlns=\"http:\/\/www.w3.org\/2000\/svg\"><path fill=\"currentColor\" d=\"M224.3 273l-136 136c-9.4 9.4-24.6 9.4-33.9 0l-22.6-22.6c-9.4-9.4-9.4-24.6 0-33.9l96.4-96.4-96.4-96.4c-9.4-9.4-9.4-24.6 0-33.9L54.3 103c9.4-9.4 24.6-9.4 33.9 0l136 136c9.5 9.4 9.5 24.6.1 34z\"><\/path><\/svg><\/span><\/a>\n<\/div>\n\n\n\n<span class=\"gb-text gb-text-392750e0\"><\/span>\n<\/div>\n\n\n\n<div class=\"gb-element-861827dc benefits_Item\" id=\"benefits_Item_3\">\n<h2 class=\"gb-text gb-text-5b454ef0\">Acesso mais barato \u00e0 educa\u00e7\u00e3o universit\u00e1ria na Europa<\/h2>\n\n\n\n<img loading=\"lazy\" decoding=\"async\" width=\"1200\" height=\"800\" class=\"gb-media-a507c6ed\" alt=\"Access to cheaper university education in Europe\" src=\"https:\/\/www.lithuaniancitizenship.com\/wp-content\/uploads\/2021\/02\/Access-to-cheaper-university-education-in-Europe.jpg\" title=\"Access to cheaper university education in Europe\" srcset=\"https:\/\/www.lithuaniancitizenship.com\/wp-content\/uploads\/2021\/02\/Access-to-cheaper-university-education-in-Europe.jpg 1200w, https:\/\/www.lithuaniancitizenship.com\/wp-content\/uploads\/2021\/02\/Access-to-cheaper-university-education-in-Europe-300x200.jpg 300w, https:\/\/www.lithuaniancitizenship.com\/wp-content\/uploads\/2021\/02\/Access-to-cheaper-university-education-in-Europe-1024x683.jpg 1024w, https:\/\/www.lithuaniancitizenship.com\/wp-content\/uploads\/2021\/02\/Access-to-cheaper-university-education-in-Europe-768x512.jpg 768w, https:\/\/www.lithuaniancitizenship.com\/wp-content\/uploads\/2021\/02\/Access-to-cheaper-university-education-in-Europe-1080x720.jpg 1080w, https:\/\/www.lithuaniancitizenship.com\/wp-content\/uploads\/2021\/02\/Access-to-cheaper-university-education-in-Europe-980x653.jpg 980w, https:\/\/www.lithuaniancitizenship.com\/wp-content\/uploads\/2021\/02\/Access-to-cheaper-university-education-in-Europe-480x320.jpg 480w\" sizes=\"auto, (max-width: 1200px) 100vw, 1200px\" \/>\n\n\n\n<h3 class=\"gb-text gb-text-d79ea871\">Universidade gratuita ou ao menos 50% mais barata para cidad\u00e3os da UE<\/h3>\n\n\n\n<p class=\"gb-text gb-text-1155b2dd\">A cidadania lituana permite-lhe beneficiar-se de um sistema educacional de classe mundial dos pa\u00edses da UE e da AECL.<\/p>\n\n\n\n<div class=\"gb-element-a1627f73\">\n<ul class=\"wp-block-list\">\n<li>A Europa possui algumas das melhores universidades do mundo<\/li>\n\n\n\n<li>A educa\u00e7\u00e3o universit\u00e1ria em muitos dos pa\u00edses ocidentais da Europa \u00e9 gratuita ou bastante subsidiada<\/li>\n\n\n\n<li>Os empr\u00e9stimos aos estudantes da UE est\u00e3o dispon\u00edveis na Escandin\u00e1via, o RU e outros pa\u00edses da UE<\/li>\n\n\n\n<li>O n\u00famero de bolsas para estudantes apenas acess\u00edveis aos cidad\u00e3os da UE<\/li>\n<\/ul>\n<\/div>\n\n\n\n<div class=\"gb-element-fab73099\">\n<a class=\"gb-text-d1d6fc5a button_with_icon_hover contact_us_today\" href=\"\/pt-pt\/benefits-pt\/acesso-mais-barato-a-educacao-universitaria-na-europa\/\"><span class=\"gb-text\">Descubra mais<\/span><span class=\"gb-shape\"><svg aria-hidden=\"true\" role=\"img\" height=\"1em\" width=\"1em\" viewBox=\"0 0 256 512\" xmlns=\"http:\/\/www.w3.org\/2000\/svg\"><path fill=\"currentColor\" d=\"M224.3 273l-136 136c-9.4 9.4-24.6 9.4-33.9 0l-22.6-22.6c-9.4-9.4-9.4-24.6 0-33.9l96.4-96.4-96.4-96.4c-9.4-9.4-9.4-24.6 0-33.9L54.3 103c9.4-9.4 24.6-9.4 33.9 0l136 136c9.5 9.4 9.5 24.6.1 34z\"><\/path><\/svg><\/span><\/a>\n<\/div>\n\n\n\n<span class=\"gb-text gb-text-de38f766\"><\/span>\n<\/div>\n\n\n\n<div class=\"gb-element-92c66258 benefits_Item\" id=\"benefits_Item_4\">\n<h2 class=\"gb-text gb-text-846ea2cf\">Viaje para 182 pa\u00edses sem um visto pr\u00e9vio<\/h2>\n\n\n\n<img loading=\"lazy\" decoding=\"async\" width=\"900\" height=\"572\" class=\"gb-media-6352a8af\" alt=\"Travel to 181 countries without a prior visa\" src=\"https:\/\/www.lithuaniancitizenship.com\/wp-content\/uploads\/2021\/02\/Travel-to-181-countries-without-a-prior-visa.jpg\" title=\"Travel to 181 countries without a prior visa\" srcset=\"https:\/\/www.lithuaniancitizenship.com\/wp-content\/uploads\/2021\/02\/Travel-to-181-countries-without-a-prior-visa.jpg 900w, https:\/\/www.lithuaniancitizenship.com\/wp-content\/uploads\/2021\/02\/Travel-to-181-countries-without-a-prior-visa-300x191.jpg 300w, https:\/\/www.lithuaniancitizenship.com\/wp-content\/uploads\/2021\/02\/Travel-to-181-countries-without-a-prior-visa-768x488.jpg 768w, https:\/\/www.lithuaniancitizenship.com\/wp-content\/uploads\/2021\/02\/Travel-to-181-countries-without-a-prior-visa-480x305.jpg 480w\" sizes=\"auto, (max-width: 900px) 100vw, 900px\" \/>\n\n\n\n<h3 class=\"gb-text gb-text-2905d820\">Menos estresse e mais liberdade \u2013 viaje para 182 pa\u00edses sem visto pr\u00e9vio<\/h3>\n\n\n\n<p class=\"gb-text gb-text-6a0bae55\">Com o passaporte Lituano, ter\u00e1 a possibilidade de viajar sem visto para quase todos os pa\u00edses Europeus, Norte e Sul Americanos bem como Jap\u00e3o, Coreia, Austr\u00e1lia, Nova Zel\u00e2ndia e alguns pa\u00edses Asi\u00e1ticos e Africanos.<\/p>\n\n\n\n<div class=\"gb-element-686a6bf5\">\n<a class=\"gb-text-2ba645e6 button_with_icon_hover contact_us_today\" href=\"\/pt-pt\/benefits-pt\/viaje-para-182-paises-sem-um-visto-previo\/\"><span class=\"gb-text\">Descubra mais<\/span><span class=\"gb-shape\"><svg aria-hidden=\"true\" role=\"img\" height=\"1em\" width=\"1em\" viewBox=\"0 0 256 512\" xmlns=\"http:\/\/www.w3.org\/2000\/svg\"><path fill=\"currentColor\" d=\"M224.3 273l-136 136c-9.4 9.4-24.6 9.4-33.9 0l-22.6-22.6c-9.4-9.4-9.4-24.6 0-33.9l96.4-96.4-96.4-96.4c-9.4-9.4-9.4-24.6 0-33.9L54.3 103c9.4-9.4 24.6-9.4 33.9 0l136 136c9.5 9.4 9.5 24.6.1 34z\"><\/path><\/svg><\/span><\/a>\n<\/div>\n\n\n\n<span class=\"gb-text gb-text-a98477eb\"><\/span>\n<\/div>\n\n\n\n<div class=\"gb-element-4e9ed760 benefits_Item\" id=\"benefits_Item_5\">\n<h2 class=\"gb-text gb-text-adb87afd\">Crie um neg\u00f3cio em qualquer pa\u00eds da UE<\/h2>\n\n\n\n<img loading=\"lazy\" decoding=\"async\" width=\"1024\" height=\"683\" class=\"gb-media-a29a99a8\" alt=\"Set up a business in any EU country\" src=\"https:\/\/www.lithuaniancitizenship.com\/wp-content\/uploads\/2021\/02\/Set-up-a-business-in-any-EU-country.jpg\" title=\"Set up a business in any EU country\" srcset=\"https:\/\/www.lithuaniancitizenship.com\/wp-content\/uploads\/2021\/02\/Set-up-a-business-in-any-EU-country.jpg 1024w, https:\/\/www.lithuaniancitizenship.com\/wp-content\/uploads\/2021\/02\/Set-up-a-business-in-any-EU-country-300x200.jpg 300w, https:\/\/www.lithuaniancitizenship.com\/wp-content\/uploads\/2021\/02\/Set-up-a-business-in-any-EU-country-768x512.jpg 768w, https:\/\/www.lithuaniancitizenship.com\/wp-content\/uploads\/2021\/02\/Set-up-a-business-in-any-EU-country-980x654.jpg 980w, https:\/\/www.lithuaniancitizenship.com\/wp-content\/uploads\/2021\/02\/Set-up-a-business-in-any-EU-country-480x320.jpg 480w\" sizes=\"auto, (max-width: 1024px) 100vw, 1024px\" \/>\n\n\n\n<h3 class=\"gb-text gb-text-613d2e82\">Processo simplificado para criar empresa e abertura de conta banc\u00e1ria em toda UE<\/h3>\n\n\n\n<p class=\"gb-text gb-text-79a193db\">Voc\u00ea ficar\u00e1 satisfeito ao saber que o processo de registro de uma empresa em toda a Europa \u00e9 muito semelhante e bastante simples. Na maioria dos pa\u00edses da UE \u00e9 poss\u00edvel registrar uma empresa em alguns dias, concluindo on-line todos os procedimentos no conforto da sua casa; em outros, pode levar at\u00e9 apenas algumas semanas.<\/p>\n\n\n\n<div class=\"gb-element-9c97ed7c\">\n<a class=\"gb-text-14286770 button_with_icon_hover contact_us_today\" href=\"\/pt-pt\/benefits-pt\/setup-business-in-any-country-pt\/\"><span class=\"gb-text\">Descubra mais<\/span><span class=\"gb-shape\"><svg aria-hidden=\"true\" role=\"img\" height=\"1em\" width=\"1em\" viewBox=\"0 0 256 512\" xmlns=\"http:\/\/www.w3.org\/2000\/svg\"><path fill=\"currentColor\" d=\"M224.3 273l-136 136c-9.4 9.4-24.6 9.4-33.9 0l-22.6-22.6c-9.4-9.4-9.4-24.6 0-33.9l96.4-96.4-96.4-96.4c-9.4-9.4-9.4-24.6 0-33.9L54.3 103c9.4-9.4 24.6-9.4 33.9 0l136 136c9.5 9.4 9.5 24.6.1 34z\"><\/path><\/svg><\/span><\/a>\n<\/div>\n\n\n\n<span class=\"gb-text gb-text-81f5dae7\"><\/span>\n<\/div>\n\n\n\n<div class=\"gb-element-22c4a3c3 benefits_Item\" id=\"benefits_Item_6\">\n<h2 class=\"gb-text gb-text-b42e9076\">Acesso a um sistema de sa\u00fade de classe mundial na UE<\/h2>\n\n\n\n<img loading=\"lazy\" decoding=\"async\" width=\"2000\" height=\"1333\" class=\"gb-media-5fca478f\" alt=\"Access to a world class EU healthcare\" src=\"https:\/\/www.lithuaniancitizenship.com\/wp-content\/uploads\/2021\/02\/Access-to-a-world-class-EU-healthcare.png\" title=\"Access to a world class EU healthcare\" srcset=\"https:\/\/www.lithuaniancitizenship.com\/wp-content\/uploads\/2021\/02\/Access-to-a-world-class-EU-healthcare.png 2000w, https:\/\/www.lithuaniancitizenship.com\/wp-content\/uploads\/2021\/02\/Access-to-a-world-class-EU-healthcare-300x200.png 300w, https:\/\/www.lithuaniancitizenship.com\/wp-content\/uploads\/2021\/02\/Access-to-a-world-class-EU-healthcare-1024x682.png 1024w, https:\/\/www.lithuaniancitizenship.com\/wp-content\/uploads\/2021\/02\/Access-to-a-world-class-EU-healthcare-768x512.png 768w, https:\/\/www.lithuaniancitizenship.com\/wp-content\/uploads\/2021\/02\/Access-to-a-world-class-EU-healthcare-1536x1024.png 1536w, https:\/\/www.lithuaniancitizenship.com\/wp-content\/uploads\/2021\/02\/Access-to-a-world-class-EU-healthcare-1080x720.png 1080w, https:\/\/www.lithuaniancitizenship.com\/wp-content\/uploads\/2021\/02\/Access-to-a-world-class-EU-healthcare-1280x853.png 1280w, https:\/\/www.lithuaniancitizenship.com\/wp-content\/uploads\/2021\/02\/Access-to-a-world-class-EU-healthcare-980x653.png 980w, https:\/\/www.lithuaniancitizenship.com\/wp-content\/uploads\/2021\/02\/Access-to-a-world-class-EU-healthcare-480x320.png 480w\" sizes=\"auto, (max-width: 2000px) 100vw, 2000px\" \/>\n\n\n\n<h3 class=\"gb-text gb-text-d3deb98e\">Servi\u00e7os de sa\u00fade s\u00e3o gratuitos ou subsidiados na maior parte da UE<\/h3>\n\n\n\n<p class=\"gb-text gb-text-471b6222\">Sendo um cidad\u00e3o de um pa\u00eds da UE tem acesso a um sistema de sa\u00fade de classe mundial em v\u00e1rios pa\u00edses da UE gratuitamente ou bastante subsidiados.<\/p>\n\n\n\n<div class=\"gb-element-84b9cd3b\">\n<a class=\"gb-text-c9bd8faa button_with_icon_hover contact_us_today\" href=\"\/pt-pt\/benefits-pt\/acesso-a-um-sistema-de-saude-de-classe-mundial-em-ue\/\"><span class=\"gb-text\">Descubra mais<\/span><span class=\"gb-shape\"><svg aria-hidden=\"true\" role=\"img\" height=\"1em\" width=\"1em\" viewBox=\"0 0 256 512\" xmlns=\"http:\/\/www.w3.org\/2000\/svg\"><path fill=\"currentColor\" d=\"M224.3 273l-136 136c-9.4 9.4-24.6 9.4-33.9 0l-22.6-22.6c-9.4-9.4-9.4-24.6 0-33.9l96.4-96.4-96.4-96.4c-9.4-9.4-9.4-24.6 0-33.9L54.3 103c9.4-9.4 24.6-9.4 33.9 0l136 136c9.5 9.4 9.5 24.6.1 34z\"><\/path><\/svg><\/span><\/a>\n<\/div>\n\n\n\n<span class=\"gb-text gb-text-6efa8437\"><\/span>\n<\/div>\n\n\n\n<div class=\"gb-element-5308f83d benefits_Item\" id=\"benefits_Item_7\">\n<h2 class=\"gb-text gb-text-eac6726a\">Cidadania da UE para seus filhos<\/h2>\n\n\n\n<img loading=\"lazy\" decoding=\"async\" width=\"1500\" height=\"1000\" class=\"gb-media-2f009a81\" alt=\"EU Citizenship for your children\" src=\"https:\/\/www.lithuaniancitizenship.com\/wp-content\/uploads\/2021\/02\/EU-Citizenship-for-your-children.jpeg\" title=\"EU Citizenship for your children\" srcset=\"https:\/\/www.lithuaniancitizenship.com\/wp-content\/uploads\/2021\/02\/EU-Citizenship-for-your-children.jpeg 1500w, https:\/\/www.lithuaniancitizenship.com\/wp-content\/uploads\/2021\/02\/EU-Citizenship-for-your-children-300x200.jpeg 300w, https:\/\/www.lithuaniancitizenship.com\/wp-content\/uploads\/2021\/02\/EU-Citizenship-for-your-children-1024x683.jpeg 1024w, https:\/\/www.lithuaniancitizenship.com\/wp-content\/uploads\/2021\/02\/EU-Citizenship-for-your-children-768x512.jpeg 768w, https:\/\/www.lithuaniancitizenship.com\/wp-content\/uploads\/2021\/02\/EU-Citizenship-for-your-children-1080x720.jpeg 1080w, https:\/\/www.lithuaniancitizenship.com\/wp-content\/uploads\/2021\/02\/EU-Citizenship-for-your-children-1280x853.jpeg 1280w, https:\/\/www.lithuaniancitizenship.com\/wp-content\/uploads\/2021\/02\/EU-Citizenship-for-your-children-980x653.jpeg 980w, https:\/\/www.lithuaniancitizenship.com\/wp-content\/uploads\/2021\/02\/EU-Citizenship-for-your-children-480x320.jpeg 480w\" sizes=\"auto, (max-width: 1500px) 100vw, 1500px\" \/>\n\n\n\n<h3 class=\"gb-text gb-text-90822aa6\">Transmita a sua cidadania da UE para os seus futuros filhos<\/h3>\n\n\n\n<p class=\"gb-text gb-text-80301756\">Se tiver filhos depois de obter a cidadania Lituana, os seus filhos podem obter a cidadania Lituana desde o nascimento e ter a possibilidade de a transmitir aos seus filhos e netos. Ao obter a cidadania Lituana agora, obteria uma cidadania da UE n\u00e3o apenas para si mas para os seus filhos e netos.<\/p>\n\n\n\n<div class=\"gb-element-7818ad26\">\n<a class=\"gb-text-d8485a33 button_with_icon_hover contact_us_today\" href=\"\/pt-pt\/benefits-pt\/cidadania-da-ue-para-seus-filhos\/\"><span class=\"gb-text\">Descubra mais<\/span><span class=\"gb-shape\"><svg aria-hidden=\"true\" role=\"img\" height=\"1em\" width=\"1em\" viewBox=\"0 0 256 512\" xmlns=\"http:\/\/www.w3.org\/2000\/svg\"><path fill=\"currentColor\" d=\"M224.3 273l-136 136c-9.4 9.4-24.6 9.4-33.9 0l-22.6-22.6c-9.4-9.4-9.4-24.6 0-33.9l96.4-96.4-96.4-96.4c-9.4-9.4-9.4-24.6 0-33.9L54.3 103c9.4-9.4 24.6-9.4 33.9 0l136 136c9.5 9.4 9.5 24.6.1 34z\"><\/path><\/svg><\/span><\/a>\n<\/div>\n\n\n\n<span class=\"gb-text gb-text-709d8f48\"><\/span>\n<\/div>\n\n\n\n<div class=\"gb-element-5c29a94c benefits_Item\" id=\"benefits_Item_8\">\n<h2 class=\"gb-text gb-text-a5112a38\">Acesso a todos os benef\u00edcios da Seguridade Social<\/h2>\n\n\n\n<img loading=\"lazy\" decoding=\"async\" width=\"1500\" height=\"1000\" class=\"gb-media-b789c37c\" alt=\"Access to all Social Security benefits\" src=\"https:\/\/www.lithuaniancitizenship.com\/wp-content\/uploads\/2021\/02\/Access-to-all-Social-Security-benefits.jpeg\" title=\"Access to all Social Security benefits\" srcset=\"https:\/\/www.lithuaniancitizenship.com\/wp-content\/uploads\/2021\/02\/Access-to-all-Social-Security-benefits.jpeg 1500w, https:\/\/www.lithuaniancitizenship.com\/wp-content\/uploads\/2021\/02\/Access-to-all-Social-Security-benefits-300x200.jpeg 300w, https:\/\/www.lithuaniancitizenship.com\/wp-content\/uploads\/2021\/02\/Access-to-all-Social-Security-benefits-1024x683.jpeg 1024w, https:\/\/www.lithuaniancitizenship.com\/wp-content\/uploads\/2021\/02\/Access-to-all-Social-Security-benefits-768x512.jpeg 768w, https:\/\/www.lithuaniancitizenship.com\/wp-content\/uploads\/2021\/02\/Access-to-all-Social-Security-benefits-1080x720.jpeg 1080w, https:\/\/www.lithuaniancitizenship.com\/wp-content\/uploads\/2021\/02\/Access-to-all-Social-Security-benefits-1280x853.jpeg 1280w, https:\/\/www.lithuaniancitizenship.com\/wp-content\/uploads\/2021\/02\/Access-to-all-Social-Security-benefits-980x653.jpeg 980w, https:\/\/www.lithuaniancitizenship.com\/wp-content\/uploads\/2021\/02\/Access-to-all-Social-Security-benefits-480x320.jpeg 480w\" sizes=\"auto, (max-width: 1500px) 100vw, 1500px\" \/>\n\n\n\n<h3 class=\"gb-text gb-text-9af34eb2\">Cidad\u00e3os da UE t\u00eam direito a benef\u00edcios da Seguridade Social em todos os pa\u00edses da UE<\/h3>\n\n\n\n<p class=\"gb-text gb-text-7945aa57\">Cada pa\u00eds da UE tem as suas leis de seguridade social, no entanto a UE adotou regras para coordenar os diferentes sistemas nacionais de seguridade social. As regras de coordena\u00e7\u00e3o se aplicam ao Espa\u00e7o Econ\u00f4mico Europeu (EEE) \u2013 todos os Estados-Membros da UE, Noruega, Liechtenstein, Isl\u00e2ndia, e Su\u00ed\u00e7a.<\/p>\n\n\n\n<div class=\"gb-element-0eaedfb5\">\n<a class=\"gb-text-f9deecbe button_with_icon_hover contact_us_today\" href=\"\/pt-pt\/benefits-pt\/access-to-all-social-security-benefits-pt\/\"><span class=\"gb-text\">Descubra mais<\/span><span class=\"gb-shape\"><svg aria-hidden=\"true\" role=\"img\" height=\"1em\" width=\"1em\" viewBox=\"0 0 256 512\" xmlns=\"http:\/\/www.w3.org\/2000\/svg\"><path fill=\"currentColor\" d=\"M224.3 273l-136 136c-9.4 9.4-24.6 9.4-33.9 0l-22.6-22.6c-9.4-9.4-9.4-24.6 0-33.9l96.4-96.4-96.4-96.4c-9.4-9.4-9.4-24.6 0-33.9L54.3 103c9.4-9.4 24.6-9.4 33.9 0l136 136c9.5 9.4 9.5 24.6.1 34z\"><\/path><\/svg><\/span><\/a>\n<\/div>\n\n\n\n<span class=\"gb-text gb-text-a31b048c\"><\/span>\n<\/div>\n<\/div>\n<\/div>\n<\/div>\n<\/div>\n","protected":false},"excerpt":{"rendered":"<p>Benef\u00edcios da Cidadania Lituana Restitui\u00e7\u00e3o da cidadania Lituana trar\u00e1 a voc\u00ea o acesso aos amplos benef\u00edcios de um titular de passaporte da UE. Viva, trabalhe, estude, abra neg\u00f3cio em um pa\u00eds da UE de escolha &#8230; <a title=\"Benef\u00edcios\" class=\"read-more\" href=\"https:\/\/www.lithuaniancitizenship.com\/pt-pt\/benefits-pt\/\" aria-label=\"Leia mais sobre Benef\u00edcios\">Read more<\/a><\/p>\n","protected":false},"author":12,"featured_media":0,"parent":0,"menu_order":0,"comment_status":"closed","ping_status":"closed","template":"","meta":{"footnotes":""},"class_list":{"0":"post-7215","1":"page","2":"type-page","3":"status-publish","5":"no-featured-image-padding"},"_links":{"self":[{"href":"https:\/\/www.lithuaniancitizenship.com\/pt-pt\/wp-json\/wp\/v2\/pages\/7215","targetHints":{"allow":["GET"]}}],"collection":[{"href":"https:\/\/www.lithuaniancitizenship.com\/pt-pt\/wp-json\/wp\/v2\/pages"}],"about":[{"href":"https:\/\/www.lithuaniancitizenship.com\/pt-pt\/wp-json\/wp\/v2\/types\/page"}],"author":[{"embeddable":true,"href":"https:\/\/www.lithuaniancitizenship.com\/pt-pt\/wp-json\/wp\/v2\/users\/12"}],"replies":[{"embeddable":true,"href":"https:\/\/www.lithuaniancitizenship.com\/pt-pt\/wp-json\/wp\/v2\/comments?post=7215"}],"version-history":[{"count":10,"href":"https:\/\/www.lithuaniancitizenship.com\/pt-pt\/wp-json\/wp\/v2\/pages\/7215\/revisions"}],"predecessor-version":[{"id":67664,"href":"https:\/\/www.lithuaniancitizenship.com\/pt-pt\/wp-json\/wp\/v2\/pages\/7215\/revisions\/67664"}],"wp:attachment":[{"href":"https:\/\/www.lithuaniancitizenship.com\/pt-pt\/wp-json\/wp\/v2\/media?parent=7215"}],"curies":[{"name":"wp","href":"https:\/\/api.w.org\/{rel}","templated":true}]}}