{"id":9686,"date":"2021-02-10T21:39:33","date_gmt":"2021-02-10T21:39:33","guid":{"rendered":"https:\/\/www.lithuaniancitizenship.com\/privacy-policy\/"},"modified":"2025-09-19T14:25:45","modified_gmt":"2025-09-19T13:25:45","slug":"privacy-policy","status":"publish","type":"page","link":"https:\/\/www.lithuaniancitizenship.com\/pt-pt\/privacy-policy\/","title":{"rendered":"Pol\u00edtica de Privacidade"},"content":{"rendered":"<h2>Pol\u00edtica de Privacidade<\/h2>\n<p>\u00daltima atualiza\u00e7\u00e3o: 10 de fevereiro de 2025<\/p>\n<p>Esta Pol\u00edtica de Privacidade descreve nossas pol\u00edticas e procedimentos sobre a coleta, o uso e a divulga\u00e7\u00e3o de suas informa\u00e7\u00f5es quando voc\u00ea usa o Servi\u00e7o e informa sobre seus direitos de privacidade e como a lei o protege.<\/p>\n<p>Usamos seus dados pessoais para fornecer e aprimorar o Servi\u00e7o. Ao usar o Servi\u00e7o, voc\u00ea concorda com a coleta e o uso de informa\u00e7\u00f5es de acordo com esta Pol\u00edtica de Privacidade. Esta Pol\u00edtica de Privacidade foi criada com a ajuda do Gerador de Pol\u00edtica de Privacidade.<\/p>\n<h2>Interpreta\u00e7\u00e3o e defini\u00e7\u00f5es<\/h2>\n<h3>Interpreta\u00e7\u00e3o<\/h3>\n<p>As palavras cuja letra inicial est\u00e1 em mai\u00fascula t\u00eam significados definidos nas seguintes condi\u00e7\u00f5es. As defini\u00e7\u00f5es a seguir ter\u00e3o o mesmo significado, independentemente de aparecerem no singular ou no plural.<\/p>\n<h3>Defini\u00e7\u00f5es<\/h3>\n<p>Para os fins desta Pol\u00edtica de Privacidade:<\/p>\n<ul>\n<li><strong>Conta<\/strong> significa uma conta exclusiva criada para que Voc\u00ea acesse nosso Servi\u00e7o ou partes do nosso Servi\u00e7o.<\/li>\n<li><strong>Empresa<\/strong> (referida como \u201ca Empresa\u201d, \u201cN\u00f3s\u201d, \u201cNos\u201d ou \u201cNosso\u201d neste Contrato) refere-se \u00e0 De Civitate, UAB, \u017dalgirio g. 122, 09300 Vilnius, Lithuania.<\/li>\n<li><strong>Cookies<\/strong> s\u00e3o pequenos arquivos que s\u00e3o colocados em seu computador, dispositivo m\u00f3vel ou qualquer outro dispositivo por um site, contendo os detalhes de seu hist\u00f3rico de navega\u00e7\u00e3o nesse site, entre outros usos.<\/li>\n<li><strong>O pa\u00eds<\/strong> se refere a: Litu\u00e2nia.<\/li>\n<li><strong>Dispositivo<\/strong> significa qualquer dispositivo que possa acessar o Servi\u00e7o, como um computador, um celular ou um tablet digital.<\/li>\n<li><strong>Dados pessoais<\/strong> s\u00e3o quaisquer informa\u00e7\u00f5es relacionadas a um indiv\u00edduo identificado ou identific\u00e1vel.<\/li>\n<li><strong>Servi\u00e7o<\/strong> refere-se ao Site.<\/li>\n<li><strong>Provedor de servi\u00e7os<\/strong> significa qualquer pessoa f\u00edsica ou jur\u00eddica que processa os dados em nome da Empresa. Refere-se a empresas terceirizadas ou indiv\u00edduos empregados pela Empresa para facilitar o Servi\u00e7o, fornecer o Servi\u00e7o em nome da Empresa, realizar servi\u00e7os relacionados ao Servi\u00e7o ou auxiliar a Empresa na an\u00e1lise de como o Servi\u00e7o \u00e9 usado.<\/li>\n<li><strong>Servi\u00e7o de m\u00eddia social de terceiros<\/strong> refere-se a qualquer site ou site de rede social por meio do qual um Usu\u00e1rio pode fazer login ou criar uma conta para usar o Servi\u00e7o.<\/li>\n<li><strong>Dados de uso<\/strong> referem-se aos dados coletados automaticamente, gerados pelo uso do Servi\u00e7o ou da pr\u00f3pria infraestrutura do Servi\u00e7o (por exemplo, a dura\u00e7\u00e3o de uma visita \u00e0 p\u00e1gina).<\/li>\n<li><strong>Site<\/strong> refere-se a Lithuaniancitizenship.com, acess\u00edvel a partir de <a href=\"https:\/\/www.lithuaniancitizenship.com\/pt-pt\/\" target=\"_blank\" rel=\"external nofollow noopener\">https:\/\/www.lithuaniancitizenship.com<\/a><\/li>\n<li><strong>Voc\u00ea<\/strong> significa o indiv\u00edduo que est\u00e1 acessando ou usando o Servi\u00e7o, ou a empresa ou outra entidade legal em nome da qual esse indiv\u00edduo est\u00e1 acessando ou usando o Servi\u00e7o, conforme aplic\u00e1vel.<\/li>\n<\/ul>\n<h2>Coleta e uso de seus dados pessoais<\/h2>\n<h3>Tipos de dados coletados<\/h3>\n<h4>Dados pessoais<\/h4>\n<p>Ao usar nosso Servi\u00e7o, poderemos solicitar que voc\u00ea nos forne\u00e7a determinadas informa\u00e7\u00f5es de identifica\u00e7\u00e3o pessoal que possam ser usadas para contat\u00e1-lo ou identific\u00e1-lo. As informa\u00e7\u00f5es de identifica\u00e7\u00e3o pessoal podem incluir, mas n\u00e3o est\u00e3o limitadas a:<\/p>\n<ul>\n<li>Endere\u00e7o de e-mail<\/li>\n<li>Nome e sobrenome<\/li>\n<li>N\u00famero de telefone<\/li>\n<li>Dados de uso<\/li>\n<\/ul>\n<h4>Dados de uso<\/h4>\n<p>Os Dados de Uso s\u00e3o coletados automaticamente ao usar o Servi\u00e7o.<\/p>\n<p>Os Dados de Uso podem incluir informa\u00e7\u00f5es como o endere\u00e7o de protocolo da Internet (por exemplo, endere\u00e7o IP) do seu dispositivo, tipo de navegador, vers\u00e3o do navegador, as p\u00e1ginas do nosso Servi\u00e7o que voc\u00ea visita, a hora e a data da sua visita, o tempo gasto nessas p\u00e1ginas, identificadores exclusivos de dispositivos e outros dados de diagn\u00f3stico.<\/p>\n<p>Quando voc\u00ea acessa o Servi\u00e7o por ou por meio de um dispositivo m\u00f3vel, podemos coletar determinadas informa\u00e7\u00f5es automaticamente, inclusive, entre outras, o tipo de dispositivo m\u00f3vel que voc\u00ea usa, a ID exclusiva do seu dispositivo m\u00f3vel, o endere\u00e7o IP do seu dispositivo m\u00f3vel, o sistema operacional do seu dispositivo m\u00f3vel, o tipo de navegador de Internet m\u00f3vel que voc\u00ea usa, identificadores exclusivos de dispositivos e outros dados de diagn\u00f3stico.<\/p>\n<p>Tamb\u00e9m podemos coletar informa\u00e7\u00f5es que o seu navegador envia sempre que voc\u00ea visita o nosso Servi\u00e7o ou quando voc\u00ea acessa o Servi\u00e7o por ou por meio de um dispositivo m\u00f3vel.<\/p>\n<h4>Tecnologias de rastreamento e cookies<\/h4>\n<p>Usamos cookies e tecnologias de rastreamento semelhantes para rastrear a atividade em nosso Servi\u00e7o e armazenar determinadas informa\u00e7\u00f5es. As tecnologias de rastreamento usadas s\u00e3o beacons, tags e scripts para coletar e rastrear informa\u00e7\u00f5es e para melhorar e analisar nosso Servi\u00e7o. As tecnologias que usamos podem incluir:<\/p>\n<ul>\n<li><strong>Cookies ou cookies de navegador.<\/strong> Um cookie \u00e9 um pequeno arquivo colocado em seu dispositivo. Voc\u00ea pode instruir seu navegador a recusar todos os cookies ou a indicar quando um cookie est\u00e1 sendo enviado. Entretanto, se voc\u00ea n\u00e3o aceitar cookies, talvez n\u00e3o consiga usar algumas partes do nosso Servi\u00e7o. A menos que voc\u00ea tenha ajustado a configura\u00e7\u00e3o do seu navegador para recusar cookies, nosso Servi\u00e7o poder\u00e1 usar cookies.<\/li>\n<li><strong>Flash Cookies.<\/strong> Determinados recursos do nosso Servi\u00e7o podem usar objetos locais armazenados (ou Flash Cookies) para coletar e armazenar informa\u00e7\u00f5es sobre suas prefer\u00eancias ou sua atividade em nosso Servi\u00e7o. Os Flash Cookies n\u00e3o s\u00e3o gerenciados pelas mesmas configura\u00e7\u00f5es de navegador usadas para os Cookies de Navegador. Para obter mais informa\u00e7\u00f5es sobre como voc\u00ea pode excluir Flash Cookies, leia \u201cOnde posso alterar as configura\u00e7\u00f5es para desativar ou excluir objetos locais compartilhados?\u201d dispon\u00edvel em <a class=\"broken_link_NO\" href=\"https:\/\/helpx.adobe.com\/flash-player\/kb\/disable-local-shared-objects-flash.html#main_Where_can_I_change_the_settings_for_disabling__or_deleting_local_shared_objects_\" target=\"_blank\" rel=\"external nofollow noopener\">https:\/\/helpx.adobe.com\/flash-player\/kb\/disable-local-shared-objects-flash.html#main_Where_can_I_change_the_settings_for_disabling__or_deleting_local_shared_objects_<\/a><\/li>\n<li><strong>Web Beacons.<\/strong> Determinadas se\u00e7\u00f5es do nosso Servi\u00e7o e nossos e-mails podem conter pequenos arquivos eletr\u00f4nicos conhecidos como web beacons (tamb\u00e9m chamados de clear gifs, pixel tags e single-pixel gifs) que permitem \u00e0 Empresa, por exemplo, contar os usu\u00e1rios que visitaram essas p\u00e1ginas ou abriram um e-mail e para outras estat\u00edsticas relacionadas ao site (por exemplo, registrar a popularidade de uma determinada se\u00e7\u00e3o e verificar a integridade do sistema e do servidor).<\/li>\n<\/ul>\n<p>Os cookies podem ser cookies \u201cpersistentes\u201d ou de \u201csess\u00e3o\u201d. Os cookies persistentes permanecem no seu computador pessoal ou dispositivo m\u00f3vel quando voc\u00ea fica off-line, enquanto os cookies de sess\u00e3o s\u00e3o exclu\u00eddos assim que voc\u00ea fecha o navegador da Web. Saiba mais sobre cookies: Cookies: O que eles fazem?<\/p>\n<p>Usamos cookies de sess\u00e3o e persistentes para as finalidades definidas abaixo:<\/p>\n<ul>\n<li><strong>Cookies necess\u00e1rios\/essenciais<\/strong><br \/>\nTipo: Cookies de sess\u00e3o<br \/>\nAdministrado por: N\u00f3s<br \/>\nObjetivo: esses cookies s\u00e3o essenciais para fornecer a voc\u00ea os servi\u00e7os dispon\u00edveis no site e para permitir que voc\u00ea use alguns de seus recursos. Eles ajudam a autenticar usu\u00e1rios e a evitar o uso fraudulento de contas de usu\u00e1rio. Sem esses cookies, os servi\u00e7os que voc\u00ea solicitou n\u00e3o podem ser fornecidos, e n\u00f3s s\u00f3 usamos esses cookies para fornecer esses servi\u00e7os a voc\u00ea.<\/li>\n<li><strong>Pol\u00edtica de Cookies \/ Aviso Cookies de aceita\u00e7\u00e3o<\/strong><br \/>\nTipo: Cookies persistentes<br \/>\nAdministrado por: N\u00f3s<br \/>\nObjetivo: Esses cookies identificam se os usu\u00e1rios aceitaram o uso de cookies no site.<\/li>\n<li><strong>Cookies de funcionalidade<\/strong><br \/>\nTipo: Cookies persistentes<br \/>\nAdministrado por: N\u00f3s<br \/>\nObjetivo: esses cookies nos permitem lembrar as escolhas que voc\u00ea faz quando usa o site, como lembrar seus detalhes de login ou prefer\u00eancia de idioma. A finalidade desses cookies \u00e9 proporcionar a voc\u00ea uma experi\u00eancia mais pessoal e evitar que voc\u00ea tenha que reinserir suas prefer\u00eancias sempre que usar o site.<\/li>\n<\/ul>\n<p>Para obter mais informa\u00e7\u00f5es sobre os cookies que usamos e suas escolhas em rela\u00e7\u00e3o a eles, visite nossa Pol\u00edtica de Cookies ou a se\u00e7\u00e3o Cookies da nossa Pol\u00edtica de Privacidade.<\/p>\n<h3>Uso de seus dados pessoais<\/h3>\n<p>A Empresa poder\u00e1 usar os Dados Pessoais para as seguintes finalidades:<\/p>\n<ul>\n<li><strong>Fornecer e manter nosso Servi\u00e7o<\/strong>, inclusive para monitorar o uso do nosso Servi\u00e7o.<\/li>\n<li><strong>Para gerenciar a sua conta:<\/strong> para gerenciar o seu registro como usu\u00e1rio do Servi\u00e7o. Os Dados Pessoais que voc\u00ea fornece podem lhe dar acesso a diferentes funcionalidades do Servi\u00e7o que est\u00e3o dispon\u00edveis para voc\u00ea como um usu\u00e1rio registrado.<\/li>\n<li><strong>Para a execu\u00e7\u00e3o de um contrato:<\/strong> o desenvolvimento, a conformidade e a execu\u00e7\u00e3o do contrato de compra dos produtos, itens ou servi\u00e7os que voc\u00ea adquiriu ou de qualquer outro contrato conosco por meio do Servi\u00e7o.<\/li>\n<li><strong>Para entrar em contato com o Usu\u00e1rio:<\/strong> Para contat\u00e1-lo por e-mail, telefonemas, SMS ou outras formas equivalentes de comunica\u00e7\u00e3o eletr\u00f4nica, como notifica\u00e7\u00f5es push de um aplicativo m\u00f3vel sobre atualiza\u00e7\u00f5es ou comunica\u00e7\u00f5es informativas relacionadas \u00e0s funcionalidades, produtos ou servi\u00e7os contratados, incluindo as atualiza\u00e7\u00f5es de seguran\u00e7a, quando necess\u00e1rio ou razo\u00e1vel para sua implementa\u00e7\u00e3o.<\/li>\n<li><strong>Para fornecer a Voc\u00ea<\/strong> not\u00edcias, ofertas especiais e informa\u00e7\u00f5es gerais sobre outros bens, servi\u00e7os e eventos que oferecemos que sejam semelhantes \u00e0queles que voc\u00ea j\u00e1 comprou ou consultou, a menos que Voc\u00ea tenha optado por n\u00e3o receber tais informa\u00e7\u00f5es.<\/li>\n<li><strong>Para gerenciar suas solicita\u00e7\u00f5es:<\/strong> Para atender e gerenciar suas solicita\u00e7\u00f5es para n\u00f3s.<\/li>\n<li><strong>Para transfer\u00eancias de neg\u00f3cios:<\/strong> Podemos usar suas informa\u00e7\u00f5es para avaliar ou conduzir uma fus\u00e3o, aliena\u00e7\u00e3o, reestrutura\u00e7\u00e3o, reorganiza\u00e7\u00e3o, dissolu\u00e7\u00e3o ou outra venda ou transfer\u00eancia de alguns ou todos os nossos ativos, seja como uma empresa em funcionamento ou como parte de um processo de fal\u00eancia, liquida\u00e7\u00e3o ou similar, no qual os dados pessoais mantidos por n\u00f3s sobre os usu\u00e1rios de nossos servi\u00e7os estejam entre os ativos transferidos.<\/li>\n<li><strong>Para outros fins:<\/strong> Poderemos usar suas informa\u00e7\u00f5es para outros fins, como an\u00e1lise de dados, identifica\u00e7\u00e3o de tend\u00eancias de uso, determina\u00e7\u00e3o da efic\u00e1cia de nossas campanhas promocionais e para avaliar e melhorar nosso Servi\u00e7o, produtos, servi\u00e7os, marketing e sua experi\u00eancia.<\/li>\n<\/ul>\n<p>Podemos compartilhar suas informa\u00e7\u00f5es pessoais nas seguintes situa\u00e7\u00f5es:<\/p>\n<ul>\n<li><strong>Com provedores de servi\u00e7os:<\/strong> Podemos compartilhar suas informa\u00e7\u00f5es pessoais com os provedores de servi\u00e7os para monitorar e analisar o uso do nosso Servi\u00e7o e entrar em contato com voc\u00ea.<\/li>\n<li><strong>Para transfer\u00eancias de neg\u00f3cios:<\/strong> Podemos compartilhar ou transferir suas informa\u00e7\u00f5es pessoais em conex\u00e3o com, ou durante as negocia\u00e7\u00f5es de, qualquer fus\u00e3o, venda de ativos da Empresa, financiamento ou aquisi\u00e7\u00e3o de todo ou parte de nossos neg\u00f3cios para outra empresa.<\/li>\n<li><strong>Com afiliadas:<\/strong> Podemos compartilhar suas informa\u00e7\u00f5es com nossas afiliadas e, nesse caso, exigiremos que essas afiliadas respeitem esta Pol\u00edtica de Privacidade. As afiliadas incluem nossa empresa controladora e quaisquer outras subsidi\u00e1rias, parceiros de joint venture ou outras empresas que controlamos ou que est\u00e3o sob controle comum conosco.<\/li>\n<li><strong>Com parceiros comerciais:<\/strong> Podemos compartilhar suas informa\u00e7\u00f5es com nossos parceiros comerciais para lhe oferecer determinados produtos, servi\u00e7os ou promo\u00e7\u00f5es.<\/li>\n<li><strong>Com outros usu\u00e1rios:<\/strong> quando voc\u00ea compartilha informa\u00e7\u00f5es pessoais ou interage de outra forma nas \u00e1reas p\u00fablicas com outros usu\u00e1rios, essas informa\u00e7\u00f5es podem ser visualizadas por todos os usu\u00e1rios e podem ser distribu\u00eddas publicamente no exterior. Se voc\u00ea interagir com outros usu\u00e1rios ou se registrar por meio de um Servi\u00e7o de M\u00eddia Social de Terceiros, seus contatos no Servi\u00e7o de M\u00eddia Social de Terceiros poder\u00e3o ver seu nome, perfil, fotos e descri\u00e7\u00e3o de sua atividade. Da mesma forma, outros usu\u00e1rios poder\u00e3o visualizar descri\u00e7\u00f5es de sua atividade, comunicar-se com voc\u00ea e visualizar seu perfil.<\/li>\n<li><strong>Com seu consentimento:<\/strong> Podemos divulgar suas informa\u00e7\u00f5es pessoais para qualquer outra finalidade com o seu consentimento.<\/li>\n<\/ul>\n<h3>Reten\u00e7\u00e3o de seus dados pessoais<\/h3>\n<p>A Empresa reter\u00e1 seus Dados Pessoais somente pelo tempo necess\u00e1rio para os fins estabelecidos nesta Pol\u00edtica de Privacidade. Reteremos e usaremos seus Dados Pessoais na medida necess\u00e1ria para cumprir nossas obriga\u00e7\u00f5es legais (por exemplo, se formos obrigados a reter seus dados para cumprir as leis aplic\u00e1veis), resolver disputas e fazer cumprir nossos acordos e pol\u00edticas legais.<\/p>\n<p>A Empresa tamb\u00e9m reter\u00e1 os Dados de Uso para fins de an\u00e1lise interna. Os Dados de Uso geralmente s\u00e3o retidos por um per\u00edodo mais curto, exceto quando esses dados s\u00e3o usados para refor\u00e7ar a seguran\u00e7a ou melhorar a funcionalidade de Nosso Servi\u00e7o, ou quando somos legalmente obrigados a reter esses dados por per\u00edodos mais longos.<\/p>\n<h2>Transfer\u00eancia de seus dados pessoais<\/h2>\n<p>Suas informa\u00e7\u00f5es, inclusive os Dados Pessoais, s\u00e3o processadas nos escrit\u00f3rios operacionais da Empresa e em quaisquer outros locais onde as partes envolvidas no processamento estejam localizadas. Isso significa que essas informa\u00e7\u00f5es podem ser transferidas para &#8211; e mantidas em &#8211; computadores localizados fora de seu estado, prov\u00edncia, pa\u00eds ou outra jurisdi\u00e7\u00e3o governamental, onde as leis de prote\u00e7\u00e3o de dados podem ser diferentes daquelas de sua jurisdi\u00e7\u00e3o.<\/p>\n<p>Seu consentimento com esta Pol\u00edtica de Privacidade, seguido do envio de tais informa\u00e7\u00f5es, representa sua concord\u00e2ncia com essa transfer\u00eancia.<\/p>\n<p>A Empresa tomar\u00e1 todas as medidas razoavelmente necess\u00e1rias para garantir que seus dados sejam tratados com seguran\u00e7a e de acordo com esta Pol\u00edtica de Privacidade e nenhuma transfer\u00eancia de seus dados pessoais ocorrer\u00e1 para uma organiza\u00e7\u00e3o ou um pa\u00eds, a menos que haja controles adequados em vigor, incluindo a seguran\u00e7a de seus dados e outras informa\u00e7\u00f5es pessoais.<\/p>\n<h3>Divulga\u00e7\u00e3o de seus dados pessoais<\/h3>\n<h4>Transa\u00e7\u00f5es comerciais<\/h4>\n<p>Se a Empresa estiver envolvida em uma fus\u00e3o, aquisi\u00e7\u00e3o ou venda de ativos, seus dados pessoais poder\u00e3o ser transferidos. Avisaremos antes que Seus Dados Pessoais sejam transferidos e se tornem sujeitos a uma Pol\u00edtica de Privacidade diferente.<\/p>\n<h4>Aplica\u00e7\u00e3o da lei<\/h4>\n<p>Em determinadas circunst\u00e2ncias, a Empresa poder\u00e1 ser solicitada a divulgar seus Dados Pessoais se for obrigada a faz\u00ea-lo por lei ou em resposta a solicita\u00e7\u00f5es v\u00e1lidas de autoridades p\u00fablicas (por exemplo, um tribunal ou uma ag\u00eancia governamental).<\/p>\n<h4>Outras exig\u00eancias legais<\/h4>\n<p>A Empresa poder\u00e1 divulgar seus Dados Pessoais na cren\u00e7a de boa f\u00e9 de que tal a\u00e7\u00e3o \u00e9 necess\u00e1ria para:<\/p>\n<ul>\n<li>Cumprir com uma obriga\u00e7\u00e3o legal<\/li>\n<li>Proteger e defender os direitos ou a propriedade da Empresa<\/li>\n<li>Prevenir ou investigar poss\u00edveis irregularidades em rela\u00e7\u00e3o ao Servi\u00e7o<\/li>\n<li>Proteger a seguran\u00e7a pessoal dos Usu\u00e1rios do Servi\u00e7o ou do p\u00fablico<\/li>\n<li>Proteger-se contra responsabilidade legal<\/li>\n<\/ul>\n<h3>Seguran\u00e7a de seus dados pessoais<\/h3>\n<p>A seguran\u00e7a dos seus dados pessoais \u00e9 importante para n\u00f3s, mas lembre-se de que nenhum m\u00e9todo de transmiss\u00e3o pela Internet ou m\u00e9todo de armazenamento eletr\u00f4nico \u00e9 100% seguro. Embora nos esforcemos para usar meios comercialmente aceit\u00e1veis para proteger seus dados pessoais, n\u00e3o podemos garantir sua seguran\u00e7a absoluta.<\/p>\n<h2>Privacidade de crian\u00e7as<\/h2>\n<p>Nosso Servi\u00e7o n\u00e3o se destina a menores de 13 anos de idade. N\u00e3o coletamos intencionalmente informa\u00e7\u00f5es de identifica\u00e7\u00e3o pessoal de menores de 13 anos. Se voc\u00ea for pai ou respons\u00e1vel e estiver ciente de que seu filho nos forneceu dados pessoais, entre em contato conosco. Se tomarmos conhecimento de que coletamos dados pessoais de menores de 13 anos sem a verifica\u00e7\u00e3o do consentimento dos pais, tomaremos medidas para remover essas informa\u00e7\u00f5es de nossos servidores.<\/p>\n<p>Se precisarmos confiar no consentimento como base legal para o processamento de suas informa\u00e7\u00f5es e seu pa\u00eds exigir o consentimento de um dos pais, poderemos exigir o consentimento de seus pais antes de coletar e usar essas informa\u00e7\u00f5es.<\/p>\n<h2>Links para outros sites<\/h2>\n<p>Nosso Servi\u00e7o pode conter links para outros sites que n\u00e3o s\u00e3o operados por n\u00f3s. Se voc\u00ea clicar em um link de terceiros, ser\u00e1 direcionado ao site desses terceiros. Recomendamos enfaticamente que voc\u00ea analise a Pol\u00edtica de Privacidade de cada site que visitar.<\/p>\n<p>N\u00e3o temos controle e n\u00e3o assumimos nenhuma responsabilidade pelo conte\u00fado, pol\u00edticas de privacidade ou pr\u00e1ticas de sites ou servi\u00e7os de terceiros.<\/p>\n<h2>Altera\u00e7\u00f5es a esta Pol\u00edtica de Privacidade<\/h2>\n<p>Podemos atualizar nossa Pol\u00edtica de Privacidade de tempos em tempos. N\u00f3s o notificaremos sobre quaisquer altera\u00e7\u00f5es publicando a nova Pol\u00edtica de Privacidade nesta p\u00e1gina.<\/p>\n<p>N\u00f3s o informaremos por e-mail e\/ou por meio de um aviso em destaque em nosso Servi\u00e7o, antes que a altera\u00e7\u00e3o entre em vigor, e atualizaremos a data da \u201c\u00daltima atualiza\u00e7\u00e3o\u201d na parte superior desta Pol\u00edtica de Privacidade.<\/p>\n<p>Aconselhamos que voc\u00ea revise esta Pol\u00edtica de Privacidade periodicamente para verificar se houve alguma altera\u00e7\u00e3o. As altera\u00e7\u00f5es a esta Pol\u00edtica de Privacidade entrar\u00e3o em vigor quando forem publicadas nesta p\u00e1gina.<\/p>\n<h2>Entre em contato conosco<\/h2>\n<p>Se tiver alguma d\u00favida sobre esta Pol\u00edtica de Privacidade, entre em contato conosco:<\/p>\n<ul>\n<li>Por e-mail: info@lithuaniancitizenship.com<\/li>\n<\/ul>\n","protected":false},"excerpt":{"rendered":"<p>Pol\u00edtica de Privacidade \u00daltima atualiza\u00e7\u00e3o: 10 de fevereiro de 2025 Esta Pol\u00edtica de Privacidade descreve nossas pol\u00edticas e procedimentos sobre a coleta, o uso e a divulga\u00e7\u00e3o de suas informa\u00e7\u00f5es quando voc\u00ea usa o Servi\u00e7o &#8230; <a title=\"Pol\u00edtica de Privacidade\" class=\"read-more\" href=\"https:\/\/www.lithuaniancitizenship.com\/pt-pt\/privacy-policy\/\" aria-label=\"Leia mais sobre Pol\u00edtica de Privacidade\">Read more<\/a><\/p>\n","protected":false},"author":12,"featured_media":0,"parent":0,"menu_order":0,"comment_status":"closed","ping_status":"closed","template":"","meta":{"footnotes":""},"class_list":{"0":"post-9686","1":"page","2":"type-page","3":"status-publish","5":"no-featured-image-padding"},"_links":{"self":[{"href":"https:\/\/www.lithuaniancitizenship.com\/pt-pt\/wp-json\/wp\/v2\/pages\/9686","targetHints":{"allow":["GET"]}}],"collection":[{"href":"https:\/\/www.lithuaniancitizenship.com\/pt-pt\/wp-json\/wp\/v2\/pages"}],"about":[{"href":"https:\/\/www.lithuaniancitizenship.com\/pt-pt\/wp-json\/wp\/v2\/types\/page"}],"author":[{"embeddable":true,"href":"https:\/\/www.lithuaniancitizenship.com\/pt-pt\/wp-json\/wp\/v2\/users\/12"}],"replies":[{"embeddable":true,"href":"https:\/\/www.lithuaniancitizenship.com\/pt-pt\/wp-json\/wp\/v2\/comments?post=9686"}],"version-history":[{"count":4,"href":"https:\/\/www.lithuaniancitizenship.com\/pt-pt\/wp-json\/wp\/v2\/pages\/9686\/revisions"}],"predecessor-version":[{"id":67472,"href":"https:\/\/www.lithuaniancitizenship.com\/pt-pt\/wp-json\/wp\/v2\/pages\/9686\/revisions\/67472"}],"wp:attachment":[{"href":"https:\/\/www.lithuaniancitizenship.com\/pt-pt\/wp-json\/wp\/v2\/media?parent=9686"}],"curies":[{"name":"wp","href":"https:\/\/api.w.org\/{rel}","templated":true}]}}